{"id":84009,"date":"2021-04-17T13:01:17","date_gmt":"2021-04-17T11:01:17","guid":{"rendered":"https:\/\/marcwiner.com\/?page_id=84009"},"modified":"2025-10-01T09:23:52","modified_gmt":"2025-10-01T07:23:52","slug":"sobre","status":"publish","type":"page","link":"https:\/\/marcwiner.com\/pt-br\/sobre\/","title":{"rendered":"Sobre Marc Winer"},"content":{"rendered":"\n<p><strong>Ol\u00e1! Seja muito bem-vindo ao meu blog!&nbsp;<\/strong><\/p>\n\n\n\n<p>\u00c9 um prazer ter voc\u00ea aqui! Eu me chamo Marc, <strong>viciado em comida<\/strong> (especialmente em alho) e completamente <strong>apaixonado por culin\u00e1ria<\/strong>. Sou <strong>criador de conte\u00fado gastron\u00f4mico<\/strong> h\u00e1 mais de tr\u00eas anos.<\/p>\n\n\n\n<figure class=\"wp-block-image aligncenter size-full\"><img loading=\"lazy\" decoding=\"async\" width=\"924\" height=\"1232\" src=\"https:\/\/marcwiner.com\/wp-content\/uploads\/2023\/10\/nouilles-de-lamour-moi-scaled.jpg\" alt=\"marc souriant avec des nouilles tenues entre deux baguettes en bois\" class=\"wp-image-10157\" title=\"\" srcset=\"https:\/\/marcwiner.com\/wp-content\/uploads\/2023\/10\/nouilles-de-lamour-moi-scaled.jpg 924w, https:\/\/marcwiner.com\/wp-content\/uploads\/2023\/10\/nouilles-de-lamour-moi-225x300.jpg 225w, https:\/\/marcwiner.com\/wp-content\/uploads\/2023\/10\/nouilles-de-lamour-moi-768x1024.jpg 768w, https:\/\/marcwiner.com\/wp-content\/uploads\/2023\/10\/nouilles-de-lamour-moi-750x1000.jpg 750w\" sizes=\"auto, (max-width: 924px) 100vw, 924px\" \/><\/figure>\n\n\n\n<p>Comecei na \u00e1rea de <strong>a economia<\/strong> e do <strong>com\u00e9rcio internacional<\/strong>, mas, assim que me formei, agarrei a chance de me dedicar em tempo integral \u00e0s minhas paix\u00f5es gastron\u00f4micas.<\/p>\n\n\n\n<p>Nada me empolga mais do que descobrir <strong>novos sabores ex\u00f3ticos<\/strong>. Considero a variedade de sabores poss\u00edveis na cozinha simplesmente fascinante e, sempre que encontro uma combina\u00e7\u00e3o deliciosa, corro para reproduzi-la e fazer com que <strong>meus leitores e todos ao meu redor<\/strong> tamb\u00e9m a aproveitem!&nbsp;<\/p>\n\n\n\n<p>Meus estudos <strong>intensivos<\/strong> despertaram em mim o amor por <strong>n\u00fameros, ci\u00eancia e rigor<\/strong>; por isso encaro <strong>cada receita como um experimento<\/strong>. De caderno na m\u00e3o, ajusto meticulosamente par\u00e2metros como tempero, tempo e intensidade de cozimento\u2026 at\u00e9 atingir <strong>a perfei\u00e7\u00e3o<\/strong> (pelo menos para o meu paladar).&nbsp;<\/p>\n\n\n\n<figure class=\"wp-block-image aligncenter size-full is-resized\"><img loading=\"lazy\" decoding=\"async\" src=\"https:\/\/marcwiner.com\/wp-content\/uploads\/2023\/10\/photo-de-moi-made-in-asia-final-scaled.jpg\" alt=\"Marc devant plein de nourriture asiatique au festival made in asia\" class=\"wp-image-10011\" width=\"750\" height=\"1125\" title=\"\" srcset=\"https:\/\/marcwiner.com\/wp-content\/uploads\/2023\/10\/photo-de-moi-made-in-asia-final-scaled.jpg 924w, https:\/\/marcwiner.com\/wp-content\/uploads\/2023\/10\/photo-de-moi-made-in-asia-final-200x300.jpg 200w, https:\/\/marcwiner.com\/wp-content\/uploads\/2023\/10\/photo-de-moi-made-in-asia-final-683x1024.jpg 683w, https:\/\/marcwiner.com\/wp-content\/uploads\/2023\/10\/photo-de-moi-made-in-asia-final-768x1152.jpg 768w, https:\/\/marcwiner.com\/wp-content\/uploads\/2023\/10\/photo-de-moi-made-in-asia-final-360x540.jpg 360w, https:\/\/marcwiner.com\/wp-content\/uploads\/2023\/10\/photo-de-moi-made-in-asia-final-720x1080.jpg 720w, https:\/\/marcwiner.com\/wp-content\/uploads\/2023\/10\/photo-de-moi-made-in-asia-final-750x1125.jpg 750w\" sizes=\"auto, (max-width: 750px) 100vw, 750px\" \/><\/figure>\n\n\n\n<p>\u00c0s vezes acerto logo de primeira, mas j\u00e1 cheguei a preparar o mesmo prato seis, sete, at\u00e9 oito vezes seguidas. Posso afirmar que praticamente todas as receitas do site foram <strong>rigorosamente testadas e aprimoradas<\/strong>.&nbsp;<\/p>\n\n\n\n<h3 class=\"wp-block-heading\">Minha trajet\u00f3ria<\/h3>\n\n\n\n<p>Moro na <strong>B\u00e9lgica<\/strong>, mas tenho <strong>origem franco-americana<\/strong>. Para equilibrar as calorias, pratico <strong>carat\u00ea<\/strong> h\u00e1 mais de vinte anos.<\/p>\n\n\n\n<figure class=\"wp-block-image aligncenter size-full\"><img loading=\"lazy\" decoding=\"async\" width=\"926\" height=\"924\" src=\"https:\/\/marcwiner.com\/wp-content\/uploads\/2023\/10\/karate-.jpg\" alt=\"photo de marc en kimono avec une m\u00e9daille\" class=\"wp-image-10168\" title=\"\" srcset=\"https:\/\/marcwiner.com\/wp-content\/uploads\/2023\/10\/karate-.jpg 926w, https:\/\/marcwiner.com\/wp-content\/uploads\/2023\/10\/karate--300x300.jpg 300w, https:\/\/marcwiner.com\/wp-content\/uploads\/2023\/10\/karate--150x150.jpg 150w, https:\/\/marcwiner.com\/wp-content\/uploads\/2023\/10\/karate--768x767.jpg 768w, https:\/\/marcwiner.com\/wp-content\/uploads\/2023\/10\/karate--500x500.jpg 500w, https:\/\/marcwiner.com\/wp-content\/uploads\/2023\/10\/karate--360x360.jpg 360w, https:\/\/marcwiner.com\/wp-content\/uploads\/2023\/10\/karate--750x749.jpg 750w, https:\/\/marcwiner.com\/wp-content\/uploads\/2023\/10\/karate--100x100.jpg 100w\" sizes=\"auto, (max-width: 926px) 100vw, 926px\" \/><figcaption class=\"wp-element-caption\">Foto tirada no campeonato dos Hauts-de-France em 2018, durante minha classifica\u00e7\u00e3o para o campeonato da Fran\u00e7a<\/figcaption><\/figure>\n\n\n\n<p>No come\u00e7o, cozinhar era apenas um <strong>meio para atingir um fim<\/strong>: comer. Quando crian\u00e7a, eu vivia inventando solu\u00e7\u00f5es para tudo, principalmente quando o assunto era guloseima. Sem balas no arm\u00e1rio? Sem problema: h\u00e1 a\u00e7\u00facar, ent\u00e3o \u00e9 s\u00f3 fazer caramelo! Her\u00f3i da minha tropa de irm\u00e3os nesses \u201ctempos de guerra\u201d, logo passei a suprir qualquer falta de mantimentos por instinto.<\/p>\n\n\n\n<p>Desde ent\u00e3o, minha paix\u00e3o pela culin\u00e1ria parte desse princ\u00edpio: reproduzir tudo de que gosto para <strong>torn\u00e1-lo acess\u00edvel<\/strong> sempre que der vontade!<\/p>\n\n\n\n<p>Com o tempo, sempre que provava um prato novo de que gostava, tentava recri\u00e1-lo em casa com a m\u00e1xima fidelidade. Tenho a sorte de visitar minha fam\u00edlia norte-americana em Nova York todos os anos; a cidade e seus bairros \u00e9tnicos foram (e continuam sendo) minhas maiores fontes de inspira\u00e7\u00e3o culin\u00e1ria. L\u00e1 voc\u00ea encontra de tudo: da <a href=\"https:\/\/marcwiner.com\/pt-br\/culinaria-chinesa\/\">culin\u00e1ria chinesa aut\u00eantica<\/a>, passando pela <a href=\"https:\/\/marcwiner.com\/pt-br\/a-cozinha-japonesa\/\">culin\u00e1ria japonesa<\/a>, at\u00e9 a <a href=\"https:\/\/marcwiner.com\/pt-br\/culinaria-coreana\/\">culin\u00e1ria coreana<\/a> e muito mais. Se for para l\u00e1, fique \u00e0 vontade para pedir recomenda\u00e7\u00f5es!<\/p>\n\n\n\n<h3 class=\"wp-block-heading\">A hist\u00f3ria do meu blog<\/h3>\n\n\n\n<p>Apesar de meus estudos serem puxados, meu <strong>amor pela cozinha<\/strong> nunca diminuiu. Muitas vezes, em dias intermin\u00e1veis na biblioteca da universidade, a expectativa do almo\u00e7o ou jantar que eu prepararia em casa era o que me motivava a continuar estudando.<\/p>\n\n\n\n<p><strong>Aperfei\u00e7oar receitas<\/strong> virou quase um projeto paralelo durante as provas; numa dessas fases, por exemplo, s\u00f3 comia varia\u00e7\u00f5es de okonomiyaki. Era r\u00e1pido, equilibrado e delicioso, e consegui <strong>variar de dezenas de maneiras<\/strong>.&nbsp;<\/p>\n\n\n\n<figure class=\"wp-block-image aligncenter size-full\"><img loading=\"lazy\" decoding=\"async\" width=\"924\" height=\"1232\" src=\"https:\/\/marcwiner.com\/wp-content\/uploads\/2023\/10\/pure-lifestyle-original-scaled.jpg\" alt=\"Marc mangeant du jambon en travaillant\" class=\"wp-image-10169\" title=\"\" srcset=\"https:\/\/marcwiner.com\/wp-content\/uploads\/2023\/10\/pure-lifestyle-original-scaled.jpg 924w, https:\/\/marcwiner.com\/wp-content\/uploads\/2023\/10\/pure-lifestyle-original-225x300.jpg 225w, https:\/\/marcwiner.com\/wp-content\/uploads\/2023\/10\/pure-lifestyle-original-768x1024.jpg 768w, https:\/\/marcwiner.com\/wp-content\/uploads\/2023\/10\/pure-lifestyle-original-750x1000.jpg 750w\" sizes=\"auto, (max-width: 924px) 100vw, 924px\" \/><figcaption class=\"wp-element-caption\">Ou ent\u00e3o saboreava um bom presunto ib\u00e9rico durante meu mestrado em Madri<\/figcaption><\/figure>\n\n\n\n<p>Nos dois \u00faltimos anos da faculdade de neg\u00f3cios, comecei a compartilhar minhas cria\u00e7\u00f5es nas redes sociais, especialmente no meu <a href=\"https:\/\/www.instagram.com\/marcwiner\/\" target=\"_blank\" rel=\"noopener\">Instagram<\/a>. Logo percebi que o formato n\u00e3o me satisfazia plenamente; eu queria um espa\u00e7o s\u00f3 meu para me expressar de verdade. Assim nasceu o <strong>marcwiner.com<\/strong>.<\/p>\n\n\n\n<p>Se voc\u00ea me acompanha h\u00e1 algum tempo, j\u00e1 deve ter notado que me aventurei tamb\u00e9m no <a href=\"https:\/\/www.youtube.com\/channel\/UCwqNchlodvWskh19Q-hf4uw\" target=\"_blank\" rel=\"noopener\">YouTube<\/a>, no <a href=\"https:\/\/www.tiktok.com\/@marcwiner?lang=fr\" target=\"_blank\" rel=\"noopener\">TikTok<\/a> e at\u00e9 no meu <a href=\"https:\/\/www.facebook.com\/groups\/314403600621638\" target=\"_blank\" rel=\"noopener\">grupo do Facebook<\/a>, que hoje re\u00fane quase 500 000 membros, todos unidos pela <strong>minha paix\u00e3o pela culin\u00e1ria asi\u00e1tica<\/strong>.&nbsp;<\/p>\n\n\n\n<p>Outro objetivo meu \u00e9 lutar contra o esquecimento culin\u00e1rio; com uma comunidade engajada, consigo dar visibilidade a receitas quase desconhecidas do grande p\u00fablico. E isso \u00e9 sensacional.<\/p>\n\n\n\n<p>Por fim, se voc\u00ea \u00e9 f\u00e3 de <strong>culin\u00e1ria asi\u00e1tica aut\u00eantica<\/strong>, explicada da maneira mais <strong>simples poss\u00edvel<\/strong> e, claro, <strong>extremamente saborosa<\/strong>, voc\u00ea est\u00e1 no lugar certo!<\/p>\n\n\n\n<h3 class=\"wp-block-heading\">Minha jornada culin\u00e1ria<\/h3>\n\n\n\n<p>Desde que lancei meu site, tive a oportunidade de participar de v\u00e1rios eventos gastron\u00f4micos incr\u00edveis:<\/p>\n\n\n\n<ul class=\"wp-block-list\">\n<li>Participei do <a href=\"https:\/\/www.instagram.com\/kotechine\/?hl=fr\" target=\"_blank\" rel=\"noopener\">Ko-\u00e9-Chine<\/a> durante meus anos em Louvain-la-Neuve, uma associa\u00e7\u00e3o estudantil especializada em cultura chinesa, onde organiz\u00e1vamos o Ano-Novo Chin\u00eas para mais de 300 pessoas<\/li>\n\n\n\n<li>Masterclass de ravi\u00f3li com o chef estrelado Giovanni Bruno em abril de 2022<\/li>\n\n\n\n<li>Encontrei-me e conversei v\u00e1rias vezes, em sua casa, com o chef tr\u00eas-estrelas David Martin em 2022 e 2023<\/li>\n\n\n\n<li>Conheci e troquei ideias com o chef estrelado San Degeimbre em junho de 2023<\/li>\n\n\n\n<li>Degustei e conversei com o mestre confeiteiro japon\u00eas <a href=\"https:\/\/www.patisserie-sasaki.be\/\" target=\"_blank\" rel=\"noopener\">Yasushi Sasaki<\/a> em mar\u00e7o de 2023<\/li>\n\n\n\n<li>Aprendi e aperfei\u00e7oei, com uma chef tailandesa local afiliada ao <a href=\"https:\/\/phuket.burasari.com\/\" target=\"_blank\" rel=\"noopener\">hotel Burasari<\/a>, na Tail\u00e2ndia, o preparo dos aut\u00eanticos <a href=\"https:\/\/marcwiner.com\/pt-br\/pad-thai\/\">Pad Thai<\/a> e <a href=\"https:\/\/marcwiner.com\/som-tam\/\">Som Tam<\/a><\/li>\n\n\n\n<li>Preparei e servi espetinhos em um night market tailand\u00eas durante minha viagem de 2023<\/li>\n\n\n\n<li>Aprendi t\u00e9cnicas culin\u00e1rias tradicionais com chefs turcos na fronteira com a S\u00edria em 2023<\/li>\n\n\n\n<li>Preparei panquecas japonesas no Made In Asia 2023<\/li>\n<\/ul>\n\n\n\n<figure class=\"wp-block-gallery has-nested-images columns-default is-cropped wp-block-gallery-1 is-layout-flex wp-block-gallery-is-layout-flex\">\n<figure class=\"wp-block-image size-full\"><img loading=\"lazy\" decoding=\"async\" width=\"924\" height=\"1232\" data-id=\"10166\" src=\"https:\/\/marcwiner.com\/wp-content\/uploads\/2023\/10\/sasaki.jpg\" alt=\"Chef P\u00e2tissier Sasaki\" class=\"wp-image-10166\" title=\"\" srcset=\"https:\/\/marcwiner.com\/wp-content\/uploads\/2023\/10\/sasaki.jpg 924w, https:\/\/marcwiner.com\/wp-content\/uploads\/2023\/10\/sasaki-225x300.jpg 225w, https:\/\/marcwiner.com\/wp-content\/uploads\/2023\/10\/sasaki-768x1024.jpg 768w, https:\/\/marcwiner.com\/wp-content\/uploads\/2023\/10\/sasaki-750x1000.jpg 750w\" sizes=\"auto, (max-width: 924px) 100vw, 924px\" \/><\/figure>\n\n\n\n<figure class=\"wp-block-image size-full\"><img loading=\"lazy\" decoding=\"async\" width=\"924\" height=\"1232\" data-id=\"10165\" src=\"https:\/\/marcwiner.com\/wp-content\/uploads\/2023\/10\/San-degeimbre-scaled.jpg\" alt=\"Chef San Degeimbre\" class=\"wp-image-10165\" title=\"\" srcset=\"https:\/\/marcwiner.com\/wp-content\/uploads\/2023\/10\/San-degeimbre-scaled.jpg 924w, https:\/\/marcwiner.com\/wp-content\/uploads\/2023\/10\/San-degeimbre-225x300.jpg 225w, https:\/\/marcwiner.com\/wp-content\/uploads\/2023\/10\/San-degeimbre-768x1024.jpg 768w, https:\/\/marcwiner.com\/wp-content\/uploads\/2023\/10\/San-degeimbre-750x1000.jpg 750w\" sizes=\"auto, (max-width: 924px) 100vw, 924px\" \/><\/figure>\n\n\n\n<figure class=\"wp-block-image size-full\"><img loading=\"lazy\" decoding=\"async\" width=\"1232\" height=\"924\" data-id=\"10163\" src=\"https:\/\/marcwiner.com\/wp-content\/uploads\/2023\/10\/nightmarket-brochettes-scaled.jpg\" alt=\"Brochettes au nightmarket de krabi\" class=\"wp-image-10163\" title=\"\" srcset=\"https:\/\/marcwiner.com\/wp-content\/uploads\/2023\/10\/nightmarket-brochettes-scaled.jpg 1232w, https:\/\/marcwiner.com\/wp-content\/uploads\/2023\/10\/nightmarket-brochettes-300x225.jpg 300w, https:\/\/marcwiner.com\/wp-content\/uploads\/2023\/10\/nightmarket-brochettes-1024x768.jpg 1024w, https:\/\/marcwiner.com\/wp-content\/uploads\/2023\/10\/nightmarket-brochettes-768x576.jpg 768w, https:\/\/marcwiner.com\/wp-content\/uploads\/2023\/10\/nightmarket-brochettes-500x375.jpg 500w, https:\/\/marcwiner.com\/wp-content\/uploads\/2023\/10\/nightmarket-brochettes-750x563.jpg 750w\" sizes=\"auto, (max-width: 1232px) 100vw, 1232px\" \/><\/figure>\n\n\n\n<figure class=\"wp-block-image size-full\"><img loading=\"lazy\" decoding=\"async\" width=\"924\" height=\"1386\" data-id=\"10164\" src=\"https:\/\/marcwiner.com\/wp-content\/uploads\/2023\/10\/pancakes-japonais-preparation-de-moi.jpg\" alt=\"R\u00e9alisation de pancakes japonais\" class=\"wp-image-10164\" title=\"\" srcset=\"https:\/\/marcwiner.com\/wp-content\/uploads\/2023\/10\/pancakes-japonais-preparation-de-moi.jpg 924w, https:\/\/marcwiner.com\/wp-content\/uploads\/2023\/10\/pancakes-japonais-preparation-de-moi-200x300.jpg 200w, https:\/\/marcwiner.com\/wp-content\/uploads\/2023\/10\/pancakes-japonais-preparation-de-moi-683x1024.jpg 683w, https:\/\/marcwiner.com\/wp-content\/uploads\/2023\/10\/pancakes-japonais-preparation-de-moi-768x1152.jpg 768w, https:\/\/marcwiner.com\/wp-content\/uploads\/2023\/10\/pancakes-japonais-preparation-de-moi-360x540.jpg 360w, https:\/\/marcwiner.com\/wp-content\/uploads\/2023\/10\/pancakes-japonais-preparation-de-moi-720x1080.jpg 720w, https:\/\/marcwiner.com\/wp-content\/uploads\/2023\/10\/pancakes-japonais-preparation-de-moi-750x1125.jpg 750w\" sizes=\"auto, (max-width: 924px) 100vw, 924px\" \/><\/figure>\n\n\n\n<figure class=\"wp-block-image size-full\"><img loading=\"lazy\" decoding=\"async\" width=\"924\" height=\"1232\" data-id=\"10159\" src=\"https:\/\/marcwiner.com\/wp-content\/uploads\/2023\/10\/cheffe-burasari-scaled.jpg\" alt=\"Cheffe en tha\u00eflande m&#039;apprenant le pad tha\u00ef\" class=\"wp-image-10159\" title=\"\" srcset=\"https:\/\/marcwiner.com\/wp-content\/uploads\/2023\/10\/cheffe-burasari-scaled.jpg 924w, https:\/\/marcwiner.com\/wp-content\/uploads\/2023\/10\/cheffe-burasari-225x300.jpg 225w, https:\/\/marcwiner.com\/wp-content\/uploads\/2023\/10\/cheffe-burasari-768x1024.jpg 768w, https:\/\/marcwiner.com\/wp-content\/uploads\/2023\/10\/cheffe-burasari-750x1000.jpg 750w\" sizes=\"auto, (max-width: 924px) 100vw, 924px\" \/><\/figure>\n\n\n\n<figure class=\"wp-block-image size-full\"><img loading=\"lazy\" decoding=\"async\" width=\"924\" height=\"1175\" data-id=\"10160\" src=\"https:\/\/marcwiner.com\/wp-content\/uploads\/2023\/10\/Giovanni-Bruno.jpg\" alt=\"Chef \u00e9toil\u00e9 Giovanni Bruno pr\u00e9parant des raviolis\" class=\"wp-image-10160\" title=\"\" srcset=\"https:\/\/marcwiner.com\/wp-content\/uploads\/2023\/10\/Giovanni-Bruno.jpg 924w, https:\/\/marcwiner.com\/wp-content\/uploads\/2023\/10\/Giovanni-Bruno-236x300.jpg 236w, https:\/\/marcwiner.com\/wp-content\/uploads\/2023\/10\/Giovanni-Bruno-805x1024.jpg 805w, https:\/\/marcwiner.com\/wp-content\/uploads\/2023\/10\/Giovanni-Bruno-768x976.jpg 768w, https:\/\/marcwiner.com\/wp-content\/uploads\/2023\/10\/Giovanni-Bruno-750x954.jpg 750w\" sizes=\"auto, (max-width: 924px) 100vw, 924px\" \/><\/figure>\n\n\n\n<figure class=\"wp-block-image size-full\"><img loading=\"lazy\" decoding=\"async\" width=\"924\" height=\"1232\" data-id=\"10158\" src=\"https:\/\/marcwiner.com\/wp-content\/uploads\/2023\/10\/Chef-turc-scaled.jpg\" alt=\"chef turc et Marc\" class=\"wp-image-10158\" title=\"\" srcset=\"https:\/\/marcwiner.com\/wp-content\/uploads\/2023\/10\/Chef-turc-scaled.jpg 924w, https:\/\/marcwiner.com\/wp-content\/uploads\/2023\/10\/Chef-turc-225x300.jpg 225w, https:\/\/marcwiner.com\/wp-content\/uploads\/2023\/10\/Chef-turc-768x1024.jpg 768w, https:\/\/marcwiner.com\/wp-content\/uploads\/2023\/10\/Chef-turc-750x1000.jpg 750w\" sizes=\"auto, (max-width: 924px) 100vw, 924px\" \/><\/figure>\n<\/figure>\n\n\n\n<h3 class=\"wp-block-heading\">Minha forma\u00e7\u00e3o<\/h3>\n\n\n\n<p><strong>Bacharel em Economia e Gest\u00e3o <\/strong>&#8211; <a href=\"https:\/\/uclouvain.be\/fr\/index.html\" target=\"_blank\" rel=\"noopener\">UCLouvain<\/a> &#8211; Louvain-la-Neuve, B\u00e9lgica<\/p>\n\n\n\n<p><strong>Mestrado em Management, especialidade em Com\u00e9rcio Internacional<\/strong> &#8211; <a href=\"https:\/\/www.ie.edu\/business-school\/\" target=\"_blank\" rel=\"noopener\">IE Business School<\/a> &#8211; Madri, Espanha<\/p>\n\n\n\n<figure class=\"wp-block-image aligncenter size-full\"><img loading=\"lazy\" decoding=\"async\" width=\"1084\" height=\"1084\" src=\"https:\/\/marcwiner.com\/wp-content\/uploads\/2023\/10\/graduation-ie-business-school-vrai.webp\" alt=\"marc \u00e0 la graduation de l&#039;ie business school\" class=\"wp-image-10161\" title=\"\" srcset=\"https:\/\/marcwiner.com\/wp-content\/uploads\/2023\/10\/graduation-ie-business-school-vrai.webp 1084w, https:\/\/marcwiner.com\/wp-content\/uploads\/2023\/10\/graduation-ie-business-school-vrai-300x300.webp 300w, https:\/\/marcwiner.com\/wp-content\/uploads\/2023\/10\/graduation-ie-business-school-vrai-1024x1024.webp 1024w, https:\/\/marcwiner.com\/wp-content\/uploads\/2023\/10\/graduation-ie-business-school-vrai-150x150.webp 150w, https:\/\/marcwiner.com\/wp-content\/uploads\/2023\/10\/graduation-ie-business-school-vrai-768x768.webp 768w, https:\/\/marcwiner.com\/wp-content\/uploads\/2023\/10\/graduation-ie-business-school-vrai-500x500.webp 500w, https:\/\/marcwiner.com\/wp-content\/uploads\/2023\/10\/graduation-ie-business-school-vrai-360x360.webp 360w, https:\/\/marcwiner.com\/wp-content\/uploads\/2023\/10\/graduation-ie-business-school-vrai-750x750.webp 750w, https:\/\/marcwiner.com\/wp-content\/uploads\/2023\/10\/graduation-ie-business-school-vrai-100x100.webp 100w\" sizes=\"auto, (max-width: 1084px) 100vw, 1084px\" \/><\/figure>\n\n\n\n<h3 class=\"wp-block-heading\">Entrevistas e imprensa<\/h3>\n\n\n\n<ul class=\"wp-block-list\">\n<li><a href=\"https:\/\/www.madeinasia.be\/fr\/retrouvez-vos-plats-asiatiques-favoris-du-festival-sur-le-site-de-marc-winer\/\" target=\"_blank\" rel=\"noopener\">Made In Asia<\/a><\/li>\n\n\n\n<li><a href=\"https:\/\/www.lesoir.be\/509928\/article\/2023-04-27\/les-rouleaux-de-printemps-nattendent-que-le-beau-temps\" target=\"_blank\" rel=\"noopener\">Le Soir &#8211; Sobre os rolinhos primavera<\/a><\/li>\n\n\n\n<li><a href=\"https:\/\/www.sudinfo.be\/art\/906826\/article\/2022-02-13\/tournai-les-recettes-allechantes-de-marc-winer-cartonnent-sur-internet\" target=\"_blank\" rel=\"noopener\">Sudinfo &#8211; As receitas de Marc Winer fazem sucesso na Internet<\/a><\/li>\n\n\n\n<li><a href=\"https:\/\/www.madmoizelle.com\/3-comptes-instagram-de-recettes-qui-vont-regaler-vos-papilles-1448635\" target=\"_blank\" rel=\"noopener\">Madmoizelle &#8211; 3 contas do Instagram que v\u00e3o deliciar seu paladar<\/a><\/li>\n\n\n\n<li><a href=\"https:\/\/soirmag.lesoir.be\/463456\/article\/2022-09-05\/rumsteak-jarret-filet-onglet-araignee-poitrine-tout-se-mange-aussi-dans-le-boeuf\" target=\"_blank\" rel=\"noopener\">Le Soir &#8211; Sobre a carne bovina<\/a><\/li>\n\n\n\n<li><a href=\"https:\/\/www.notele.be\/it61-media110392-vu-du-web-les-pompiers-plongeurs-de-wallonie-picarde-les-codes-du-theatre-pour-les-enfants-et-les-recettes-de-marc-winer.html\" target=\"_blank\" rel=\"noopener\">Not\u00e9l\u00e9 &#8211; Visto na Web &#8211; As receitas de Marc Winer<\/a><\/li>\n\n\n\n<li><a href=\"https:\/\/sosoir.lesoir.be\/618156\/article\/2024-08-26\/pourquoi-de-plus-en-plus-de-restos-proposent-ils-cette-specialite-asiatique\" target=\"_blank\" rel=\"noopener\">Sosoir &#8211; Sobre o frango frito asi\u00e1tico<\/a><\/li>\n<\/ul>\n\n\n\n<h3 class=\"wp-block-heading\">M\u00eddias digitais e colegas blogueiros<\/h3>\n\n\n\n<p><a href=\"https:\/\/lestresorsdelavie.phonghg.fr\/2023\/05\/30\/site-de-cuisine-de-marc-winer\/\" target=\"_blank\" rel=\"noopener\">Site de culin\u00e1ria de Marc Winer &#8211; Os tesouros da vida<\/a><\/p>\n\n\n\n<p><a href=\"https:\/\/mafiarose.com\/marc-winer-sake-manger-la-cuisine-asiatique-simplifie\/\" target=\"_blank\" rel=\"noopener\">Marc Winer, saqu\u00ea, comer! A culin\u00e1ria asi\u00e1tica simplificada &#8211; Mafia Rose<\/a><\/p>\n\n\n\n<p><a href=\"http:\/\/valeriepassioncuisine.over-blog.com\/2023\/03\/tteokbokki-au-poulet-et-legumes-sauce-epicee.html\" rel=\"nofollow noopener\" target=\"_blank\">Tteokbokki &#8211; Val\u00e9rie Passion Cuisine<\/a><\/p>\n","protected":false},"excerpt":{"rendered":"<p>Ol\u00e1! Seja muito bem-vindo ao meu blog!&nbsp; \u00c9 um prazer ter voc\u00ea aqui! Eu me chamo Marc, viciado em comida (especialmente em alho) e completamente apaixonado por culin\u00e1ria. Sou criador de conte\u00fado gastron\u00f4mico h\u00e1 mais de tr\u00eas anos. Comecei na \u00e1rea de a economia e do com\u00e9rcio internacional, mas, assim [&hellip;]<\/p>\n","protected":false},"author":1,"featured_media":51673,"parent":0,"menu_order":0,"comment_status":"closed","ping_status":"closed","template":"","meta":{"_acf_changed":false,"wprm-recipe-roundup-name":"","wprm-recipe-roundup-description":"","wpupg_custom_link":[],"wpupg_custom_link_behaviour":[],"wpupg_custom_link_nofollow":[],"wpupg_custom_image":[],"wpupg_custom_image_id":[],"footnotes":""},"class_list":["post-84009","page","type-page","status-publish","has-post-thumbnail","hentry"],"acf":[],"memberpress":{"is_locked":false},"_links":{"self":[{"href":"https:\/\/marcwiner.com\/pt-br\/wp-json\/wp\/v2\/pages\/84009","targetHints":{"allow":["GET"]}}],"collection":[{"href":"https:\/\/marcwiner.com\/pt-br\/wp-json\/wp\/v2\/pages"}],"about":[{"href":"https:\/\/marcwiner.com\/pt-br\/wp-json\/wp\/v2\/types\/page"}],"author":[{"embeddable":true,"href":"https:\/\/marcwiner.com\/pt-br\/wp-json\/wp\/v2\/users\/1"}],"replies":[{"embeddable":true,"href":"https:\/\/marcwiner.com\/pt-br\/wp-json\/wp\/v2\/comments?post=84009"}],"version-history":[{"count":3,"href":"https:\/\/marcwiner.com\/pt-br\/wp-json\/wp\/v2\/pages\/84009\/revisions"}],"predecessor-version":[{"id":88594,"href":"https:\/\/marcwiner.com\/pt-br\/wp-json\/wp\/v2\/pages\/84009\/revisions\/88594"}],"wp:featuredmedia":[{"embeddable":true,"href":"https:\/\/marcwiner.com\/pt-br\/wp-json\/wp\/v2\/media\/51673"}],"wp:attachment":[{"href":"https:\/\/marcwiner.com\/pt-br\/wp-json\/wp\/v2\/media?parent=84009"}],"curies":[{"name":"wp","href":"https:\/\/api.w.org\/{rel}","templated":true}]}}