{"id":43687,"date":"2022-09-20T11:09:16","date_gmt":"2022-09-20T09:09:16","guid":{"rendered":"https:\/\/marcwiner.com\/?page_id=43687"},"modified":"2025-07-02T08:32:53","modified_gmt":"2025-07-02T06:32:53","slug":"kontakt-no","status":"publish","type":"page","link":"https:\/\/marcwiner.com\/no\/kontakt-no\/","title":{"rendered":"Kontakt"},"content":{"rendered":"\n<p>Du kan n\u00e5 oss p\u00e5 f\u00f8lgende m\u00e5ter:<\/p>\n\n\n\n<ul class=\"wp-block-list\">\n<li><strong>Partnerskap via e-post:<\/strong> partenariats@marcwiner.com <\/li>\n\n\n\n<li><strong>Kulinariske sp\u00f8rsm\u00e5l:<\/strong> recettes@marcwiner.com <\/li>\n\n\n\n<li><strong>Instagram:<\/strong> <a href=\"http:\/\/www.instagram.com\/marcwiner\/\" target=\"_blank\" rel=\"noreferrer noopener\">@marcwiner<\/a><\/li>\n<\/ul>\n\n\n\n<h2 class=\"wp-block-heading\">Tjenester vi tilbyr<\/h2>\n\n\n\n<h3 class=\"wp-block-heading\">Synlighet for merkevaren din<\/h3>\n\n\n\n<p>Oppdag en unik mulighet til \u00e5 l\u00f8fte merkevaren din p\u00e5 marcwiner.com, det st\u00f8rste franskspr\u00e5klige nettstedet om asiatisk mat, med mer enn 700 000 bes\u00f8k hver m\u00e5ned.<\/p>\n\n\n\n<p><strong>For oss er kvalitet alfa og omega, og vi velger n\u00f8ye hvilke merker vi samarbeider med. I gjennomsnitt takker vi nei til 8 av 10 foresp\u00f8rsler.<\/strong> F\u00e5 direkte kontakt med v\u00e5rt engasjerte fellesskap p\u00e5 75 000 nyhetsbrevabonnenter og det enorme publikummet p\u00e5 600 000 medlemmer i Facebook-gruppen v\u00e5r.<\/p>\n\n\n\n<p>F\u00e5 i tillegg bred eksponering i v\u00e5re sosiale kanaler Instagram, TikTok, Pinterest og Facebook, der titusenvis f\u00f8lger oss. <a href=\"mailto:partenariats@marcwiner.com\">Kontakt oss<\/a> i dag, s\u00e5 ser vi p\u00e5 hvordan vi kan l\u00f8fte merkevaren din for v\u00e5rt publikum. <\/p>\n\n\n\n<h3 class=\"wp-block-heading\">SEO-r\u00e5dgivning<\/h3>\n\n\n\n<p>Marcwiner.com er et skoleeksempel p\u00e5 hva man kan oppn\u00e5 med organisk s\u00f8k. P\u00e5 bare tre \u00e5r gikk vi fra total anonymitet til mer enn 500 000 organiske bes\u00f8k hver m\u00e5ned. Det skyldes b\u00e5de smakfulle oppskrifter og solid SEO-kompetanse. Siden fungerer som v\u00e5r lekegrind, der vi hele tiden pr\u00f8ver ut nye strategier som kundene v\u00e5re senere drar nytte av.<\/p>\n\n\n\n<p>Med denne erfaringen tilbyr vi n\u00e5 r\u00e5dgivning som hjelper andre merker og nettsteder \u00e5 n\u00e5 samme niv\u00e5. V\u00e5r skreddersydde SEO-tiln\u00e6rming omfatter grundige analyser, teknisk optimalisering, innholdsproduksjon og kontinuerlig tilpasning til de siste trendene og algoritmene.<\/p>\n\n\n\n<p>Velger du v\u00e5re SEO-tjenester, f\u00e5r du tilgang til velpr\u00f8vde strategier og dokumentert kompetanse som gir merkbar vekst i organisk trafikk og synlighet i din bransje. Interessert? Bes\u00f8k nettsiden til v\u00e5rt <a href=\"https:\/\/maccus.fr\/\" target=\"_blank\" rel=\"noopener\">markedsf\u00f8ringsbyr\u00e5 i Tournai<\/a> og ta kontakt med v\u00e5r <a href=\"https:\/\/maccus.fr\/seo\/\" target=\"_blank\" rel=\"noopener\">SEO-avdeling<\/a><\/p>\n\n\n\n<h3 class=\"wp-block-heading\">Blogg-coaching<\/h3>\n\n\n\n<p>Vil du leve av matlidenskapen din uten \u00e5 v\u00e6re prisgitt ustabile sosiale medier? Kanskje har du allerede en nettside, men er usikker p\u00e5 om den henter ut sitt fulle potensial i inntekt, teknisk oppsett eller SEO? <\/p>\n\n\n\n<p>Ikke vent, <a href=\"mailto:blogueurs@marcwiner.com\">ta kontakt<\/a> i dag. Jeg deler gjerne min ekspertise for \u00e5 f\u00e5 nettsiden din til \u00e5 yte sitt beste. Sammen l\u00f8fter vi din kulinariske lidenskap til nye h\u00f8yder. Ingen tomme kurs eller annen infopren\u00f8r-bullsh*t, bare konkrete grep og m\u00e5lbare resultater<\/p>\n","protected":false},"excerpt":{"rendered":"<p>Du kan n\u00e5 oss p\u00e5 f\u00f8lgende m\u00e5ter: Tjenester vi tilbyr Synlighet for merkevaren din Oppdag en unik mulighet til \u00e5 l\u00f8fte merkevaren din p\u00e5 marcwiner.com, det st\u00f8rste franskspr\u00e5klige nettstedet om asiatisk mat, med mer enn 700 000 bes\u00f8k hver m\u00e5ned. For oss er kvalitet alfa og omega, og vi velger [&hellip;]<\/p>\n","protected":false},"author":1,"featured_media":0,"parent":0,"menu_order":0,"comment_status":"closed","ping_status":"closed","template":"","meta":{"_acf_changed":false,"wprm-recipe-roundup-name":"","wprm-recipe-roundup-description":"","wpupg_custom_link":[],"wpupg_custom_link_behaviour":[],"wpupg_custom_link_nofollow":[],"wpupg_custom_image":[],"wpupg_custom_image_id":[],"footnotes":""},"class_list":["post-43687","page","type-page","status-publish","hentry"],"acf":[],"memberpress":{"is_locked":false},"_links":{"self":[{"href":"https:\/\/marcwiner.com\/no\/wp-json\/wp\/v2\/pages\/43687","targetHints":{"allow":["GET"]}}],"collection":[{"href":"https:\/\/marcwiner.com\/no\/wp-json\/wp\/v2\/pages"}],"about":[{"href":"https:\/\/marcwiner.com\/no\/wp-json\/wp\/v2\/types\/page"}],"author":[{"embeddable":true,"href":"https:\/\/marcwiner.com\/no\/wp-json\/wp\/v2\/users\/1"}],"replies":[{"embeddable":true,"href":"https:\/\/marcwiner.com\/no\/wp-json\/wp\/v2\/comments?post=43687"}],"version-history":[{"count":0,"href":"https:\/\/marcwiner.com\/no\/wp-json\/wp\/v2\/pages\/43687\/revisions"}],"wp:attachment":[{"href":"https:\/\/marcwiner.com\/no\/wp-json\/wp\/v2\/media?parent=43687"}],"curies":[{"name":"wp","href":"https:\/\/api.w.org\/{rel}","templated":true}]}}