{"id":35863,"date":"2021-04-17T13:01:17","date_gmt":"2021-04-17T11:01:17","guid":{"rendered":"https:\/\/marcwiner.com\/?page_id=35863"},"modified":"2025-06-19T16:26:58","modified_gmt":"2025-06-19T14:26:58","slug":"over-marc-winer","status":"publish","type":"page","link":"https:\/\/marcwiner.com\/nl\/over-marc-winer\/","title":{"rendered":"Over Marc Winer"},"content":{"rendered":"\n<p><strong>Hoi daar ! Welkom op mijn blog !&nbsp;<\/strong><\/p>\n\n\n\n<p>Leuk dat je er bent. Ik ben Marc, <strong>verslaafd aan eten<\/strong> (vooral aan knoflook) en een echte <strong>foodie<\/strong>. Al meer dan drie jaar maak ik <strong>culinaire content<\/strong>.<\/p>\n\n\n\n<figure class=\"wp-block-image aligncenter size-full\"><img loading=\"lazy\" decoding=\"async\" width=\"924\" height=\"1232\" src=\"https:\/\/marcwiner.com\/wp-content\/uploads\/2023\/10\/nouilles-de-lamour-moi-scaled.jpg\" alt=\"marc souriant avec des nouilles tenues entre deux baguettes en bois\" class=\"wp-image-10157\" title=\"\" srcset=\"https:\/\/marcwiner.com\/wp-content\/uploads\/2023\/10\/nouilles-de-lamour-moi-scaled.jpg 924w, https:\/\/marcwiner.com\/wp-content\/uploads\/2023\/10\/nouilles-de-lamour-moi-225x300.jpg 225w, https:\/\/marcwiner.com\/wp-content\/uploads\/2023\/10\/nouilles-de-lamour-moi-768x1024.jpg 768w, https:\/\/marcwiner.com\/wp-content\/uploads\/2023\/10\/nouilles-de-lamour-moi-750x1000.jpg 750w\" sizes=\"auto, (max-width: 924px) 100vw, 924px\" \/><\/figure>\n\n\n\n<p>Oorspronkelijk studeerde ik <strong>economie<\/strong> en <strong>internationale handel<\/strong>, maar zodra ik mijn diploma op zak had, greep ik de kans om me fulltime aan mijn passie voor smaak te wijden.<\/p>\n\n\n\n<p>Niets vind ik leuker dan het ontdekken van <strong>nieuwe exotische smaken<\/strong>. De enorme variatie aan smaken in de keuken fascineert me, en zodra ik een verrukkelijke nieuwe combinatie ontdek, probeer ik die meteen na te maken zodat <strong>mijn lezers en al mijn dierbaren<\/strong> ervan kunnen genieten !&nbsp;<\/p>\n\n\n\n<p>Mijn <strong>intensieve<\/strong> studies hebben me een liefde voor <strong>cijfers, wetenschap en nauwkeurigheid<\/strong> bijgebracht; ik benader <strong>elk recept als een experiment<\/strong>. Gewapend met een notitieblok stel ik minutieus parameters bij, zoals kruiden, tijd of bakintensiteit, &#8230; totdat ik <strong>perfectie<\/strong> bereik (althans volgens mijn smaak).&nbsp;<\/p>\n\n\n\n<figure class=\"wp-block-image aligncenter size-full is-resized\"><img loading=\"lazy\" decoding=\"async\" src=\"https:\/\/marcwiner.com\/wp-content\/uploads\/2023\/10\/photo-de-moi-made-in-asia-final-scaled.jpg\" alt=\"Marc devant plein de nourriture asiatique au festival made in asia\" class=\"wp-image-10011\" width=\"750\" height=\"1125\" title=\"\" srcset=\"https:\/\/marcwiner.com\/wp-content\/uploads\/2023\/10\/photo-de-moi-made-in-asia-final-scaled.jpg 924w, https:\/\/marcwiner.com\/wp-content\/uploads\/2023\/10\/photo-de-moi-made-in-asia-final-200x300.jpg 200w, https:\/\/marcwiner.com\/wp-content\/uploads\/2023\/10\/photo-de-moi-made-in-asia-final-683x1024.jpg 683w, https:\/\/marcwiner.com\/wp-content\/uploads\/2023\/10\/photo-de-moi-made-in-asia-final-768x1152.jpg 768w, https:\/\/marcwiner.com\/wp-content\/uploads\/2023\/10\/photo-de-moi-made-in-asia-final-360x540.jpg 360w, https:\/\/marcwiner.com\/wp-content\/uploads\/2023\/10\/photo-de-moi-made-in-asia-final-720x1080.jpg 720w, https:\/\/marcwiner.com\/wp-content\/uploads\/2023\/10\/photo-de-moi-made-in-asia-final-750x1125.jpg 750w\" sizes=\"auto, (max-width: 750px) 100vw, 750px\" \/><\/figure>\n\n\n\n<p>Soms lukt het in \u00e9\u00e9n keer, maar het komt voor dat ik hetzelfde gerecht zes, zeven of acht keer achter elkaar maak. Daarom kan ik verzekeren dat nagenoeg alle recepten op mijn site <strong>rigoureus getest en verfijnd<\/strong> zijn.&nbsp;<\/p>\n\n\n\n<h3 class=\"wp-block-heading\">Mijn achtergrond<\/h3>\n\n\n\n<p>Ik woon in <strong>Belgi\u00eb<\/strong>, maar ik heb <strong>Frans-Amerikaanse<\/strong> roots. Om al die calorie\u00ebn te compenseren beoefen ik al meer dan twintig jaar <strong>karate<\/strong>.<\/p>\n\n\n\n<figure class=\"wp-block-image aligncenter size-full\"><img loading=\"lazy\" decoding=\"async\" width=\"926\" height=\"924\" src=\"https:\/\/marcwiner.com\/wp-content\/uploads\/2023\/10\/karate-.jpg\" alt=\"photo de marc en kimono avec une m\u00e9daille\" class=\"wp-image-10168\" title=\"\" srcset=\"https:\/\/marcwiner.com\/wp-content\/uploads\/2023\/10\/karate-.jpg 926w, https:\/\/marcwiner.com\/wp-content\/uploads\/2023\/10\/karate--300x300.jpg 300w, https:\/\/marcwiner.com\/wp-content\/uploads\/2023\/10\/karate--150x150.jpg 150w, https:\/\/marcwiner.com\/wp-content\/uploads\/2023\/10\/karate--768x767.jpg 768w, https:\/\/marcwiner.com\/wp-content\/uploads\/2023\/10\/karate--500x500.jpg 500w, https:\/\/marcwiner.com\/wp-content\/uploads\/2023\/10\/karate--360x360.jpg 360w, https:\/\/marcwiner.com\/wp-content\/uploads\/2023\/10\/karate--750x749.jpg 750w, https:\/\/marcwiner.com\/wp-content\/uploads\/2023\/10\/karate--100x100.jpg 100w\" sizes=\"auto, (max-width: 926px) 100vw, 926px\" \/><figcaption class=\"wp-element-caption\">Foto tijdens het kampioenschap Hauts-de-France 2018, waar ik me kwalificeerde voor het Franse kampioenschap<\/figcaption><\/figure>\n\n\n\n<p>In het begin was koken voor mij slechts een <strong>middel met maar \u00e9\u00e9n doel<\/strong> : eten. Als kind vond ik altijd een oplossing, vooral als het om snoep ging. Geen snoep meer in de kast ? Geen probleem, suiker is er, dus maken we karamel ! Held van mijn broers en zussen in deze tijden van schaarste, werd het al snel een reflex om elk voedseltekort op te lossen !<\/p>\n\n\n\n<p>Zo is mijn passie voor koken altijd gebaseerd geweest op het idee om alles wat ik lekker vond na te maken, zodat het <strong>naar believen toegankelijk<\/strong> bleef !<\/p>\n\n\n\n<p>Vervolgens probeerde ik, zodra ik een nieuw gerecht proefde en het lekker vond, het zo getrouw mogelijk thuis na te maken. Ik heb het geluk elk jaar mijn Amerikaanse familie in de buurt van New York te bezoeken; deze stad en haar etnische wijken zijn (en blijven) mijn grootste culinaire inspiratiebron. Je vindt er van alles: van <a href=\"https:\/\/marcwiner.com\/nl\/de-chinese-keuken-nl\/\">authentieke Chinese keuken<\/a> tot <a href=\"https:\/\/marcwiner.com\/nl\/de-japanse-keuken-nl\/\">Japanse keuken<\/a> en <a href=\"https:\/\/marcwiner.com\/nl\/de-koreaanse-keuken-nl\/\">Koreaanse keuken <\/a>en alles daartussenin. Vraag me gerust om aanbevelingen als je erheen gaat.<\/p>\n\n\n\n<h3 class=\"wp-block-heading\">Het verhaal van mijn blog<\/h3>\n\n\n\n<p>Ondanks mijn soms pittige studies is mijn <strong>liefde voor koken<\/strong> nooit verdwenen. Sterker nog, tijdens lange dagen in de universiteitsbibliotheek hield de gedachte aan wat ik &#8217;s middags of &#8217;s avonds thuis zou klaarmaken me gemotiveerd.<\/p>\n\n\n\n<p><strong>Recepten perfectioneren<\/strong> werd zelfs een soort bijproject tijdens mijn tentamens; zo at ik tijdens \u00e9\u00e9n periode uitsluitend verschillende soorten okonomiyaki. Het was snel, evenwichtig en heerlijk en ik liet het <strong>op tientallen manieren vari\u00ebren<\/strong>.&nbsp;<\/p>\n\n\n\n<figure class=\"wp-block-image aligncenter size-full\"><img loading=\"lazy\" decoding=\"async\" width=\"924\" height=\"1232\" src=\"https:\/\/marcwiner.com\/wp-content\/uploads\/2023\/10\/pure-lifestyle-original-scaled.jpg\" alt=\"Marc mangeant du jambon en travaillant\" class=\"wp-image-10169\" title=\"\" srcset=\"https:\/\/marcwiner.com\/wp-content\/uploads\/2023\/10\/pure-lifestyle-original-scaled.jpg 924w, https:\/\/marcwiner.com\/wp-content\/uploads\/2023\/10\/pure-lifestyle-original-225x300.jpg 225w, https:\/\/marcwiner.com\/wp-content\/uploads\/2023\/10\/pure-lifestyle-original-768x1024.jpg 768w, https:\/\/marcwiner.com\/wp-content\/uploads\/2023\/10\/pure-lifestyle-original-750x1000.jpg 750w\" sizes=\"auto, (max-width: 924px) 100vw, 924px\" \/><figcaption class=\"wp-element-caption\">Of een lekker stukje Ib\u00e9rico-ham tijdens mijn master in Madrid<\/figcaption><\/figure>\n\n\n\n<p>Tijdens mijn laatste twee studiejaren aan de business school begon ik mijn eten te delen op sociale media, vooral op mijn <a href=\"https:\/\/www.instagram.com\/marcwiner\/\" target=\"_blank\" rel=\"noopener\">Instagram<\/a>-account. Al snel vond ik dat wat vermoeiend; het format lag me niet helemaal en ik wilde een eigen plek waar ik me echt kon uiten. Zo werd <strong>marcwiner.com<\/strong> geboren.<\/p>\n\n\n\n<p>Als je me al een tijdje volgt, weet je dat ik inmiddels ook actief ben op <a href=\"https:\/\/www.youtube.com\/channel\/UCwqNchlodvWskh19Q-hf4uw\" target=\"_blank\" rel=\"noopener\">YouTube<\/a>, <a href=\"https:\/\/www.tiktok.com\/@marcwiner?lang=fr\" target=\"_blank\" rel=\"noopener\">Tiktok<\/a> en in mijn <a href=\"https:\/\/www.facebook.com\/groups\/314403600621638\" target=\"_blank\" rel=\"noopener\">Facebook-groep<\/a>, die nu bijna 500 000 leden telt, allemaal met <strong>dezelfde passie voor Aziatische keuken<\/strong>.&nbsp;<\/p>\n\n\n\n<p>Ik wil ook strijden tegen culinair vergeten; dankzij een toegewijde community kan ik nu zelfs bijna onbekende recepten onder de aandacht van het grote publiek brengen. En dat vind ik geweldig.<\/p>\n\n\n\n<p>Kortom, als je houdt van <strong>authentieke Aziatische keuken<\/strong>, uitgelegd op de <strong>eenvoudigst mogelijke<\/strong> en <strong>overheerlijk<\/strong>e manier, dan ben je hier aan het juiste adres !<\/p>\n\n\n\n<h3 class=\"wp-block-heading\">Mijn culinaire reis<\/h3>\n\n\n\n<p>Sinds de lancering van mijn site heb ik aan tal van geweldige food-events kunnen deelnemen :<\/p>\n\n\n\n<ul class=\"wp-block-list\">\n<li>Lid van <a href=\"https:\/\/www.instagram.com\/kotechine\/ ?hl=fr\" target=\"_blank\" rel=\"noopener\">ko-\u00e9-chine<\/a> tijdens mijn jaren in Louvain-la-Neuve, een studentenvereniging rond Chinese cultuur; we organiseerden het Chinees Nieuwjaar voor meer dan 300 mensen<\/li>\n\n\n\n<li>Masterclass ravioli met sterrenchef Giovanni Bruno in april 2022<\/li>\n\n\n\n<li>Meerdere ontmoetingen en gesprekken met driesterrenchef David Martin in 2022 en 2023<\/li>\n\n\n\n<li>Ontmoeting en uitwisseling met sterrenchef San Degeimbre in juni 2023<\/li>\n\n\n\n<li>Geproefd en gepraat met de Japanse meester-patissier <a href=\"https:\/\/www.patisserie-sasaki.be\/\" target=\"_blank\" rel=\"noopener\">Yasushi Sasaki<\/a> in maart 2023<\/li>\n\n\n\n<li>Geleerd en geperfectioneerd bij een lokale Thaise chef verbonden aan het <a href=\"https:\/\/phuket.burasari.com\/\" target=\"_blank\" rel=\"noopener\">Burasari-hotel<\/a> in Thailand om echte <a href=\"https:\/\/marcwiner.com\/nl\/pad-thai\/\">Pad Thai<\/a> en <a href=\"https:\/\/marcwiner.com\/nl\/som-tam\/\">Som tam<\/a> te maken<\/li>\n\n\n\n<li>Sat\u00e9s bereid en geserveerd op een Thaise night market tijdens mijn reis in 2023<\/li>\n\n\n\n<li>Traditionele kooktechnieken geleerd van Turkse chefs aan de Syrische grens in 2023<\/li>\n\n\n\n<li>Japanse pannenkoeken gebakken tijdens Made In Asia 2023<\/li>\n<\/ul>\n\n\n\n<figure class=\"wp-block-gallery has-nested-images columns-default is-cropped wp-block-gallery-1 is-layout-flex wp-block-gallery-is-layout-flex\">\n<figure class=\"wp-block-image size-full\"><img loading=\"lazy\" decoding=\"async\" width=\"924\" height=\"1232\" data-id=\"10166\" src=\"https:\/\/marcwiner.com\/wp-content\/uploads\/2023\/10\/sasaki.jpg\" alt=\"Chef P\u00e2tissier Sasaki\" class=\"wp-image-10166\" title=\"\" srcset=\"https:\/\/marcwiner.com\/wp-content\/uploads\/2023\/10\/sasaki.jpg 924w, https:\/\/marcwiner.com\/wp-content\/uploads\/2023\/10\/sasaki-225x300.jpg 225w, https:\/\/marcwiner.com\/wp-content\/uploads\/2023\/10\/sasaki-768x1024.jpg 768w, https:\/\/marcwiner.com\/wp-content\/uploads\/2023\/10\/sasaki-750x1000.jpg 750w\" sizes=\"auto, (max-width: 924px) 100vw, 924px\" \/><\/figure>\n\n\n\n<figure class=\"wp-block-image size-full\"><img loading=\"lazy\" decoding=\"async\" width=\"924\" height=\"1232\" data-id=\"10165\" src=\"https:\/\/marcwiner.com\/wp-content\/uploads\/2023\/10\/San-degeimbre-scaled.jpg\" alt=\"Chef San Degeimbre\" class=\"wp-image-10165\" title=\"\" srcset=\"https:\/\/marcwiner.com\/wp-content\/uploads\/2023\/10\/San-degeimbre-scaled.jpg 924w, https:\/\/marcwiner.com\/wp-content\/uploads\/2023\/10\/San-degeimbre-225x300.jpg 225w, https:\/\/marcwiner.com\/wp-content\/uploads\/2023\/10\/San-degeimbre-768x1024.jpg 768w, https:\/\/marcwiner.com\/wp-content\/uploads\/2023\/10\/San-degeimbre-750x1000.jpg 750w\" sizes=\"auto, (max-width: 924px) 100vw, 924px\" \/><\/figure>\n\n\n\n<figure class=\"wp-block-image size-full\"><img loading=\"lazy\" decoding=\"async\" width=\"1232\" height=\"924\" data-id=\"10163\" src=\"https:\/\/marcwiner.com\/wp-content\/uploads\/2023\/10\/nightmarket-brochettes-scaled.jpg\" alt=\"Brochettes au nightmarket de krabi\" class=\"wp-image-10163\" title=\"\" srcset=\"https:\/\/marcwiner.com\/wp-content\/uploads\/2023\/10\/nightmarket-brochettes-scaled.jpg 1232w, https:\/\/marcwiner.com\/wp-content\/uploads\/2023\/10\/nightmarket-brochettes-300x225.jpg 300w, https:\/\/marcwiner.com\/wp-content\/uploads\/2023\/10\/nightmarket-brochettes-1024x768.jpg 1024w, https:\/\/marcwiner.com\/wp-content\/uploads\/2023\/10\/nightmarket-brochettes-768x576.jpg 768w, https:\/\/marcwiner.com\/wp-content\/uploads\/2023\/10\/nightmarket-brochettes-500x375.jpg 500w, https:\/\/marcwiner.com\/wp-content\/uploads\/2023\/10\/nightmarket-brochettes-750x563.jpg 750w\" sizes=\"auto, (max-width: 1232px) 100vw, 1232px\" \/><\/figure>\n\n\n\n<figure class=\"wp-block-image size-full\"><img loading=\"lazy\" decoding=\"async\" width=\"924\" height=\"1386\" data-id=\"10164\" src=\"https:\/\/marcwiner.com\/wp-content\/uploads\/2023\/10\/pancakes-japonais-preparation-de-moi.jpg\" alt=\"R\u00e9alisation de pancakes japonais\" class=\"wp-image-10164\" title=\"\" srcset=\"https:\/\/marcwiner.com\/wp-content\/uploads\/2023\/10\/pancakes-japonais-preparation-de-moi.jpg 924w, https:\/\/marcwiner.com\/wp-content\/uploads\/2023\/10\/pancakes-japonais-preparation-de-moi-200x300.jpg 200w, https:\/\/marcwiner.com\/wp-content\/uploads\/2023\/10\/pancakes-japonais-preparation-de-moi-683x1024.jpg 683w, https:\/\/marcwiner.com\/wp-content\/uploads\/2023\/10\/pancakes-japonais-preparation-de-moi-768x1152.jpg 768w, https:\/\/marcwiner.com\/wp-content\/uploads\/2023\/10\/pancakes-japonais-preparation-de-moi-360x540.jpg 360w, https:\/\/marcwiner.com\/wp-content\/uploads\/2023\/10\/pancakes-japonais-preparation-de-moi-720x1080.jpg 720w, https:\/\/marcwiner.com\/wp-content\/uploads\/2023\/10\/pancakes-japonais-preparation-de-moi-750x1125.jpg 750w\" sizes=\"auto, (max-width: 924px) 100vw, 924px\" \/><\/figure>\n\n\n\n<figure class=\"wp-block-image size-full\"><img loading=\"lazy\" decoding=\"async\" width=\"924\" height=\"1232\" data-id=\"10159\" src=\"https:\/\/marcwiner.com\/wp-content\/uploads\/2023\/10\/cheffe-burasari-scaled.jpg\" alt=\"Cheffe en tha\u00eflande m&#039;apprenant le pad tha\u00ef\" class=\"wp-image-10159\" title=\"\" srcset=\"https:\/\/marcwiner.com\/wp-content\/uploads\/2023\/10\/cheffe-burasari-scaled.jpg 924w, https:\/\/marcwiner.com\/wp-content\/uploads\/2023\/10\/cheffe-burasari-225x300.jpg 225w, https:\/\/marcwiner.com\/wp-content\/uploads\/2023\/10\/cheffe-burasari-768x1024.jpg 768w, https:\/\/marcwiner.com\/wp-content\/uploads\/2023\/10\/cheffe-burasari-750x1000.jpg 750w\" sizes=\"auto, (max-width: 924px) 100vw, 924px\" \/><\/figure>\n\n\n\n<figure class=\"wp-block-image size-full\"><img loading=\"lazy\" decoding=\"async\" width=\"924\" height=\"1175\" data-id=\"10160\" src=\"https:\/\/marcwiner.com\/wp-content\/uploads\/2023\/10\/Giovanni-Bruno.jpg\" alt=\"Chef \u00e9toil\u00e9 Giovanni Bruno pr\u00e9parant des raviolis\" class=\"wp-image-10160\" title=\"\" srcset=\"https:\/\/marcwiner.com\/wp-content\/uploads\/2023\/10\/Giovanni-Bruno.jpg 924w, https:\/\/marcwiner.com\/wp-content\/uploads\/2023\/10\/Giovanni-Bruno-236x300.jpg 236w, https:\/\/marcwiner.com\/wp-content\/uploads\/2023\/10\/Giovanni-Bruno-805x1024.jpg 805w, https:\/\/marcwiner.com\/wp-content\/uploads\/2023\/10\/Giovanni-Bruno-768x976.jpg 768w, https:\/\/marcwiner.com\/wp-content\/uploads\/2023\/10\/Giovanni-Bruno-750x954.jpg 750w\" sizes=\"auto, (max-width: 924px) 100vw, 924px\" \/><\/figure>\n\n\n\n<figure class=\"wp-block-image size-full\"><img loading=\"lazy\" decoding=\"async\" width=\"924\" height=\"1232\" data-id=\"10158\" src=\"https:\/\/marcwiner.com\/wp-content\/uploads\/2023\/10\/Chef-turc-scaled.jpg\" alt=\"chef turc et Marc\" class=\"wp-image-10158\" title=\"\" srcset=\"https:\/\/marcwiner.com\/wp-content\/uploads\/2023\/10\/Chef-turc-scaled.jpg 924w, https:\/\/marcwiner.com\/wp-content\/uploads\/2023\/10\/Chef-turc-225x300.jpg 225w, https:\/\/marcwiner.com\/wp-content\/uploads\/2023\/10\/Chef-turc-768x1024.jpg 768w, https:\/\/marcwiner.com\/wp-content\/uploads\/2023\/10\/Chef-turc-750x1000.jpg 750w\" sizes=\"auto, (max-width: 924px) 100vw, 924px\" \/><\/figure>\n<\/figure>\n\n\n\n<h3 class=\"wp-block-heading\">Mijn opleiding<\/h3>\n\n\n\n<p><strong>Bachelor in economie en management <\/strong>&#8211; <a href=\"https:\/\/uclouvain.be\/fr\/index.html\" target=\"_blank\" rel=\"noopener\">UCLouvain<\/a> &#8211; Louvain-la-Neuve, Belgi\u00eb<\/p>\n\n\n\n<p><strong>Master in Management, specialisatie internationale handel<\/strong> &#8211; <a href=\"https:\/\/www.ie.edu\/business-school\/\" target=\"_blank\" rel=\"noopener\">ie Business School<\/a> &#8211; Madrid, Spanje<\/p>\n\n\n\n<figure class=\"wp-block-image aligncenter size-full\"><img loading=\"lazy\" decoding=\"async\" width=\"1084\" height=\"1084\" src=\"https:\/\/marcwiner.com\/wp-content\/uploads\/2023\/10\/graduation-ie-business-school-vrai.webp\" alt=\"marc \u00e0 la graduation de l&#039;ie business school\" class=\"wp-image-10161\" title=\"\" srcset=\"https:\/\/marcwiner.com\/wp-content\/uploads\/2023\/10\/graduation-ie-business-school-vrai.webp 1084w, https:\/\/marcwiner.com\/wp-content\/uploads\/2023\/10\/graduation-ie-business-school-vrai-300x300.webp 300w, https:\/\/marcwiner.com\/wp-content\/uploads\/2023\/10\/graduation-ie-business-school-vrai-1024x1024.webp 1024w, https:\/\/marcwiner.com\/wp-content\/uploads\/2023\/10\/graduation-ie-business-school-vrai-150x150.webp 150w, https:\/\/marcwiner.com\/wp-content\/uploads\/2023\/10\/graduation-ie-business-school-vrai-768x768.webp 768w, https:\/\/marcwiner.com\/wp-content\/uploads\/2023\/10\/graduation-ie-business-school-vrai-500x500.webp 500w, https:\/\/marcwiner.com\/wp-content\/uploads\/2023\/10\/graduation-ie-business-school-vrai-360x360.webp 360w, https:\/\/marcwiner.com\/wp-content\/uploads\/2023\/10\/graduation-ie-business-school-vrai-750x750.webp 750w, https:\/\/marcwiner.com\/wp-content\/uploads\/2023\/10\/graduation-ie-business-school-vrai-100x100.webp 100w\" sizes=\"auto, (max-width: 1084px) 100vw, 1084px\" \/><\/figure>\n\n\n\n<h3 class=\"wp-block-heading\">Interviews en pers<\/h3>\n\n\n\n<ul class=\"wp-block-list\">\n<li><a href=\"https:\/\/www.madeinasia.be\/fr\/retrouvez-vos-plats-asiatiques-favoris-du-festival-sur-le-site-de-marc-winer\/\" target=\"_blank\" rel=\"noopener\">Made In Asia<\/a><\/li>\n\n\n\n<li><a href=\"https:\/\/www.lesoir.be\/509928\/article\/2023-04-27\/les-rouleaux-de-printemps-nattendent-que-le-beau-temps\" target=\"_blank\" rel=\"noopener\">Le Soir &#8211; Over de lenterolletjes<\/a><\/li>\n\n\n\n<li><a href=\"https:\/\/www.sudinfo.be\/art\/906826\/article\/2022-02-13\/tournai-les-recettes-allechantes-de-marc-winer-cartonnent-sur-internet\" target=\"_blank\" rel=\"noopener\">Sudinfo &#8211; De recepten van Marc Winer scoren op het internet<\/a><\/li>\n\n\n\n<li><a href=\"https:\/\/www.madmoizelle.com\/3-comptes-instagram-de-recettes-qui-vont-regaler-vos-papilles-1448635\" target=\"_blank\" rel=\"noopener\">Madmoizelle &#8211; 3 Instagram-accounts die je smaakpapillen zullen verwennen<\/a><\/li>\n\n\n\n<li><a href=\"https:\/\/soirmag.lesoir.be\/463456\/article\/2022-09-05\/rumsteak-jarret-filet-onglet-araignee-poitrine-tout-se-mange-aussi-dans-le-boeuf\" target=\"_blank\" rel=\"noopener\">Le Soir &#8211; Over rundvlees<\/a><\/li>\n\n\n\n<li><a href=\"https:\/\/www.notele.be\/it61-media110392-vu-du-web-les-pompiers-plongeurs-de-wallonie-picarde-les-codes-du-theatre-pour-les-enfants-et-les-recettes-de-marc-winer.html\" target=\"_blank\" rel=\"noopener\">Not\u00e9l\u00e9 &#8211; Vu du Web &#8211; De recepten van Marc Winer<\/a><\/li>\n\n\n\n<li><a href=\"https:\/\/sosoir.lesoir.be\/618156\/article\/2024-08-26\/pourquoi-de-plus-en-plus-de-restos-proposent-ils-cette-specialite-asiatique\" target=\"_blank\" rel=\"noopener\">Sosoir &#8211; Over Aziatische gefrituurde kip<\/a><\/li>\n<\/ul>\n\n\n\n<h3 class=\"wp-block-heading\">Digitale media en collega-bloggers<\/h3>\n\n\n\n<p><a href=\"https:\/\/lestresorsdelavie.phonghg.fr\/2023\/05\/30\/site-de-cuisine-de-marc-winer\/\" target=\"_blank\" rel=\"noopener\">Kooksite van Marc Winer &#8211; Les tr\u00e9sors de la vie<\/a><\/p>\n\n\n\n<p><a href=\"https:\/\/mafiarose.com\/marc-winer-sake-manger-la-cuisine-asiatique-simplifie\/\" target=\"_blank\" rel=\"noopener\">Marc Winer, sak\u00e9, eten ! Aziatische keuken vereenvoudigd &#8211; Mafia Rose<\/a><\/p>\n\n\n\n<p><a href=\"http:\/\/valeriepassioncuisine.over-blog.com\/2023\/03\/tteokbokki-au-poulet-et-legumes-sauce-epicee.html\" rel=\"nofollow noopener\" target=\"_blank\">Tteokbokki &#8211; Val\u00e9rie Passion cuisine<\/a><\/p>\n","protected":false},"excerpt":{"rendered":"<p>Hoi daar ! Welkom op mijn blog !&nbsp; Leuk dat je er bent. Ik ben Marc, verslaafd aan eten (vooral aan knoflook) en een echte foodie. Al meer dan drie jaar maak ik culinaire content. Oorspronkelijk studeerde ik economie en internationale handel, maar zodra ik mijn diploma op zak had, [&hellip;]<\/p>\n","protected":false},"author":1,"featured_media":2156,"parent":0,"menu_order":0,"comment_status":"closed","ping_status":"closed","template":"","meta":{"_acf_changed":false,"wprm-recipe-roundup-name":"","wprm-recipe-roundup-description":"","wpupg_custom_link":[],"wpupg_custom_link_behaviour":[],"wpupg_custom_link_nofollow":[],"wpupg_custom_image":[],"wpupg_custom_image_id":[],"footnotes":""},"class_list":["post-35863","page","type-page","status-publish","has-post-thumbnail","hentry"],"acf":[],"memberpress":{"is_locked":false},"_links":{"self":[{"href":"https:\/\/marcwiner.com\/nl\/wp-json\/wp\/v2\/pages\/35863","targetHints":{"allow":["GET"]}}],"collection":[{"href":"https:\/\/marcwiner.com\/nl\/wp-json\/wp\/v2\/pages"}],"about":[{"href":"https:\/\/marcwiner.com\/nl\/wp-json\/wp\/v2\/types\/page"}],"author":[{"embeddable":true,"href":"https:\/\/marcwiner.com\/nl\/wp-json\/wp\/v2\/users\/1"}],"replies":[{"embeddable":true,"href":"https:\/\/marcwiner.com\/nl\/wp-json\/wp\/v2\/comments?post=35863"}],"version-history":[{"count":0,"href":"https:\/\/marcwiner.com\/nl\/wp-json\/wp\/v2\/pages\/35863\/revisions"}],"wp:featuredmedia":[{"embeddable":true,"href":"https:\/\/marcwiner.com\/nl\/wp-json\/wp\/v2\/media\/2156"}],"wp:attachment":[{"href":"https:\/\/marcwiner.com\/nl\/wp-json\/wp\/v2\/media?parent=35863"}],"curies":[{"name":"wp","href":"https:\/\/api.w.org\/{rel}","templated":true}]}}