{"id":45430,"date":"2021-04-17T13:01:17","date_gmt":"2021-04-17T11:01:17","guid":{"rendered":"https:\/\/marcwiner.com\/?page_id=45430"},"modified":"2025-07-12T19:12:57","modified_gmt":"2025-07-12T17:12:57","slug":"chi-sono-marc-winer","status":"publish","type":"page","link":"https:\/\/marcwiner.com\/it\/chi-sono-marc-winer\/","title":{"rendered":"Chi sono: Marc Winer"},"content":{"rendered":"\n<p><strong>Ciao! Benvenuto\/a sul mio blog!&nbsp;<\/strong><\/p>\n\n\n\n<p>Sono felicissimo di conoscerti. Mi chiamo Marc, <strong>dipendente dal cibo<\/strong> (soprattutto dall&#8217;aglio) e grande <strong>appassionato di cucina<\/strong>. Da oltre 3 anni sono <strong>creatore di contenuti culinari<\/strong>.<\/p>\n\n\n\n<figure class=\"wp-block-image aligncenter size-full\"><img loading=\"lazy\" decoding=\"async\" width=\"924\" height=\"1232\" src=\"https:\/\/marcwiner.com\/wp-content\/uploads\/2023\/10\/nouilles-de-lamour-moi-scaled.jpg\" alt=\"marc souriant avec des nouilles tenues entre deux baguettes en bois\" class=\"wp-image-10157\" title=\"\" srcset=\"https:\/\/marcwiner.com\/wp-content\/uploads\/2023\/10\/nouilles-de-lamour-moi-scaled.jpg 924w, https:\/\/marcwiner.com\/wp-content\/uploads\/2023\/10\/nouilles-de-lamour-moi-225x300.jpg 225w, https:\/\/marcwiner.com\/wp-content\/uploads\/2023\/10\/nouilles-de-lamour-moi-768x1024.jpg 768w, https:\/\/marcwiner.com\/wp-content\/uploads\/2023\/10\/nouilles-de-lamour-moi-750x1000.jpg 750w\" sizes=\"auto, (max-width: 924px) 100vw, 924px\" \/><\/figure>\n\n\n\n<p>All&#8217;inizio ho scelto <strong>l&#8217;economia<\/strong> e il <strong>commercio internazionale<\/strong>, ma appena laureato ho colto l&#8217;occasione per dedicarmi a tempo pieno alla mia passione per la gastronomia.<\/p>\n\n\n\n<p>Non c&#8217;\u00e8 niente che ami pi\u00f9 di scoprire <strong>nuovi sapori esotici<\/strong>. Trovo incredibile la variet\u00e0 di gusti che la cucina pu\u00f2 offrire e, appena scopro una combinazione irresistibile, mi precipito a ricrearla per farne godere <strong>i miei lettori e le persone che amo<\/strong>!&nbsp;<\/p>\n\n\n\n<p>I miei studi <strong>intensivi<\/strong> mi hanno trasmesso l&#8217;amore per <strong>numeri, scienza e rigore<\/strong>, cosi affronto <strong>ogni ricetta come un esperimento<\/strong>. Taccuino alla mano, cambio con cura parametri come condimenti, tempi o intensita di cottura&#8230; finche non raggiungo <strong>la perfezione<\/strong> (almeno secondo il mio palato).&nbsp;<\/p>\n\n\n\n<figure class=\"wp-block-image aligncenter size-full is-resized\"><img loading=\"lazy\" decoding=\"async\" src=\"https:\/\/marcwiner.com\/wp-content\/uploads\/2023\/10\/photo-de-moi-made-in-asia-final-scaled.jpg\" alt=\"Marc devant plein de nourriture asiatique au festival made in asia\" class=\"wp-image-10011\" width=\"750\" height=\"1125\" title=\"\" srcset=\"https:\/\/marcwiner.com\/wp-content\/uploads\/2023\/10\/photo-de-moi-made-in-asia-final-scaled.jpg 924w, https:\/\/marcwiner.com\/wp-content\/uploads\/2023\/10\/photo-de-moi-made-in-asia-final-200x300.jpg 200w, https:\/\/marcwiner.com\/wp-content\/uploads\/2023\/10\/photo-de-moi-made-in-asia-final-683x1024.jpg 683w, https:\/\/marcwiner.com\/wp-content\/uploads\/2023\/10\/photo-de-moi-made-in-asia-final-768x1152.jpg 768w, https:\/\/marcwiner.com\/wp-content\/uploads\/2023\/10\/photo-de-moi-made-in-asia-final-360x540.jpg 360w, https:\/\/marcwiner.com\/wp-content\/uploads\/2023\/10\/photo-de-moi-made-in-asia-final-720x1080.jpg 720w, https:\/\/marcwiner.com\/wp-content\/uploads\/2023\/10\/photo-de-moi-made-in-asia-final-750x1125.jpg 750w\" sizes=\"auto, (max-width: 750px) 100vw, 750px\" \/><\/figure>\n\n\n\n<p>A volte la ricetta riesce al primo tentativo, ma altre volte la preparo 6, 7, persino 8 volte di fila. Posso quindi assicurarti che quasi tutte le ricette sul mio sito sono state <strong>rigorosamente testate e affinate<\/strong>.&nbsp;<\/p>\n\n\n\n<h3 class=\"wp-block-heading\">Il mio background<\/h3>\n\n\n\n<p>Vivo in <strong>Belgio<\/strong>, ma ho <strong>origini franco-americane<\/strong>. Per smaltire tutte queste calorie pratico <strong>karate<\/strong> da oltre 20 anni.<\/p>\n\n\n\n<figure class=\"wp-block-image aligncenter size-full\"><img loading=\"lazy\" decoding=\"async\" width=\"926\" height=\"924\" src=\"https:\/\/marcwiner.com\/wp-content\/uploads\/2023\/10\/karate-.jpg\" alt=\"photo de marc en kimono avec une m\u00e9daille\" class=\"wp-image-10168\" title=\"\" srcset=\"https:\/\/marcwiner.com\/wp-content\/uploads\/2023\/10\/karate-.jpg 926w, https:\/\/marcwiner.com\/wp-content\/uploads\/2023\/10\/karate--300x300.jpg 300w, https:\/\/marcwiner.com\/wp-content\/uploads\/2023\/10\/karate--150x150.jpg 150w, https:\/\/marcwiner.com\/wp-content\/uploads\/2023\/10\/karate--768x767.jpg 768w, https:\/\/marcwiner.com\/wp-content\/uploads\/2023\/10\/karate--500x500.jpg 500w, https:\/\/marcwiner.com\/wp-content\/uploads\/2023\/10\/karate--360x360.jpg 360w, https:\/\/marcwiner.com\/wp-content\/uploads\/2023\/10\/karate--750x749.jpg 750w, https:\/\/marcwiner.com\/wp-content\/uploads\/2023\/10\/karate--100x100.jpg 100w\" sizes=\"auto, (max-width: 926px) 100vw, 926px\" \/><figcaption class=\"wp-element-caption\">Foto scattata ai Campionati Hauts-de-France nel 2018 durante la mia qualificazione ai Campionati di Francia<\/figcaption><\/figure>\n\n\n\n<p>All&#8217;inizio cucinare per me era solo un <strong>mezzo giustificato dal fine<\/strong>, cioe mangiare. Da bambino trovavo sempre una soluzione, soprattutto quando si trattava di dolci. Finite le caramelle in dispensa? Nessun problema: c&#8217;era lo zucchero, quindi bastava farne del caramello! Eroe dei miei fratelli in quei tempi di &#8220;carestia domestica&#8221;, ho presto sviluppato il riflesso di sopperire a qualsiasi mancanza di provviste!<\/p>\n\n\n\n<p>Di conseguenza, la mia passione per la cucina si e sempre basata su questo principio: riprodurre cio che amavo per <strong>renderlo disponibile<\/strong> a volonta!<\/p>\n\n\n\n<p>Con il tempo, ogni volta che assaggiavo un nuovo piatto che mi entusiasmava, cercavo di riprodurlo a casa nel modo piu fedele possibile. Ho la fortuna di tornare ogni anno a trovare la mia famiglia americana a New York: la citta e i suoi quartieri etnici sono stati (e lo sono tuttora) una delle mie principali fonti di ispirazione culinaria. Li si trova di tutto: dall&#8217;<a href=\"https:\/\/marcwiner.com\/it\/la-cucina-cinese-it\/\">autentica cucina cinese<\/a> alla <a href=\"https:\/\/marcwiner.com\/it\/la-cucina-giapponese-it\/\">cucina giapponese<\/a>, passando per la <a href=\"https:\/\/marcwiner.com\/it\/la-cucina-coreana-it\/\">cucina coreana <\/a>e molto altro ancora. Se ci vai non esitare a chiedermi qualche dritta.<\/p>\n\n\n\n<h3 class=\"wp-block-heading\">La storia del mio blog<\/h3>\n\n\n\n<p>Nonostante gli studi, spesso impegnativi, il mio <strong>amore per la cucina<\/strong> non si e mai spento. Anzi, durante le lunghe giornate in biblioteca mi motivavo pensando a cosa mi sarei preparato per pranzo o cena.<\/p>\n\n\n\n<p><strong>Perfezionare le ricette<\/strong> e persino diventato un progetto parallelo durante le sessioni d&#8217;esame: in una di queste ho mangiato solo varianti di okonomiyaki. Era veloce, equilibrato e delizioso, e l&#8217;ho fatto <strong>variare in decine di modi<\/strong>.&nbsp;<\/p>\n\n\n\n<figure class=\"wp-block-image aligncenter size-full\"><img loading=\"lazy\" decoding=\"async\" width=\"924\" height=\"1232\" src=\"https:\/\/marcwiner.com\/wp-content\/uploads\/2023\/10\/pure-lifestyle-original-scaled.jpg\" alt=\"Marc mangeant du jambon en travaillant\" class=\"wp-image-10169\" title=\"\" srcset=\"https:\/\/marcwiner.com\/wp-content\/uploads\/2023\/10\/pure-lifestyle-original-scaled.jpg 924w, https:\/\/marcwiner.com\/wp-content\/uploads\/2023\/10\/pure-lifestyle-original-225x300.jpg 225w, https:\/\/marcwiner.com\/wp-content\/uploads\/2023\/10\/pure-lifestyle-original-768x1024.jpg 768w, https:\/\/marcwiner.com\/wp-content\/uploads\/2023\/10\/pure-lifestyle-original-750x1000.jpg 750w\" sizes=\"auto, (max-width: 924px) 100vw, 924px\" \/><figcaption class=\"wp-element-caption\">Oppure del buon prosciutto iberico durante il mio master a Madrid<\/figcaption><\/figure>\n\n\n\n<p>Negli ultimi due anni di universita, alla business school, ho iniziato a condividere i miei piatti sui social, in particolare sul mio account <a href=\"https:\/\/www.instagram.com\/marcwiner\/\" target=\"_blank\" rel=\"noopener\">Instagram<\/a>. Ho trovato quel formato velocemente limitante: mi piaceva solo a meta e desideravo uno spazio tutto mio dove potermi esprimere davvero. Cosi e nato <strong>marcwiner.com<\/strong>.<\/p>\n\n\n\n<p>Se mi segui da un po&#8217;, saprai che mi sono allargato anche su <a href=\"https:\/\/www.youtube.com\/channel\/UCwqNchlodvWskh19Q-hf4uw\" target=\"_blank\" rel=\"noopener\">YouTube<\/a>, <a href=\"https:\/\/www.tiktok.com\/@marcwiner?lang=fr\" target=\"_blank\" rel=\"noopener\">Tiktok<\/a> e perfino in un <a href=\"https:\/\/www.facebook.com\/groups\/314403600621638\" target=\"_blank\" rel=\"noopener\">gruppo Facebook<\/a> che conta ormai quasi 500 000 membri, tutti accomunati dalla <strong>mia passione per la cucina asiatica<\/strong>.&nbsp;<\/p>\n\n\n\n<p>Ho anche l&#8217;ambizione di combattere l&#8217;oblio culinario: ora che ho una comunita dedicata posso dare visibilita a ricette quasi sconosciute al grande pubblico. Ed e fantastico.<\/p>\n\n\n\n<p>Insomma, se ami la <strong>cucina asiatica autentica<\/strong> spiegata nel modo piu <strong>semplice possibile<\/strong> e <strong>estremamente gustosa<\/strong>, sei nel posto giusto!<\/p>\n\n\n\n<h3 class=\"wp-block-heading\">Il mio viaggio culinario<\/h3>\n\n\n\n<p>Da quando ho lanciato il mio sito ho avuto la fortuna di partecipare a diversi eventi gastronomici davvero divertenti:<\/p>\n\n\n\n<ul class=\"wp-block-list\">\n<li>Ho fatto parte di <a href=\"https:\/\/www.instagram.com\/kotechine\/?hl=fr\" target=\"_blank\" rel=\"noopener\">Ko-\u00e9-Chine<\/a> durante gli anni a Louvain-la-Neuve, un&#8217;associazione studentesca dedicata alla cultura cinese; organizzavamo il Capodanno cinese per oltre 300 persone<\/li>\n\n\n\n<li>Masterclass sui ravioli con lo chef stellato Giovanni Bruno ad aprile 2022<\/li>\n\n\n\n<li>Incontri a casa sua e confronti ripetuti con lo chef tristellato David Martin tra il 2022 e il 2023<\/li>\n\n\n\n<li>Incontro e confronto con lo chef stellato San Degeimbre a giugno 2023<\/li>\n\n\n\n<li>Degustazione e confronto con il maestro pasticcere giapponese <a href=\"https:\/\/www.patisserie-sasaki.be\/\" target=\"_blank\" rel=\"noopener\">Yasushi Sasaki<\/a> a marzo 2023<\/li>\n\n\n\n<li>Lezioni con una chef thailandese affiliata all&#8217;<a href=\"https:\/\/phuket.burasari.com\/\" target=\"_blank\" rel=\"noopener\">hotel Burasari<\/a> di Phuket per perfezionare i veri <a href=\"https:\/\/marcwiner.com\/it\/pad-thai-autentico-it\/\">Pad Thai<\/a> e <a href=\"https:\/\/marcwiner.com\/som-tam\/\">Som tam<\/a><\/li>\n\n\n\n<li>Preparazione e servizio di spiedini in un night market thailandese durante il viaggio del 2023<\/li>\n\n\n\n<li>Apprendimento delle tecniche di cucina tradizionale da chef turchi al confine siriano nel 2023<\/li>\n\n\n\n<li>Preparazione di pancake giapponesi al Made In Asia 2023<\/li>\n<\/ul>\n\n\n\n<figure class=\"wp-block-gallery has-nested-images columns-default is-cropped wp-block-gallery-1 is-layout-flex wp-block-gallery-is-layout-flex\">\n<figure class=\"wp-block-image size-full\"><img loading=\"lazy\" decoding=\"async\" width=\"924\" height=\"1232\" data-id=\"10166\" src=\"https:\/\/marcwiner.com\/wp-content\/uploads\/2023\/10\/sasaki.jpg\" alt=\"Chef P\u00e2tissier Sasaki\" class=\"wp-image-10166\" title=\"\" srcset=\"https:\/\/marcwiner.com\/wp-content\/uploads\/2023\/10\/sasaki.jpg 924w, https:\/\/marcwiner.com\/wp-content\/uploads\/2023\/10\/sasaki-225x300.jpg 225w, https:\/\/marcwiner.com\/wp-content\/uploads\/2023\/10\/sasaki-768x1024.jpg 768w, https:\/\/marcwiner.com\/wp-content\/uploads\/2023\/10\/sasaki-750x1000.jpg 750w\" sizes=\"auto, (max-width: 924px) 100vw, 924px\" \/><\/figure>\n\n\n\n<figure class=\"wp-block-image size-full\"><img loading=\"lazy\" decoding=\"async\" width=\"924\" height=\"1232\" data-id=\"10165\" src=\"https:\/\/marcwiner.com\/wp-content\/uploads\/2023\/10\/San-degeimbre-scaled.jpg\" alt=\"Chef San Degeimbre\" class=\"wp-image-10165\" title=\"\" srcset=\"https:\/\/marcwiner.com\/wp-content\/uploads\/2023\/10\/San-degeimbre-scaled.jpg 924w, https:\/\/marcwiner.com\/wp-content\/uploads\/2023\/10\/San-degeimbre-225x300.jpg 225w, https:\/\/marcwiner.com\/wp-content\/uploads\/2023\/10\/San-degeimbre-768x1024.jpg 768w, https:\/\/marcwiner.com\/wp-content\/uploads\/2023\/10\/San-degeimbre-750x1000.jpg 750w\" sizes=\"auto, (max-width: 924px) 100vw, 924px\" \/><\/figure>\n\n\n\n<figure class=\"wp-block-image size-full\"><img loading=\"lazy\" decoding=\"async\" width=\"1232\" height=\"924\" data-id=\"10163\" src=\"https:\/\/marcwiner.com\/wp-content\/uploads\/2023\/10\/nightmarket-brochettes-scaled.jpg\" alt=\"Brochettes au nightmarket de krabi\" class=\"wp-image-10163\" title=\"\" srcset=\"https:\/\/marcwiner.com\/wp-content\/uploads\/2023\/10\/nightmarket-brochettes-scaled.jpg 1232w, https:\/\/marcwiner.com\/wp-content\/uploads\/2023\/10\/nightmarket-brochettes-300x225.jpg 300w, https:\/\/marcwiner.com\/wp-content\/uploads\/2023\/10\/nightmarket-brochettes-1024x768.jpg 1024w, https:\/\/marcwiner.com\/wp-content\/uploads\/2023\/10\/nightmarket-brochettes-768x576.jpg 768w, https:\/\/marcwiner.com\/wp-content\/uploads\/2023\/10\/nightmarket-brochettes-500x375.jpg 500w, https:\/\/marcwiner.com\/wp-content\/uploads\/2023\/10\/nightmarket-brochettes-750x563.jpg 750w\" sizes=\"auto, (max-width: 1232px) 100vw, 1232px\" \/><\/figure>\n\n\n\n<figure class=\"wp-block-image size-full\"><img loading=\"lazy\" decoding=\"async\" width=\"924\" height=\"1386\" data-id=\"10164\" src=\"https:\/\/marcwiner.com\/wp-content\/uploads\/2023\/10\/pancakes-japonais-preparation-de-moi.jpg\" alt=\"R\u00e9alisation de pancakes japonais\" class=\"wp-image-10164\" title=\"\" srcset=\"https:\/\/marcwiner.com\/wp-content\/uploads\/2023\/10\/pancakes-japonais-preparation-de-moi.jpg 924w, https:\/\/marcwiner.com\/wp-content\/uploads\/2023\/10\/pancakes-japonais-preparation-de-moi-200x300.jpg 200w, https:\/\/marcwiner.com\/wp-content\/uploads\/2023\/10\/pancakes-japonais-preparation-de-moi-683x1024.jpg 683w, https:\/\/marcwiner.com\/wp-content\/uploads\/2023\/10\/pancakes-japonais-preparation-de-moi-768x1152.jpg 768w, https:\/\/marcwiner.com\/wp-content\/uploads\/2023\/10\/pancakes-japonais-preparation-de-moi-360x540.jpg 360w, https:\/\/marcwiner.com\/wp-content\/uploads\/2023\/10\/pancakes-japonais-preparation-de-moi-720x1080.jpg 720w, https:\/\/marcwiner.com\/wp-content\/uploads\/2023\/10\/pancakes-japonais-preparation-de-moi-750x1125.jpg 750w\" sizes=\"auto, (max-width: 924px) 100vw, 924px\" \/><\/figure>\n\n\n\n<figure class=\"wp-block-image size-full\"><img loading=\"lazy\" decoding=\"async\" width=\"924\" height=\"1232\" data-id=\"10159\" src=\"https:\/\/marcwiner.com\/wp-content\/uploads\/2023\/10\/cheffe-burasari-scaled.jpg\" alt=\"Cheffe en tha\u00eflande m&#039;apprenant le pad tha\u00ef\" class=\"wp-image-10159\" title=\"\" srcset=\"https:\/\/marcwiner.com\/wp-content\/uploads\/2023\/10\/cheffe-burasari-scaled.jpg 924w, https:\/\/marcwiner.com\/wp-content\/uploads\/2023\/10\/cheffe-burasari-225x300.jpg 225w, https:\/\/marcwiner.com\/wp-content\/uploads\/2023\/10\/cheffe-burasari-768x1024.jpg 768w, https:\/\/marcwiner.com\/wp-content\/uploads\/2023\/10\/cheffe-burasari-750x1000.jpg 750w\" sizes=\"auto, (max-width: 924px) 100vw, 924px\" \/><\/figure>\n\n\n\n<figure class=\"wp-block-image size-full\"><img loading=\"lazy\" decoding=\"async\" width=\"924\" height=\"1175\" data-id=\"10160\" src=\"https:\/\/marcwiner.com\/wp-content\/uploads\/2023\/10\/Giovanni-Bruno.jpg\" alt=\"Chef \u00e9toil\u00e9 Giovanni Bruno pr\u00e9parant des raviolis\" class=\"wp-image-10160\" title=\"\" srcset=\"https:\/\/marcwiner.com\/wp-content\/uploads\/2023\/10\/Giovanni-Bruno.jpg 924w, https:\/\/marcwiner.com\/wp-content\/uploads\/2023\/10\/Giovanni-Bruno-236x300.jpg 236w, https:\/\/marcwiner.com\/wp-content\/uploads\/2023\/10\/Giovanni-Bruno-805x1024.jpg 805w, https:\/\/marcwiner.com\/wp-content\/uploads\/2023\/10\/Giovanni-Bruno-768x976.jpg 768w, https:\/\/marcwiner.com\/wp-content\/uploads\/2023\/10\/Giovanni-Bruno-750x954.jpg 750w\" sizes=\"auto, (max-width: 924px) 100vw, 924px\" \/><\/figure>\n\n\n\n<figure class=\"wp-block-image size-full\"><img loading=\"lazy\" decoding=\"async\" width=\"924\" height=\"1232\" data-id=\"10158\" src=\"https:\/\/marcwiner.com\/wp-content\/uploads\/2023\/10\/Chef-turc-scaled.jpg\" alt=\"chef turc et Marc\" class=\"wp-image-10158\" title=\"\" srcset=\"https:\/\/marcwiner.com\/wp-content\/uploads\/2023\/10\/Chef-turc-scaled.jpg 924w, https:\/\/marcwiner.com\/wp-content\/uploads\/2023\/10\/Chef-turc-225x300.jpg 225w, https:\/\/marcwiner.com\/wp-content\/uploads\/2023\/10\/Chef-turc-768x1024.jpg 768w, https:\/\/marcwiner.com\/wp-content\/uploads\/2023\/10\/Chef-turc-750x1000.jpg 750w\" sizes=\"auto, (max-width: 924px) 100vw, 924px\" \/><\/figure>\n<\/figure>\n\n\n\n<h3 class=\"wp-block-heading\">La mia formazione<\/h3>\n\n\n\n<p><strong>Laurea in economia e gestione <\/strong>&#8211; <a href=\"https:\/\/uclouvain.be\/fr\/index.html\" target=\"_blank\" rel=\"noopener\">UCLouvain<\/a> &#8211; Louvain-La-Neuve, Belgio<\/p>\n\n\n\n<p><strong>Master in Management, specializzazione commercio internazionale<\/strong> &#8211; <a href=\"https:\/\/www.ie.edu\/business-school\/\" target=\"_blank\" rel=\"noopener\">IE Business School<\/a> &#8211; Madrid, Spagna<\/p>\n\n\n\n<figure class=\"wp-block-image aligncenter size-full\"><img loading=\"lazy\" decoding=\"async\" width=\"1084\" height=\"1084\" src=\"https:\/\/marcwiner.com\/wp-content\/uploads\/2023\/10\/graduation-ie-business-school-vrai.webp\" alt=\"marc \u00e0 la graduation de l&#039;ie business school\" class=\"wp-image-10161\" title=\"\" srcset=\"https:\/\/marcwiner.com\/wp-content\/uploads\/2023\/10\/graduation-ie-business-school-vrai.webp 1084w, https:\/\/marcwiner.com\/wp-content\/uploads\/2023\/10\/graduation-ie-business-school-vrai-300x300.webp 300w, https:\/\/marcwiner.com\/wp-content\/uploads\/2023\/10\/graduation-ie-business-school-vrai-1024x1024.webp 1024w, https:\/\/marcwiner.com\/wp-content\/uploads\/2023\/10\/graduation-ie-business-school-vrai-150x150.webp 150w, https:\/\/marcwiner.com\/wp-content\/uploads\/2023\/10\/graduation-ie-business-school-vrai-768x768.webp 768w, https:\/\/marcwiner.com\/wp-content\/uploads\/2023\/10\/graduation-ie-business-school-vrai-500x500.webp 500w, https:\/\/marcwiner.com\/wp-content\/uploads\/2023\/10\/graduation-ie-business-school-vrai-360x360.webp 360w, https:\/\/marcwiner.com\/wp-content\/uploads\/2023\/10\/graduation-ie-business-school-vrai-750x750.webp 750w, https:\/\/marcwiner.com\/wp-content\/uploads\/2023\/10\/graduation-ie-business-school-vrai-100x100.webp 100w\" sizes=\"auto, (max-width: 1084px) 100vw, 1084px\" \/><\/figure>\n\n\n\n<h3 class=\"wp-block-heading\">Interviste e stampa<\/h3>\n\n\n\n<ul class=\"wp-block-list\">\n<li><a href=\"https:\/\/www.madeinasia.be\/fr\/retrouvez-vos-plats-asiatiques-favoris-du-festival-sur-le-site-de-marc-winer\/\" target=\"_blank\" rel=\"noopener\">Made In Asia<\/a><\/li>\n\n\n\n<li><a href=\"https:\/\/www.lesoir.be\/509928\/article\/2023-04-27\/les-rouleaux-de-printemps-nattendent-que-le-beau-temps\" target=\"_blank\" rel=\"noopener\">Le Soir &#8211; A proposito degli involtini primavera<\/a><\/li>\n\n\n\n<li><a href=\"https:\/\/www.sudinfo.be\/art\/906826\/article\/2022-02-13\/tournai-les-recettes-allechantes-de-marc-winer-cartonnent-sur-internet\" target=\"_blank\" rel=\"noopener\">Sudinfo &#8211; Le ricette di Marc Winer spopolano su Internet<\/a><\/li>\n\n\n\n<li><a href=\"https:\/\/www.madmoizelle.com\/3-comptes-instagram-de-recettes-qui-vont-regaler-vos-papilles-1448635\" target=\"_blank\" rel=\"noopener\">Madmoizelle &#8211; 3 account Instagram che delizieranno le tue papille<\/a><\/li>\n\n\n\n<li><a href=\"https:\/\/soirmag.lesoir.be\/463456\/article\/2022-09-05\/rumsteak-jarret-filet-onglet-araignee-poitrine-tout-se-mange-aussi-dans-le-boeuf\" target=\"_blank\" rel=\"noopener\">Le Soir &#8211; A proposito del manzo<\/a><\/li>\n\n\n\n<li><a href=\"https:\/\/www.notele.be\/it61-media110392-vu-du-web-les-pompiers-plongeurs-de-wallonie-picarde-les-codes-du-theatre-pour-les-enfants-et-les-recettes-de-marc-winer.html\" target=\"_blank\" rel=\"noopener\">Not\u00e9l\u00e9 &#8211; Dal Web &#8211; Le ricette di Marc Winer<\/a><\/li>\n\n\n\n<li><a href=\"https:\/\/sosoir.lesoir.be\/618156\/article\/2024-08-26\/pourquoi-de-plus-en-plus-de-restos-proposent-ils-cette-specialite-asiatique\" target=\"_blank\" rel=\"noopener\">Sosoir &#8211; A proposito del pollo fritto asiatico<\/a><\/li>\n<\/ul>\n\n\n\n<h3 class=\"wp-block-heading\">Media digitali e colleghi blogger<\/h3>\n\n\n\n<p><a href=\"https:\/\/lestresorsdelavie.phonghg.fr\/2023\/05\/30\/site-de-cuisine-de-marc-winer\/\" target=\"_blank\" rel=\"noopener\">Sito di cucina di Marc Winer &#8211; Les tr\u00e9sors de la vie<\/a><\/p>\n\n\n\n<p><a href=\"https:\/\/mafiarose.com\/marc-winer-sake-manger-la-cuisine-asiatique-simplifie\/\" target=\"_blank\" rel=\"noopener\">Marc Winer, sake, mangiare! La cucina asiatica semplificata &#8211; Mafia Rose<\/a><\/p>\n\n\n\n<p><a href=\"http:\/\/valeriepassioncuisine.over-blog.com\/2023\/03\/tteokbokki-au-poulet-et-legumes-sauce-epicee.html\" rel=\"nofollow noopener\" target=\"_blank\">Tteokbokki &#8211; Val\u00e9rie Passion cucina<\/a><\/p>\n","protected":false},"excerpt":{"rendered":"<p>Ciao! Benvenuto\/a sul mio blog!&nbsp; Sono felicissimo di conoscerti. Mi chiamo Marc, dipendente dal cibo (soprattutto dall&#8217;aglio) e grande appassionato di cucina. Da oltre 3 anni sono creatore di contenuti culinari. All&#8217;inizio ho scelto l&#8217;economia e il commercio internazionale, ma appena laureato ho colto l&#8217;occasione per dedicarmi a tempo pieno [&hellip;]<\/p>\n","protected":false},"author":1,"featured_media":2156,"parent":0,"menu_order":0,"comment_status":"closed","ping_status":"closed","template":"","meta":{"_acf_changed":false,"wprm-recipe-roundup-name":"","wprm-recipe-roundup-description":"","wpupg_custom_link":[],"wpupg_custom_link_behaviour":[],"wpupg_custom_link_nofollow":[],"wpupg_custom_image":[],"wpupg_custom_image_id":[],"footnotes":""},"class_list":["post-45430","page","type-page","status-publish","has-post-thumbnail","hentry"],"acf":[],"memberpress":{"is_locked":false},"_links":{"self":[{"href":"https:\/\/marcwiner.com\/it\/wp-json\/wp\/v2\/pages\/45430","targetHints":{"allow":["GET"]}}],"collection":[{"href":"https:\/\/marcwiner.com\/it\/wp-json\/wp\/v2\/pages"}],"about":[{"href":"https:\/\/marcwiner.com\/it\/wp-json\/wp\/v2\/types\/page"}],"author":[{"embeddable":true,"href":"https:\/\/marcwiner.com\/it\/wp-json\/wp\/v2\/users\/1"}],"replies":[{"embeddable":true,"href":"https:\/\/marcwiner.com\/it\/wp-json\/wp\/v2\/comments?post=45430"}],"version-history":[{"count":1,"href":"https:\/\/marcwiner.com\/it\/wp-json\/wp\/v2\/pages\/45430\/revisions"}],"predecessor-version":[{"id":45431,"href":"https:\/\/marcwiner.com\/it\/wp-json\/wp\/v2\/pages\/45430\/revisions\/45431"}],"wp:featuredmedia":[{"embeddable":true,"href":"https:\/\/marcwiner.com\/it\/wp-json\/wp\/v2\/media\/2156"}],"wp:attachment":[{"href":"https:\/\/marcwiner.com\/it\/wp-json\/wp\/v2\/media?parent=45430"}],"curies":[{"name":"wp","href":"https:\/\/api.w.org\/{rel}","templated":true}]}}