{"id":37818,"date":"2023-03-08T16:14:47","date_gmt":"2023-03-08T15:14:47","guid":{"rendered":"https:\/\/marcwiner.com\/?page_id=37818"},"modified":"2025-06-23T10:45:05","modified_gmt":"2025-06-23T08:45:05","slug":"aviso-legal","status":"publish","type":"page","link":"https:\/\/marcwiner.com\/es\/aviso-legal\/","title":{"rendered":"Aviso legal"},"content":{"rendered":"\n<p style=\"text-align:center\">AVISO LEGAL :<\/p>\n\n<p style=\"text-align:justify\">De conformidad con los articulos 6-III y 19 de la Ley n.\u00ba 2004-575 de 21 de junio de 2004 relativa a la Confianza en la Economia Digital (L.C.E.N.), informamos a los usuarios y visitantes del sitio <a href=\"http:\/\/www.marcwiner.com\" target=\"_blank\" rel=\"noopener\">www.marcwiner.com<\/a> de lo siguiente:<\/p>\n\n<p style=\"text-align:justify\"><strong>1. Informaci\u00f3n legal :<\/strong><\/p>\n\n<p style=\"text-align:justify\">Estatus del propietario : <strong>Sociedad<\/strong><br>\nEl propietario es : <strong>MACCUS SRL<\/strong><br>\nDirecci\u00f3n postal del propietario : <strong>181 Avenue Des Alli\u00e9s 7540 Kain<\/strong><br>\n&nbsp;<br>\nEl creador del sitio es : <strong>MACCUS SRL<\/strong><br>\nEl responsable de la&nbsp; publicaci\u00f3n es : <strong>Marc Winer<\/strong><br>\nContacto del responsable de la publicaci\u00f3n : <strong>maccus@marcwiner.com<\/strong><br>\nEl responsable de la publicaci\u00f3n es una<strong>&nbsp;persona jur\u00eddica<\/strong><br>\n<br>\nEl Webmaster es&nbsp; : <strong>Marc Winer<\/strong><br>\nContactar con el Webmaster :&nbsp; <strong><a href=\"mailto:maccus@marcwiner.com?subject=Contact a partir des mentions lE9gales via le sitio www.marcwiner.com\">maccus@marcwiner.com<\/a><\/strong><br>\nEl alojamiento del sitio es : <strong>OVH  2 rue Kellermann 59053  Roubaix<\/strong><br>\n\n\n<\/p><p style=\"text-align:justify\">&nbsp;<\/p>\n\n<p style=\"text-align:justify\"><strong>2. Presentaci\u00f3n y principio :<\/strong><\/p>\n\n<p style=\"text-align:justify\">En adelante, se denominar\u00e1 <strong>Usuario<\/strong> a todo internauta que acceda y utilice el sitio mencionado: <a href=\"http:\/\/www.marcwiner.com\" target=\"_blank\" rel=\"noopener\">www.marcwiner.com<\/a>.<br>\nEl sitio <strong>www.marcwiner.com<\/strong><strong> <\/strong>re\u00fane un conjunto de servicios, tal cual,&nbsp; puestos a disposici\u00f3n de los usuarios. Se recuerda que estos deben permanecer corteses y actuar de buena fe tanto con los dem\u00e1s usuarios como con el webmaster del sitio www.marcwiner.com. El sitio www.marcwiner.com es actualizado regularmente por MACCUS SRL.<br>\nMACCUS SRL se esfuerza por ofrecer en www.marcwiner.com la informaci\u00f3n m\u00e1s precisa posible (susceptible de modificaciones desde su publicaci\u00f3n), pero no puede garantizar la exactitud, integridad ni actualidad de los datos publicados, ya sean propios o facilitados por terceros socios. En consecuencia, el Usuario reconoce que emplea la informaci\u00f3n proporcionada (a t\u00edtulo orientativo, no exhaustivo y sujeta a cambios) bajo su exclusiva responsabilidad.<\/p>\n\n<p style=\"text-align:justify\">&nbsp;<\/p>\n\n<p style=\"text-align:justify\"><strong>3. Accesibilidad :<\/strong><br>\n<br>\nEl sitio www.marcwiner.com es, en principio, accesible a los usuarios 24h\/24 y 7d\/7, salvo interrupciones, programadas o no, por necesidades de mantenimiento o fuerza mayor. En caso de imposibilidad de acceso al servicio, www.marcwiner.com se compromete a hacer todo lo posible por restablecerlo e intentar\u00e1 informar previamente a los usuarios de las fechas y horas de la intervenci\u00f3n.&nbsp; Al estar sujeto \u00fanicamente a una obligaci\u00f3n de medios, www.marcwiner.com no podr\u00e1 ser considerado responsable de ning\u00fan da\u00f1o, sea cual sea su naturaleza, derivado de la indisponibilidad del servicio.<\/p>\n\n<p style=\"text-align:justify\">&nbsp;<\/p>\n\n<p style=\"text-align:justify\"><strong>4. Propiedad intelectual :<\/strong><\/p>\n\n<p style=\"text-align:justify\"><br>\nMACCUS SRL posee en exclusiva todos los derechos de propiedad intelectual o los derechos de uso sobre todos los elementos accesibles en el sitio, tanto en la estructura como en los textos, im\u00e1genes, gr\u00e1ficos, logotipo, iconos, sonidos y software\u2026<br>\nSe proh\u00edbe cualquier reproducci\u00f3n total o parcial del sitio www.marcwiner.com, as\u00ed como la representaci\u00f3n, modificaci\u00f3n, publicaci\u00f3n o adaptaci\u00f3n, total o parcial, de cualquiera de estos elementos, por cualquier medio o procedimiento, salvo autorizaci\u00f3n previa y por escrito de Marc Winer, propietario del sitio, a la direcci\u00f3n de correo electr\u00f3nico m.winer@marcwiner.com; de lo contrario, se considerar\u00e1 constitutiva de infracci\u00f3n y ser\u00e1 perseguida conforme a lo dispuesto en los art\u00edculos L.335-2 y siguientes del C\u00f3digo de Propiedad Intelectual.<\/p>\n\n<p style=\"text-align:justify\"><br>\n<strong>5. Enlaces de hipertexto y cookies :<\/strong><br>\n<br>\nEl sitio www.marcwiner.com incluye varios enlaces de hipertexto hacia otros sitios (socios, fuentes de informaci\u00f3n, etc.) establecidos con la autorizaci\u00f3n de MACCUS SRL. No obstante, MACCUS SRL no puede revisar de forma permanente el contenido de dichos sitios y, por tanto, declina toda responsabilidad por los posibles riesgos de contenidos il\u00edcitos.<br>\nSe informa al usuario de que, durante sus visitas al sitio www.marcwiner.com, uno o varios cookies pueden instalarse autom\u00e1ticamente en su ordenador a trav\u00e9s de su navegador. Una cookie es un bloque de datos que no permite identificar al usuario, pero que registra informaci\u00f3n relativa a la navegaci\u00f3n de este en el sitio.&nbsp;<br>\nLa configuraci\u00f3n del software de navegaci\u00f3n permite se\u00f1alar la presencia de cookies y, en su caso, rechazarlas del modo descrito en la siguiente direcci\u00f3n: <a href=\"http:\/\/www.cnil.fr\" target=\"_blank\" rel=\"noopener\">www.cnil.fr<\/a>. El usuario tambi\u00e9n puede configurar su navegador para rechazar la instalaci\u00f3n de cookies, sabiendo que tal rechazo puede impedir el acceso a determinados servicios. Para cualquier bloqueo de cookies, escriba en su motor de b\u00fasqueda: bloqueo de cookies en IE o Firefox y siga las instrucciones correspondientes a su versi\u00f3n.<\/p>\n\n<p style=\"text-align:justify\"><br>\n<strong>6. Protecci\u00f3n de bienes y personas &#8211; gesti\u00f3n de datos personales :<\/strong><br>\n<br>\nEn Francia, los datos personales est\u00e1n protegidos, en particular, por la Ley n.\u00ba 78-87 de 6 de enero de 1978, la Ley n.\u00ba 2004-801 de 6 de agosto de 2004, el art\u00edculo L. 226-13 del C\u00f3digo Penal y la Directiva Europea de 24 de octubre de 1995.<\/p>\n\n<p style=\"text-align:justify\">En el sitio www.marcwiner.com, MACCUS SRL solo recopila informaci\u00f3n personal (de acuerdo con el art\u00edculo 4 de la Ley n.\u00ba78-17 de 6 de enero de 1978) relativa al usuario para la prestaci\u00f3n de algunos servicios ofrecidos en www.marcwiner.com. El usuario facilita esta informaci\u00f3n con pleno conocimiento de causa, especialmente cuando la introduce \u00e9l mismo. Entonces se especifica al usuario del sitio www.marcwiner.com la obligatoriedad o no de proporcionar dichos datos.<br>\nDe conformidad con lo dispuesto en los art\u00edculos 38 y siguientes de la Ley 78-17 de 6 de enero de 1978 relativa a la inform\u00e1tica, archivos y libertades, todo usuario dispone de un derecho de acceso, rectificaci\u00f3n, supresi\u00f3n y oposici\u00f3n a los datos personales que le conciernen. Para ejercerlo, env\u00ede su solicitud a www.marcwiner.com por correo electr\u00f3nico: <strong><a href=\"mailto:m.winer@marcwiner.com?subject=Contact \u00ef\u00bb\u00bf partir des mentions l\u00ef\u00bb\u00bfgales via le site www.marcwiner.com\">maccus@marcwiner.com<\/a><\/strong> o por escrito debidamente firmado, acompa\u00f1ado de una copia de su documento de identidad con la firma del titular, indicando la direcci\u00f3n a la que debe enviarse la respuesta.<\/p>\n\n<p style=\"text-align:justify\">Ninguna informaci\u00f3n personal del usuario del sitio www.marcwiner.com se publica sin su conocimiento, se intercambia, transfiere, cede o vende por ning\u00fan medio a terceros. Solo en la hip\u00f3tesis de compra del sitio www.marcwiner.com y de sus derechos MACCUS SRL podr\u00eda transmitir dichos datos al posible comprador, quien a su vez estar\u00eda sujeto a la misma obligaci\u00f3n de conservaci\u00f3n y modificaci\u00f3n de la informaci\u00f3n con respecto al usuario de www.marcwiner.com.<br>\nEl sitio www.marcwiner.com est\u00e1 en conformidad con el RGPD, consulte nuestra pol\u00edtica RGPD&nbsp; https:\/\/marcwiner.com\/politique-de-confidentialite\/.<\/p>\n\n<p style=\"text-align:justify\">Las bases de datos est\u00e1n protegidas por las disposiciones de la Ley de 1 de julio de 1998 que transpone la Directiva 96\/9 de 11 de marzo de 1996 relativa a la protecci\u00f3n jur\u00eddica de las bases de datos.<\/p>\n\n\n\n<p><\/p>\n","protected":false},"excerpt":{"rendered":"<p>AVISO LEGAL : De conformidad con los articulos 6-III y 19 de la Ley n.\u00ba 2004-575 de 21 de junio de 2004 relativa a la Confianza en la Economia Digital (L.C.E.N.), informamos a los usuarios y visitantes del sitio www.marcwiner.com de lo siguiente: 1. Informaci\u00f3n legal : Estatus del propietario [&hellip;]<\/p>\n","protected":false},"author":1,"featured_media":0,"parent":0,"menu_order":0,"comment_status":"closed","ping_status":"closed","template":"","meta":{"_acf_changed":false,"wprm-recipe-roundup-name":"","wprm-recipe-roundup-description":"","wpupg_custom_link":[],"wpupg_custom_link_behaviour":[],"wpupg_custom_link_nofollow":[],"wpupg_custom_image":[],"wpupg_custom_image_id":[],"footnotes":""},"class_list":["post-37818","page","type-page","status-publish","hentry"],"acf":[],"memberpress":{"is_locked":false},"_links":{"self":[{"href":"https:\/\/marcwiner.com\/es\/wp-json\/wp\/v2\/pages\/37818","targetHints":{"allow":["GET"]}}],"collection":[{"href":"https:\/\/marcwiner.com\/es\/wp-json\/wp\/v2\/pages"}],"about":[{"href":"https:\/\/marcwiner.com\/es\/wp-json\/wp\/v2\/types\/page"}],"author":[{"embeddable":true,"href":"https:\/\/marcwiner.com\/es\/wp-json\/wp\/v2\/users\/1"}],"replies":[{"embeddable":true,"href":"https:\/\/marcwiner.com\/es\/wp-json\/wp\/v2\/comments?post=37818"}],"version-history":[{"count":0,"href":"https:\/\/marcwiner.com\/es\/wp-json\/wp\/v2\/pages\/37818\/revisions"}],"wp:attachment":[{"href":"https:\/\/marcwiner.com\/es\/wp-json\/wp\/v2\/media?parent=37818"}],"curies":[{"name":"wp","href":"https:\/\/api.w.org\/{rel}","templated":true}]}}