{"id":33360,"date":"2021-04-17T13:01:17","date_gmt":"2021-04-17T11:01:17","guid":{"rendered":"https:\/\/marcwiner.com\/?page_id=33360"},"modified":"2025-06-13T09:32:08","modified_gmt":"2025-06-13T07:32:08","slug":"acerca-de-marc-winer","status":"publish","type":"page","link":"https:\/\/marcwiner.com\/es\/acerca-de-marc-winer\/","title":{"rendered":"Acerca de Marc Winer"},"content":{"rendered":"\n<p><strong>\u00a1Hola! \u00a1Bienvenido a mi blog!&nbsp;<\/strong><\/p>\n\n\n\n<p>Me alegra mucho conocerte. Me llamo Marc, <strong>adicto a la comida<\/strong> (sobre todo al ajo) y un <strong>apasionado de la cocina<\/strong>. Desde hace m\u00e1s de 3 a\u00f1os soy <strong>creador de contenido culinario<\/strong>.<\/p>\n\n\n\n<figure class=\"wp-block-image aligncenter size-full\"><img loading=\"lazy\" decoding=\"async\" width=\"924\" height=\"1232\" src=\"https:\/\/marcwiner.com\/wp-content\/uploads\/2023\/10\/nouilles-de-lamour-moi-scaled.jpg\" alt=\"marc souriant avec des nouilles tenues entre deux baguettes en bois\" class=\"wp-image-10157\" title=\"\" srcset=\"https:\/\/marcwiner.com\/wp-content\/uploads\/2023\/10\/nouilles-de-lamour-moi-scaled.jpg 924w, https:\/\/marcwiner.com\/wp-content\/uploads\/2023\/10\/nouilles-de-lamour-moi-225x300.jpg 225w, https:\/\/marcwiner.com\/wp-content\/uploads\/2023\/10\/nouilles-de-lamour-moi-768x1024.jpg 768w, https:\/\/marcwiner.com\/wp-content\/uploads\/2023\/10\/nouilles-de-lamour-moi-750x1000.jpg 750w\" sizes=\"auto, (max-width: 924px) 100vw, 924px\" \/><\/figure>\n\n\n\n<p>Al principio me form\u00e9 en <strong>econom\u00eda<\/strong> y <strong>comercio internacional<\/strong>, pero en cuanto me gradu\u00e9 aprovech\u00e9 la ocasi\u00f3n para dedicarme por completo a mi pasi\u00f3n gastron\u00f3mica.<\/p>\n\n\n\n<p>Nada me entusiasma m\u00e1s que descubrir <strong>nuevos sabores ex\u00f3ticos<\/strong>. La diversidad de la cocina me parece fascinante y, en cuanto doy con una combinaci\u00f3n deliciosa, corro a reproducirla para que la disfruten <strong>mis lectores y todos mis allegados<\/strong>!&nbsp;<\/p>\n\n\n\n<p>Mis estudios <strong>intensivos<\/strong> me inculcaron el amor por <strong>los n\u00fameros, la ciencia y el rigor<\/strong>; por eso abordo <strong>cada receta como un experimento<\/strong>. Con la ayuda de una libreta ajusto meticulosamente variables como el sazonado, el tiempo o la intensidad de cocci\u00f3n&#8230; hasta lograr <strong>la perfecci\u00f3n<\/strong> (al menos seg\u00fan mi paladar).&nbsp;<\/p>\n\n\n\n<figure class=\"wp-block-image aligncenter size-full is-resized\"><img loading=\"lazy\" decoding=\"async\" src=\"https:\/\/marcwiner.com\/wp-content\/uploads\/2023\/10\/photo-de-moi-made-in-asia-final-scaled.jpg\" alt=\"Marc devant plein de nourriture asiatique au festival made in asia\" class=\"wp-image-10011\" width=\"750\" height=\"1125\" title=\"\" srcset=\"https:\/\/marcwiner.com\/wp-content\/uploads\/2023\/10\/photo-de-moi-made-in-asia-final-scaled.jpg 924w, https:\/\/marcwiner.com\/wp-content\/uploads\/2023\/10\/photo-de-moi-made-in-asia-final-200x300.jpg 200w, https:\/\/marcwiner.com\/wp-content\/uploads\/2023\/10\/photo-de-moi-made-in-asia-final-683x1024.jpg 683w, https:\/\/marcwiner.com\/wp-content\/uploads\/2023\/10\/photo-de-moi-made-in-asia-final-768x1152.jpg 768w, https:\/\/marcwiner.com\/wp-content\/uploads\/2023\/10\/photo-de-moi-made-in-asia-final-360x540.jpg 360w, https:\/\/marcwiner.com\/wp-content\/uploads\/2023\/10\/photo-de-moi-made-in-asia-final-720x1080.jpg 720w, https:\/\/marcwiner.com\/wp-content\/uploads\/2023\/10\/photo-de-moi-made-in-asia-final-750x1125.jpg 750w\" sizes=\"auto, (max-width: 750px) 100vw, 750px\" \/><\/figure>\n\n\n\n<p>A veces sale perfecto a la primera, pero otras preparo lo mismo 6, 7 u 8 veces seguidas. En resumen, puedo asegurar que la gran mayor\u00eda de las recetas de mi sitio han sido <strong>rigurosamente probadas y perfeccionadas<\/strong>.&nbsp;<\/p>\n\n\n\n<h3 class=\"wp-block-heading\">Mi trayectoria<\/h3>\n\n\n\n<p>Vivo en <strong>B\u00e9lgica<\/strong>, aunque soy de <strong>origen franco-estadounidense<\/strong>. Para compensar las calor\u00edas, <strong>practico karate<\/strong> desde hace m\u00e1s de 20 a\u00f1os.<\/p>\n\n\n\n<figure class=\"wp-block-image aligncenter size-full\"><img loading=\"lazy\" decoding=\"async\" width=\"926\" height=\"924\" src=\"https:\/\/marcwiner.com\/wp-content\/uploads\/2023\/10\/karate-.jpg\" alt=\"photo de marc en kimono avec une m\u00e9daille\" class=\"wp-image-10168\" title=\"\" srcset=\"https:\/\/marcwiner.com\/wp-content\/uploads\/2023\/10\/karate-.jpg 926w, https:\/\/marcwiner.com\/wp-content\/uploads\/2023\/10\/karate--300x300.jpg 300w, https:\/\/marcwiner.com\/wp-content\/uploads\/2023\/10\/karate--150x150.jpg 150w, https:\/\/marcwiner.com\/wp-content\/uploads\/2023\/10\/karate--768x767.jpg 768w, https:\/\/marcwiner.com\/wp-content\/uploads\/2023\/10\/karate--500x500.jpg 500w, https:\/\/marcwiner.com\/wp-content\/uploads\/2023\/10\/karate--360x360.jpg 360w, https:\/\/marcwiner.com\/wp-content\/uploads\/2023\/10\/karate--750x749.jpg 750w, https:\/\/marcwiner.com\/wp-content\/uploads\/2023\/10\/karate--100x100.jpg 100w\" sizes=\"auto, (max-width: 926px) 100vw, 926px\" \/><figcaption class=\"wp-element-caption\">Foto tomada en el campeonato de Hauts-de-France 2018, cuando me clasifiqu\u00e9 para el campeonato de Francia<\/figcaption><\/figure>\n\n\n\n<p>Al principio la cocina era para m\u00ed un <strong>medio al servicio de un fin<\/strong>: comer. De ni\u00f1o ten\u00eda la costumbre de encontrar soluci\u00f3n para todo, sobre todo cuando se trataba de golosinas. \u00bfNo quedaban caramelos en la despensa? \u00a1Sin problema! Hab\u00eda az\u00facar, as\u00ed que bastaba con transformarlo en caramelo. Convertido en el h\u00e9roe de mis hermanos en aquellos tiempos de escasez, pronto me acostumbr\u00e9 a suplir cualquier falta de v\u00edveres!<\/p>\n\n\n\n<p>Desde entonces, mi pasi\u00f3n por la cocina se ha basado en ese principio: reproducir lo que me gusta para <strong>hacerlo accesible<\/strong> a voluntad!<\/p>\n\n\n\n<p>Con el tiempo, cada vez que probaba un plato nuevo que me encantaba intentaba reproducirlo en casa lo m\u00e1s fielmente posible. Tengo la suerte de visitar cada a\u00f1o a mi familia estadounidense en Nueva York; esta ciudad y sus barrios \u00e9tnicos han sido (y siguen siendo) mis grandes fuentes de inspiraci\u00f3n culinaria. All\u00ed hay de todo: desde <a href=\"https:\/\/marcwiner.com\/es\/la-cocina-china\/\">cocina china aut\u00e9ntica<\/a> y <a href=\"https:\/\/marcwiner.com\/es\/la-cocina-japonesa\/\">cocina japonesa<\/a> hasta <a href=\"https:\/\/marcwiner.com\/es\/la-cocina-coreana\/\">cocina coreana <\/a>y mucho m\u00e1s. No dud\u00e9is en pedirme recomendaciones si vais por all\u00ed.<\/p>\n\n\n\n<h3 class=\"wp-block-heading\">La historia de mi blog<\/h3>\n\n\n\n<p>Aunque mis estudios fueron duros por momentos, mi <strong>amor por la cocina<\/strong> nunca se apag\u00f3. De hecho, en los d\u00edas complicados en la biblioteca de la universidad me motivaba imaginar lo que me preparar\u00eda en casa para el almuerzo o la cena.<\/p>\n\n\n\n<p><strong>Perfeccionar recetas<\/strong> se convirti\u00f3 en mi proyecto paralelo durante los ex\u00e1menes; por ejemplo, en una convocatoria me aliment\u00e9 \u00fanicamente de distintas versiones de okonomiyaki. Era r\u00e1pido, equilibrado y delicioso, y lo prepar\u00e9 <strong>de decenas de maneras<\/strong>.&nbsp;<\/p>\n\n\n\n<figure class=\"wp-block-image aligncenter size-full\"><img loading=\"lazy\" decoding=\"async\" width=\"924\" height=\"1232\" src=\"https:\/\/marcwiner.com\/wp-content\/uploads\/2023\/10\/pure-lifestyle-original-scaled.jpg\" alt=\"Marc mangeant du jambon en travaillant\" class=\"wp-image-10169\" title=\"\" srcset=\"https:\/\/marcwiner.com\/wp-content\/uploads\/2023\/10\/pure-lifestyle-original-scaled.jpg 924w, https:\/\/marcwiner.com\/wp-content\/uploads\/2023\/10\/pure-lifestyle-original-225x300.jpg 225w, https:\/\/marcwiner.com\/wp-content\/uploads\/2023\/10\/pure-lifestyle-original-768x1024.jpg 768w, https:\/\/marcwiner.com\/wp-content\/uploads\/2023\/10\/pure-lifestyle-original-750x1000.jpg 750w\" sizes=\"auto, (max-width: 924px) 100vw, 924px\" \/><figcaption class=\"wp-element-caption\">O un buen jam\u00f3n ib\u00e9rico durante mi m\u00e1ster en Madrid<\/figcaption><\/figure>\n\n\n\n<p>Durante mis dos \u00faltimos a\u00f1os de estudios en la escuela de negocios empec\u00e9 a compartir mis platos en las redes sociales, especialmente en mi cuenta <a href=\"https:\/\/www.instagram.com\/marcwiner\/\" target=\"_blank\" rel=\"noopener\">Instagram<\/a>. Pronto descubr\u00ed que el formato me resultaba limitado y deseaba un espacio propio donde expresarme de verdad. As\u00ed naci\u00f3 <strong>marcwiner.com<\/strong>.<\/p>\n\n\n\n<p>Si me sigues desde hace tiempo, sabr\u00e1s que me expand\u00ed a <a href=\"https:\/\/www.youtube.com\/channel\/UCwqNchlodvWskh19Q-hf4uw\" target=\"_blank\" rel=\"noopener\">Youtube<\/a>, <a href=\"https:\/\/www.tiktok.com\/@marcwiner?lang=fr\" target=\"_blank\" rel=\"noopener\">Tiktok<\/a> e incluso a mi <a href=\"https:\/\/www.facebook.com\/groups\/314403600621638\" target=\"_blank\" rel=\"noopener\">grupo Facebook<\/a>, que ya re\u00fane a casi 500 000 miembros que comparten <strong>mi pasi\u00f3n por la cocina asi\u00e1tica<\/strong>.&nbsp;<\/p>\n\n\n\n<p>Adem\u00e1s, quiero combatir el olvido culinario; ahora que cuento con una comunidad comprometida puedo dar visibilidad a recetas casi desconocidas para el gran p\u00fablico. Y eso me parece fant\u00e1stico.<\/p>\n\n\n\n<p>En resumen, si te apasiona la <strong>cocina asi\u00e1tica aut\u00e9ntica<\/strong> explicada de la forma m\u00e1s <strong>sencilla<\/strong> y <strong>sabrosa<\/strong> posible, \u00a1este es tu sitio!<\/p>\n\n\n\n<h3 class=\"wp-block-heading\">Mi viaje culinario<\/h3>\n\n\n\n<p>Desde que lanc\u00e9 mi sitio he tenido la oportunidad de participar en varios eventos gastron\u00f3micos muy interesantes:<\/p>\n\n\n\n<ul class=\"wp-block-list\">\n<li>Form\u00e9 parte de <a href=\"https:\/\/www.instagram.com\/kotechine\/?hl=fr\" target=\"_blank\" rel=\"noopener\">ko-\u00e9-chine<\/a> durante mis a\u00f1os en Louvain-la-Neuve, una asociaci\u00f3n estudiantil dedicada a la cultura china; all\u00ed organiz\u00e1bamos el A\u00f1o Nuevo chino para m\u00e1s de 300 personas<\/li>\n\n\n\n<li>Masterclass de raviolis con el chef con estrella Michelin Giovanni Bruno en abril de 2022<\/li>\n\n\n\n<li>Visit\u00e9 su casa y convers\u00e9 varias veces con el chef tres estrellas David Martin en 2022 y 2023<\/li>\n\n\n\n<li>Conoc\u00ed y convers\u00e9 con el chef con estrella Michelin San Degeimbre en junio de 2023<\/li>\n\n\n\n<li>Degust\u00e9 y convers\u00e9 con el maestro pastelero japon\u00e9s <a href=\"https:\/\/www.patisserie-sasaki.be\/\" target=\"_blank\" rel=\"noopener\">Yasushi Sasaki<\/a> en marzo de 2023<\/li>\n\n\n\n<li>Aprend\u00ed y perfeccion\u00e9, con una chef tailandesa del <a href=\"https:\/\/phuket.burasari.com\/\" target=\"_blank\" rel=\"noopener\">hotel Burasari<\/a>, la preparaci\u00f3n de aut\u00e9nticos <a href=\"https:\/\/marcwiner.com\/es\/pad-thai\/\">Pad Thai<\/a> y <a href=\"https:\/\/marcwiner.com\/es\/som-tam\/\">Som tam<\/a><\/li>\n\n\n\n<li>Prepar\u00e9 y serv\u00ed brochetas en un mercado nocturno tailand\u00e9s durante mi viaje de 2023<\/li>\n\n\n\n<li>Aprend\u00ed t\u00e9cnicas culinarias tradicionales con chefs turcos en la frontera siria en 2023<\/li>\n\n\n\n<li>Elabor\u00e9 pancakes japoneses durante la Made In Asia 2023<\/li>\n<\/ul>\n\n\n\n<figure class=\"wp-block-gallery has-nested-images columns-default is-cropped wp-block-gallery-1 is-layout-flex wp-block-gallery-is-layout-flex\">\n<figure class=\"wp-block-image size-full\"><img loading=\"lazy\" decoding=\"async\" width=\"924\" height=\"1232\" data-id=\"10166\" src=\"https:\/\/marcwiner.com\/wp-content\/uploads\/2023\/10\/sasaki.jpg\" alt=\"Chef P\u00e2tissier Sasaki\" class=\"wp-image-10166\" title=\"\" srcset=\"https:\/\/marcwiner.com\/wp-content\/uploads\/2023\/10\/sasaki.jpg 924w, https:\/\/marcwiner.com\/wp-content\/uploads\/2023\/10\/sasaki-225x300.jpg 225w, https:\/\/marcwiner.com\/wp-content\/uploads\/2023\/10\/sasaki-768x1024.jpg 768w, https:\/\/marcwiner.com\/wp-content\/uploads\/2023\/10\/sasaki-750x1000.jpg 750w\" sizes=\"auto, (max-width: 924px) 100vw, 924px\" \/><\/figure>\n\n\n\n<figure class=\"wp-block-image size-full\"><img loading=\"lazy\" decoding=\"async\" width=\"924\" height=\"1232\" data-id=\"10165\" src=\"https:\/\/marcwiner.com\/wp-content\/uploads\/2023\/10\/San-degeimbre-scaled.jpg\" alt=\"Chef San Degeimbre\" class=\"wp-image-10165\" title=\"\" srcset=\"https:\/\/marcwiner.com\/wp-content\/uploads\/2023\/10\/San-degeimbre-scaled.jpg 924w, https:\/\/marcwiner.com\/wp-content\/uploads\/2023\/10\/San-degeimbre-225x300.jpg 225w, https:\/\/marcwiner.com\/wp-content\/uploads\/2023\/10\/San-degeimbre-768x1024.jpg 768w, https:\/\/marcwiner.com\/wp-content\/uploads\/2023\/10\/San-degeimbre-750x1000.jpg 750w\" sizes=\"auto, (max-width: 924px) 100vw, 924px\" \/><\/figure>\n\n\n\n<figure class=\"wp-block-image size-full\"><img loading=\"lazy\" decoding=\"async\" width=\"1232\" height=\"924\" data-id=\"10163\" src=\"https:\/\/marcwiner.com\/wp-content\/uploads\/2023\/10\/nightmarket-brochettes-scaled.jpg\" alt=\"Brochettes au nightmarket de krabi\" class=\"wp-image-10163\" title=\"\" srcset=\"https:\/\/marcwiner.com\/wp-content\/uploads\/2023\/10\/nightmarket-brochettes-scaled.jpg 1232w, https:\/\/marcwiner.com\/wp-content\/uploads\/2023\/10\/nightmarket-brochettes-300x225.jpg 300w, https:\/\/marcwiner.com\/wp-content\/uploads\/2023\/10\/nightmarket-brochettes-1024x768.jpg 1024w, https:\/\/marcwiner.com\/wp-content\/uploads\/2023\/10\/nightmarket-brochettes-768x576.jpg 768w, https:\/\/marcwiner.com\/wp-content\/uploads\/2023\/10\/nightmarket-brochettes-500x375.jpg 500w, https:\/\/marcwiner.com\/wp-content\/uploads\/2023\/10\/nightmarket-brochettes-750x563.jpg 750w\" sizes=\"auto, (max-width: 1232px) 100vw, 1232px\" \/><\/figure>\n\n\n\n<figure class=\"wp-block-image size-full\"><img loading=\"lazy\" decoding=\"async\" width=\"924\" height=\"1386\" data-id=\"10164\" src=\"https:\/\/marcwiner.com\/wp-content\/uploads\/2023\/10\/pancakes-japonais-preparation-de-moi.jpg\" alt=\"R\u00e9alisation de pancakes japonais\" class=\"wp-image-10164\" title=\"\" srcset=\"https:\/\/marcwiner.com\/wp-content\/uploads\/2023\/10\/pancakes-japonais-preparation-de-moi.jpg 924w, https:\/\/marcwiner.com\/wp-content\/uploads\/2023\/10\/pancakes-japonais-preparation-de-moi-200x300.jpg 200w, https:\/\/marcwiner.com\/wp-content\/uploads\/2023\/10\/pancakes-japonais-preparation-de-moi-683x1024.jpg 683w, https:\/\/marcwiner.com\/wp-content\/uploads\/2023\/10\/pancakes-japonais-preparation-de-moi-768x1152.jpg 768w, https:\/\/marcwiner.com\/wp-content\/uploads\/2023\/10\/pancakes-japonais-preparation-de-moi-360x540.jpg 360w, https:\/\/marcwiner.com\/wp-content\/uploads\/2023\/10\/pancakes-japonais-preparation-de-moi-720x1080.jpg 720w, https:\/\/marcwiner.com\/wp-content\/uploads\/2023\/10\/pancakes-japonais-preparation-de-moi-750x1125.jpg 750w\" sizes=\"auto, (max-width: 924px) 100vw, 924px\" \/><\/figure>\n\n\n\n<figure class=\"wp-block-image size-full\"><img loading=\"lazy\" decoding=\"async\" width=\"924\" height=\"1232\" data-id=\"10159\" src=\"https:\/\/marcwiner.com\/wp-content\/uploads\/2023\/10\/cheffe-burasari-scaled.jpg\" alt=\"Cheffe en tha\u00eflande m&#039;apprenant le pad tha\u00ef\" class=\"wp-image-10159\" title=\"\" srcset=\"https:\/\/marcwiner.com\/wp-content\/uploads\/2023\/10\/cheffe-burasari-scaled.jpg 924w, https:\/\/marcwiner.com\/wp-content\/uploads\/2023\/10\/cheffe-burasari-225x300.jpg 225w, https:\/\/marcwiner.com\/wp-content\/uploads\/2023\/10\/cheffe-burasari-768x1024.jpg 768w, https:\/\/marcwiner.com\/wp-content\/uploads\/2023\/10\/cheffe-burasari-750x1000.jpg 750w\" sizes=\"auto, (max-width: 924px) 100vw, 924px\" \/><\/figure>\n\n\n\n<figure class=\"wp-block-image size-full\"><img loading=\"lazy\" decoding=\"async\" width=\"924\" height=\"1175\" data-id=\"10160\" src=\"https:\/\/marcwiner.com\/wp-content\/uploads\/2023\/10\/Giovanni-Bruno.jpg\" alt=\"Chef \u00e9toil\u00e9 Giovanni Bruno pr\u00e9parant des raviolis\" class=\"wp-image-10160\" title=\"\" srcset=\"https:\/\/marcwiner.com\/wp-content\/uploads\/2023\/10\/Giovanni-Bruno.jpg 924w, https:\/\/marcwiner.com\/wp-content\/uploads\/2023\/10\/Giovanni-Bruno-236x300.jpg 236w, https:\/\/marcwiner.com\/wp-content\/uploads\/2023\/10\/Giovanni-Bruno-805x1024.jpg 805w, https:\/\/marcwiner.com\/wp-content\/uploads\/2023\/10\/Giovanni-Bruno-768x976.jpg 768w, https:\/\/marcwiner.com\/wp-content\/uploads\/2023\/10\/Giovanni-Bruno-750x954.jpg 750w\" sizes=\"auto, (max-width: 924px) 100vw, 924px\" \/><\/figure>\n\n\n\n<figure class=\"wp-block-image size-full\"><img loading=\"lazy\" decoding=\"async\" width=\"924\" height=\"1232\" data-id=\"10158\" src=\"https:\/\/marcwiner.com\/wp-content\/uploads\/2023\/10\/Chef-turc-scaled.jpg\" alt=\"chef turc et Marc\" class=\"wp-image-10158\" title=\"\" srcset=\"https:\/\/marcwiner.com\/wp-content\/uploads\/2023\/10\/Chef-turc-scaled.jpg 924w, https:\/\/marcwiner.com\/wp-content\/uploads\/2023\/10\/Chef-turc-225x300.jpg 225w, https:\/\/marcwiner.com\/wp-content\/uploads\/2023\/10\/Chef-turc-768x1024.jpg 768w, https:\/\/marcwiner.com\/wp-content\/uploads\/2023\/10\/Chef-turc-750x1000.jpg 750w\" sizes=\"auto, (max-width: 924px) 100vw, 924px\" \/><\/figure>\n<\/figure>\n\n\n\n<h3 class=\"wp-block-heading\">Mi formaci\u00f3n<\/h3>\n\n\n\n<p><strong>Grado en Econom\u00eda y Gesti\u00f3n <\/strong>&#8211; <a href=\"https:\/\/uclouvain.be\/fr\/index.html\" target=\"_blank\" rel=\"noopener\">UCLouvain<\/a> &#8211; Louvain-la-Neuve, B\u00e9lgica<\/p>\n\n\n\n<p><strong>M\u00e1ster en Management, especializaci\u00f3n en Comercio Internacional<\/strong> &#8211; <a href=\"https:\/\/www.ie.edu\/business-school\/\" target=\"_blank\" rel=\"noopener\">ie Business School<\/a> &#8211; Madrid, Espa\u00f1a<\/p>\n\n\n\n<figure class=\"wp-block-image aligncenter size-full\"><img loading=\"lazy\" decoding=\"async\" width=\"1084\" height=\"1084\" src=\"https:\/\/marcwiner.com\/wp-content\/uploads\/2023\/10\/graduation-ie-business-school-vrai.webp\" alt=\"marc \u00e0 la graduation de l&#039;ie business school\" class=\"wp-image-10161\" title=\"\" srcset=\"https:\/\/marcwiner.com\/wp-content\/uploads\/2023\/10\/graduation-ie-business-school-vrai.webp 1084w, https:\/\/marcwiner.com\/wp-content\/uploads\/2023\/10\/graduation-ie-business-school-vrai-300x300.webp 300w, https:\/\/marcwiner.com\/wp-content\/uploads\/2023\/10\/graduation-ie-business-school-vrai-1024x1024.webp 1024w, https:\/\/marcwiner.com\/wp-content\/uploads\/2023\/10\/graduation-ie-business-school-vrai-150x150.webp 150w, https:\/\/marcwiner.com\/wp-content\/uploads\/2023\/10\/graduation-ie-business-school-vrai-768x768.webp 768w, https:\/\/marcwiner.com\/wp-content\/uploads\/2023\/10\/graduation-ie-business-school-vrai-500x500.webp 500w, https:\/\/marcwiner.com\/wp-content\/uploads\/2023\/10\/graduation-ie-business-school-vrai-360x360.webp 360w, https:\/\/marcwiner.com\/wp-content\/uploads\/2023\/10\/graduation-ie-business-school-vrai-750x750.webp 750w, https:\/\/marcwiner.com\/wp-content\/uploads\/2023\/10\/graduation-ie-business-school-vrai-100x100.webp 100w\" sizes=\"auto, (max-width: 1084px) 100vw, 1084px\" \/><\/figure>\n\n\n\n<h3 class=\"wp-block-heading\">Entrevistas y prensa<\/h3>\n\n\n\n<ul class=\"wp-block-list\">\n<li><a href=\"https:\/\/www.madeinasia.be\/fr\/retrouvez-vos-plats-asiatiques-favoris-du-festival-sur-le-site-de-marc-winer\/\" target=\"_blank\" rel=\"noopener\">Made In Asia<\/a><\/li>\n\n\n\n<li><a href=\"https:\/\/www.lesoir.be\/509928\/article\/2023-04-27\/les-rouleaux-de-printemps-nattendent-que-le-beau-temps\" target=\"_blank\" rel=\"noopener\">Le Soir &#8211; Sobre los rollitos de primavera<\/a><\/li>\n\n\n\n<li><a href=\"https:\/\/www.sudinfo.be\/art\/906826\/article\/2022-02-13\/tournai-les-recettes-allechantes-de-marc-winer-cartonnent-sur-internet\" target=\"_blank\" rel=\"noopener\">Sudinfo &#8211; Las recetas de Marc Winer arrasan en Internet<\/a><\/li>\n\n\n\n<li><a href=\"https:\/\/www.madmoizelle.com\/3-comptes-instagram-de-recettes-qui-vont-regaler-vos-papilles-1448635\" target=\"_blank\" rel=\"noopener\">Madmoizelle &#8211; 3 cuentas de Instagram que van a deleitar tu paladar<\/a><\/li>\n\n\n\n<li><a href=\"https:\/\/soirmag.lesoir.be\/463456\/article\/2022-09-05\/rumsteak-jarret-filet-onglet-araignee-poitrine-tout-se-mange-aussi-dans-le-boeuf\" target=\"_blank\" rel=\"noopener\">Le Soir &#8211; Sobre la carne de vacuno<\/a><\/li>\n\n\n\n<li><a href=\"https:\/\/www.notele.be\/it61-media110392-vu-du-web-les-pompiers-plongeurs-de-wallonie-picarde-les-codes-du-theatre-pour-les-enfants-et-les-recettes-de-marc-winer.html\" target=\"_blank\" rel=\"noopener\">Not\u00e9l\u00e9 &#8211; Visto en la Web &#8211; Las recetas de Marc Winer<\/a><\/li>\n\n\n\n<li><a href=\"https:\/\/sosoir.lesoir.be\/618156\/article\/2024-08-26\/pourquoi-de-plus-en-plus-de-restos-proposent-ils-cette-specialite-asiatique\" target=\"_blank\" rel=\"noopener\">Sosoir &#8211; Sobre el pollo frito asi\u00e1tico<\/a><\/li>\n<\/ul>\n\n\n\n<h3 class=\"wp-block-heading\">Medios digitales y colegas blogueros<\/h3>\n\n\n\n<p><a href=\"https:\/\/lestresorsdelavie.phonghg.fr\/2023\/05\/30\/site-de-cuisine-de-marc-winer\/\" target=\"_blank\" rel=\"noopener\">Sitio de cocina de Marc Winer &#8211; Les tr\u00e9sors de la vie<\/a><\/p>\n\n\n\n<p><a href=\"https:\/\/mafiarose.com\/marc-winer-sake-manger-la-cocina-asiatique-simplifie\/\" target=\"_blank\" rel=\"noopener\">Marc Winer, sak\u00e9, \u00a1a comer! La cocina asi\u00e1tica simplificada &#8211; Mafia Rose<\/a><\/p>\n\n\n\n<p><a href=\"http:\/\/valeriepassioncuisine.over-blog.com\/2023\/03\/tteokbokki-au-poulet-et-legumes-sauce-epicee.html\" rel=\"nofollow noopener\" target=\"_blank\">Tteokbokki &#8211; Val\u00e9rie Passion cocina<\/a><\/p>\n","protected":false},"excerpt":{"rendered":"<p>\u00a1Hola! \u00a1Bienvenido a mi blog!&nbsp; Me alegra mucho conocerte. Me llamo Marc, adicto a la comida (sobre todo al ajo) y un apasionado de la cocina. Desde hace m\u00e1s de 3 a\u00f1os soy creador de contenido culinario. Al principio me form\u00e9 en econom\u00eda y comercio internacional, pero en cuanto me [&hellip;]<\/p>\n","protected":false},"author":4,"featured_media":2156,"parent":0,"menu_order":0,"comment_status":"closed","ping_status":"closed","template":"","meta":{"_acf_changed":false,"wprm-recipe-roundup-name":"","wprm-recipe-roundup-description":"","wpupg_custom_link":[],"wpupg_custom_link_behaviour":[],"wpupg_custom_link_nofollow":[],"wpupg_custom_image":[],"wpupg_custom_image_id":[],"footnotes":""},"class_list":["post-33360","page","type-page","status-publish","has-post-thumbnail","hentry"],"acf":[],"memberpress":{"is_locked":false},"_links":{"self":[{"href":"https:\/\/marcwiner.com\/es\/wp-json\/wp\/v2\/pages\/33360","targetHints":{"allow":["GET"]}}],"collection":[{"href":"https:\/\/marcwiner.com\/es\/wp-json\/wp\/v2\/pages"}],"about":[{"href":"https:\/\/marcwiner.com\/es\/wp-json\/wp\/v2\/types\/page"}],"author":[{"embeddable":true,"href":"https:\/\/marcwiner.com\/es\/wp-json\/wp\/v2\/users\/4"}],"replies":[{"embeddable":true,"href":"https:\/\/marcwiner.com\/es\/wp-json\/wp\/v2\/comments?post=33360"}],"version-history":[{"count":0,"href":"https:\/\/marcwiner.com\/es\/wp-json\/wp\/v2\/pages\/33360\/revisions"}],"wp:featuredmedia":[{"embeddable":true,"href":"https:\/\/marcwiner.com\/es\/wp-json\/wp\/v2\/media\/2156"}],"wp:attachment":[{"href":"https:\/\/marcwiner.com\/es\/wp-json\/wp\/v2\/media?parent=33360"}],"curies":[{"name":"wp","href":"https:\/\/api.w.org\/{rel}","templated":true}]}}