{"id":43682,"date":"2022-09-20T11:09:16","date_gmt":"2022-09-20T09:09:16","guid":{"rendered":"https:\/\/marcwiner.com\/?page_id=43682"},"modified":"2025-07-02T08:26:30","modified_gmt":"2025-07-02T06:26:30","slug":"kontakt-de","status":"publish","type":"page","link":"https:\/\/marcwiner.com\/de\/kontakt-de\/","title":{"rendered":"Kontakt"},"content":{"rendered":"\n<p>So erreichen Sie uns:<\/p>\n\n\n\n<ul class=\"wp-block-list\">\n<li><strong>Partnerschaften per E-Mail:<\/strong> partenariats@marcwiner.com <\/li>\n\n\n\n<li><strong>F\u00fcr kulinarische Fragen: <\/strong>recettes@marcwiner.com <\/li>\n\n\n\n<li><strong>\u00dcber Instagram:<\/strong> <a href=\"http:\/\/www.instagram.com\/marcwiner\/\" target=\"_blank\" rel=\"noreferrer noopener\">@marcwiner<\/a><\/li>\n<\/ul>\n\n\n\n<h2 class=\"wp-block-heading\">Angebotene Dienstleistungen<\/h2>\n\n\n\n<h3 class=\"wp-block-heading\">Sichtbarkeit f\u00fcr Ihre Marke<\/h3>\n\n\n\n<p>Nutzen Sie die Chance, Ihre Marke auf marcwiner.com &#8211; der gr\u00f6\u00dften franz\u00f6sischsprachigen Website f\u00fcr asiatische K\u00fcche mit mehr als 700 000 Besuchern pro Monat &#8211; prominent zu platzieren.<\/p>\n\n\n\n<p><strong>Qualit\u00e4t steht bei uns an erster Stelle, daher setzen wir hohe Ma\u00dfst\u00e4be an die Marken, mit denen wir arbeiten. Im Schnitt lehnen wir 8 von 10 Anfragen ab.<\/strong> Sichern Sie sich direkten Zugang zu unserer engagierten Community aus 75 000 Newsletter-Abonnenten sowie zu einem Publikum von 600 000 Mitgliedern in unserer Facebook-Gruppe.<\/p>\n\n\n\n<p>Zudem profitieren Sie von unserer starken Pr\u00e4senz auf Instagram, TikTok, Pinterest und Facebook, wo uns Zehntausende Follower begleiten. <a href=\"mailto:partenariats@marcwiner.com\">Kontaktieren Sie uns<\/a> noch heute, um gemeinsam auszuloten, wie wir Ihre Marke unserem Publikum n\u00e4herbringen k\u00f6nnen. <\/p>\n\n\n\n<h3 class=\"wp-block-heading\">SEO-Beratung<\/h3>\n\n\n\n<p>Marcwiner.com ist ein Paradebeispiel f\u00fcr organischen SEO-Erfolg: Innerhalb von nur drei Jahren wuchs die Seite aus dem Nichts auf mehr als 700 000 organische Besucher pro Monat. Dies verdanken wir nicht nur unserer k\u00f6stlichen K\u00fcche, sondern auch fundierter SEO-Expertise. Die Website dient uns als Testlabor, in dem wir fortlaufend neue Strategien erproben, die anschlie\u00dfend unseren Kunden zugutekommen.<\/p>\n\n\n\n<p>Auf Basis dieser Erfahrung bieten wir nun Beratungen an, um Marken und Websites zu \u00e4hnlichem Wachstum zu verhelfen. Unser ma\u00dfgeschneiderter Ansatz umfasst eine gr\u00fcndliche Analyse, die Optimierung der Seitenstruktur, die Erstellung suchmaschinenoptimierter Inhalte und eine laufende Anpassung an aktuelle Trends und Algorithmen.<\/p>\n\n\n\n<p>Mit unserer SEO-Beratung profitieren Sie von erprobten Strategien und nachweisbarer Expertise, die Ihren organischen Traffic deutlich steigern und Ihre Sichtbarkeit in der Branche erh\u00f6hen. Interessiert? Besuchen Sie die Website unserer <a href=\"https:\/\/maccus.fr\/\" target=\"_blank\" rel=\"noopener\">Marketing-Agentur in Tournai<\/a>, um Kontakt mit unserer <a href=\"https:\/\/maccus.fr\/seo\/\" target=\"_blank\" rel=\"noopener\">SEO-Agentur<\/a> aufzunehmen<\/p>\n\n\n\n<h3 class=\"wp-block-heading\">Blogging-Coaching<\/h3>\n\n\n\n<p>M\u00f6chtest du von deiner Kochleidenschaft leben, ohne dich von den Launen der Social-Media-Algorithmen abh\u00e4ngig zu machen? Vielleicht hast du bereits eine Website und fragst dich, ob sie ihr ganzes Potenzial aussch\u00f6pft &#8211; sei es bei der Monetarisierung, der Technik oder beim SEO.<\/p>\n\n\n\n<p>Z\u00f6gere nicht &#8211; <a href=\"mailto:blogueurs@marcwiner.com\">melde dich<\/a> noch heute! Ich teile gern meine Erfahrung, um das Maximum aus deiner Seite herauszuholen. Gemeinsam heben wir deine kulinarische Leidenschaft auf das n\u00e4chste Level. Keine 08\/15-Kurse und kein Infopreneur-Bullshit, sondern handfeste Praxis und messbare Resultate.<\/p>\n","protected":false},"excerpt":{"rendered":"<p>So erreichen Sie uns: Angebotene Dienstleistungen Sichtbarkeit f\u00fcr Ihre Marke Nutzen Sie die Chance, Ihre Marke auf marcwiner.com &#8211; der gr\u00f6\u00dften franz\u00f6sischsprachigen Website f\u00fcr asiatische K\u00fcche mit mehr als 700 000 Besuchern pro Monat &#8211; prominent zu platzieren. Qualit\u00e4t steht bei uns an erster Stelle, daher setzen wir hohe Ma\u00dfst\u00e4be [&hellip;]<\/p>\n","protected":false},"author":1,"featured_media":0,"parent":0,"menu_order":0,"comment_status":"closed","ping_status":"closed","template":"","meta":{"_acf_changed":false,"wprm-recipe-roundup-name":"","wprm-recipe-roundup-description":"","wpupg_custom_link":[],"wpupg_custom_link_behaviour":[],"wpupg_custom_link_nofollow":[],"wpupg_custom_image":[],"wpupg_custom_image_id":[],"footnotes":""},"class_list":["post-43682","page","type-page","status-publish","hentry"],"acf":[],"memberpress":{"is_locked":false},"_links":{"self":[{"href":"https:\/\/marcwiner.com\/de\/wp-json\/wp\/v2\/pages\/43682","targetHints":{"allow":["GET"]}}],"collection":[{"href":"https:\/\/marcwiner.com\/de\/wp-json\/wp\/v2\/pages"}],"about":[{"href":"https:\/\/marcwiner.com\/de\/wp-json\/wp\/v2\/types\/page"}],"author":[{"embeddable":true,"href":"https:\/\/marcwiner.com\/de\/wp-json\/wp\/v2\/users\/1"}],"replies":[{"embeddable":true,"href":"https:\/\/marcwiner.com\/de\/wp-json\/wp\/v2\/comments?post=43682"}],"version-history":[{"count":0,"href":"https:\/\/marcwiner.com\/de\/wp-json\/wp\/v2\/pages\/43682\/revisions"}],"wp:attachment":[{"href":"https:\/\/marcwiner.com\/de\/wp-json\/wp\/v2\/media?parent=43682"}],"curies":[{"name":"wp","href":"https:\/\/api.w.org\/{rel}","templated":true}]}}