{"id":37809,"date":"2023-03-08T16:14:47","date_gmt":"2023-03-08T15:14:47","guid":{"rendered":"https:\/\/marcwiner.com\/?page_id=37809"},"modified":"2025-06-23T10:38:15","modified_gmt":"2025-06-23T08:38:15","slug":"impressum","status":"publish","type":"page","link":"https:\/\/marcwiner.com\/de\/impressum\/","title":{"rendered":"Impressum"},"content":{"rendered":"\n<p style=\"text-align:center\">RECHTLICHE HINWEISE :<\/p>\n\n<p style=\"text-align:justify\">Gem\u00e4\u00df den Artikeln 6-III und 19 des Gesetzes Nr. 2004-575 vom 21. Juni 2004 zum Vertrauen in die digitale Wirtschaft (L.C.E.N.) stellen wir den Nutzern und Besucherinnen der Website : <a href=\"http:\/\/www.marcwiner.com\" target=\"_blank\" rel=\"noopener\">www.marcwiner.com<\/a> die folgenden Informationen zur Verf\u00fcgung :<\/p>\n\n<p style=\"text-align:justify\"><strong>1. Rechtliche Informationen :<\/strong><\/p>\n\n<p style=\"text-align:justify\">Status des Eigent\u00fcmers : <strong>Gesellschaft<\/strong><br>\nEigent\u00fcmer : <strong>MACCUS SRL<\/strong><br>\nPostanschrift des Eigent\u00fcmers : <strong>181 Avenue Des Alli\u00e9s 7540 Kain<\/strong><br>\n&nbsp;<br>\nErstellung der Website : <strong>MACCUS SRL<\/strong><br>\nVerantwortlicher f\u00fcr die&nbsp;Ver\u00f6ffentlichung : <strong>Marc Winer<\/strong><br>\nKontakt zum Verantwortlichen f\u00fcr die Ver\u00f6ffentlichung : <strong>maccus@marcwiner.com<\/strong><br>\nDer Verantwortliche f\u00fcr die Ver\u00f6ffentlichung ist eine<strong>&nbsp;juristische Person<\/strong><br>\n<br>\nWebmaster&nbsp; : <strong>Marc Winer<\/strong><br>\nKontakt zum Webmaster :&nbsp; <strong><a href=\"mailto:maccus@marcwiner.com?subject=Contact a partir des mentions le9gales via le site www.marcwiner.com\">maccus@marcwiner.com<\/a><\/strong><br>\nHosting-Anbieter der Website : <strong>OVH  2 rue Kellermann 59053  Roubaix<\/strong><br>\n\n\n<\/p><p style=\"text-align:justify\">&nbsp;<\/p>\n\n<p style=\"text-align:justify\"><strong>2. Vorstellung und Prinzip :<\/strong><\/p>\n\n<p style=\"text-align:justify\">Als <strong>Benutzer<\/strong> gilt jede Person, die sich mit der oben genannten Website : <a href=\"http:\/\/www.marcwiner.com\" target=\"_blank\" rel=\"noopener\">www.marcwiner.com<\/a> verbindet und sie nutzt.<br>\nDie Website <strong>www.marcwiner.com<\/strong><strong> <\/strong>stellt den Nutzern verschiedene Dienste im Ist-Zustand zur Verf\u00fcgung. Die Nutzer werden gebeten, sich h\u00f6flich zu verhalten und sowohl den anderen Nutzern als auch dem Webmaster von www.marcwiner.com in gutem Glauben zu begegnen. Die Website www.marcwiner.com wird regelm\u00e4\u00dfig von MACCUS SRL aktualisiert.<br>\nMACCUS SRL bem\u00fcht sich, auf www.marcwiner.com m\u00f6glichst genaue Informationen bereitzustellen (vorbehaltlich von \u00c4nderungen seit der Online-Stellung). Eine Gew\u00e4hr f\u00fcr Richtigkeit, Vollst\u00e4ndigkeit oder Aktualit\u00e4t der ver\u00f6ffentlichten Inhalte \u2013 gleich ob sie von MACCUS SRL oder von Drittpartnern stammen \u2013 kann jedoch nicht \u00fcbernommen werden. Der Benutzer erkennt daher an, dass er die bereitgestellten Informationen (rein indikativ, nicht vollst\u00e4ndig und ver\u00e4nderlich) auf eigene Verantwortung nutzt.<\/p>\n\n<p style=\"text-align:justify\">&nbsp;<\/p>\n\n<p style=\"text-align:justify\"><strong>3. Zug\u00e4nglichkeit :<\/strong><br>\n<br>\nDie Website www.marcwiner.com ist grunds\u00e4tzlich rund um die Uhr (24\/7) f\u00fcr die Nutzer erreichbar, ausgenommen geplante oder ungeplante Unterbrechungen, die unter anderem f\u00fcr Wartungsarbeiten erforderlich sind oder auf h\u00f6here Gewalt zur\u00fcckgehen. Sollte der Zugriff auf den Dienst unm\u00f6glich sein, verpflichtet sich www.marcwiner.com, alles Zumutbare zu unternehmen, um die Verf\u00fcgbarkeit wiederherzustellen, und bem\u00fcht sich, die Nutzer im Voraus \u00fcber Datum und Uhrzeit der Ma\u00dfnahme zu informieren.&nbsp; Da www.marcwiner.com lediglich einer Mittelverpflichtung unterliegt, kann f\u00fcr Sch\u00e4den jeglicher Art, die aus der Nichtverf\u00fcgbarkeit des Dienstes entstehen, keine Haftung \u00fcbernommen werden.<\/p>\n\n<p style=\"text-align:justify\">&nbsp;<\/p>\n\n<p style=\"text-align:justify\"><strong>4. Geistiges Eigentum :<\/strong><\/p>\n\n<p style=\"text-align:justify\"><br>\nMACCUS SRL ist alleiniger Inhaber aller geistigen Eigentumsrechte bzw. verf\u00fcgt \u00fcber die entsprechenden Nutzungsrechte an s\u00e4mtlichen auf der Website zug\u00e4nglichen Elementen, gleich ob es sich um Struktur, Texte, Bilder, Grafiken, Logos, Icons, Sounds oder Software handelt.<br>\nJegliche vollst\u00e4ndige oder teilweise Vervielf\u00e4ltigung, Darstellung, \u00c4nderung, Ver\u00f6ffentlichung oder Anpassung eines dieser Elemente, unabh\u00e4ngig von Verfahren oder Medium, ist ohne vorherige schriftliche Genehmigung von Marc Winer, Eigent\u00fcmer der Website, unter der E-Mail-Adresse : m.winer@marcwiner.com, untersagt; Zuwiderhandlungen gelten als F\u00e4lschung und werden gem\u00e4\u00df den Artikeln L.335-2 ff. des Gesetzbuchs \u00fcber geistiges Eigentum strafrechtlich verfolgt.<\/p>\n\n<p style=\"text-align:justify\"><br>\n<strong>5. Hyperlinks und Cookies :<\/strong><br>\n<br>\nDie Website www.marcwiner.com enth\u00e4lt einige Hyperlinks zu anderen Websites (Partner, Informationsquellen usw.), die mit Zustimmung von MACCUS SRL eingerichtet wurden. MACCUS SRL hat jedoch keine M\u00f6glichkeit, den gesamten Inhalt der so besuchten Websites zu kontrollieren, und lehnt daher jede Verantwortung f\u00fcr eventuelle rechtswidrige Inhalte ab.<br>\nDer Nutzer wird darauf hingewiesen, dass bei Besuchen auf www.marcwiner.com ein oder mehrere Cookies automatisch auf seinem Computer gespeichert werden k\u00f6nnen. Ein Cookie ist ein Datenblock, der den Nutzer nicht pers\u00f6nlich identifiziert, jedoch Informationen \u00fcber die Navigation auf der Website speichert.&nbsp;<br>\nDie Browserkonfiguration erm\u00f6glicht es, \u00fcber das Vorhandensein von Cookies informiert zu werden und diese gegebenenfalls nach der unter folgender Adresse beschriebenen Vorgehensweise abzulehnen : <a href=\"http:\/\/www.cnil.fr\" target=\"_blank\" rel=\"noopener\">www.cnil.fr<\/a>. Der Nutzer kann seinen Browser auch so einstellen, dass Cookies grunds\u00e4tzlich abgelehnt werden, wobei bekannt ist, dass dies den Zugriff auf bestimmte Dienste einschr\u00e4nken kann. Um Cookies zu blockieren, geben Sie in Ihre Suchmaschine ein : Cookies in IE oder Firefox blockieren und folgen Sie den Anweisungen, die Ihrer Browserversion entsprechen.<\/p>\n\n<p style=\"text-align:justify\"><br>\n<strong>6. Schutz von Eigentum und Personen \u2013 Verwaltung personenbezogener Daten :<\/strong><br>\n<br>\nIn Frankreich sind personenbezogene Daten insbesondere durch das Gesetz Nr. 78-87 vom 6. Januar 1978, das Gesetz Nr. 2004-801 vom 6. August 2004, Artikel L. 226-13 des Strafgesetzbuches sowie die EU-Richtlinie vom 24. Oktober 1995 gesch\u00fctzt.<\/p>\n\n<p style=\"text-align:justify\">Auf www.marcwiner.com erhebt MACCUS SRL personenbezogene Daten der Nutzer (im Sinne von Artikel 4 des Gesetzes Nr. 78-17 vom 6. Januar 1978) nur insoweit, als dies f\u00fcr bestimmte vom Portal www.marcwiner.com angebotene Dienste erforderlich ist. Die Nutzer stellen diese Informationen in voller Kenntnis der Sachlage zur Verf\u00fcgung, insbesondere wenn sie die Daten selbst eingeben. Die Nutzer von www.marcwiner.com werden dar\u00fcber informiert, ob die Angabe dieser Informationen verpflichtend oder freiwillig ist.<br>\nGem\u00e4\u00df den Artikeln 38 ff. des Gesetzes 78-17 vom 6. Januar 1978 \u00fcber Informatik, Dateien und Freiheiten verf\u00fcgt jeder Nutzer \u00fcber ein Recht auf Zugang, Berichtigung, L\u00f6schung und Widerspruch hinsichtlich der ihn betreffenden personenbezogenen Daten. Zur Aus\u00fcbung dieses Rechts senden Sie Ihre Anfrage an www.marcwiner.com per Email : <strong><a href=\"mailto:m.winer@marcwiner.com?subject=Contact \u00ef\u00bf\u00bd partir des mentions l\u00ef\u00bf\u00bdgales via le site www.marcwiner.com\">maccus@marcwiner.com<\/a><\/strong> oder&nbsp;schriftlich, ordnungsgem\u00e4\u00df unterzeichnet, zusammen mit einer Kopie eines Ausweisdokuments mit Unterschrift des Inhabers des Dokuments, und geben Sie die Adresse an, an die die Antwort gesendet werden soll.<\/p>\n\n<p style=\"text-align:justify\">Keine personenbezogene Information des Nutzers von www.marcwiner.com wird ohne dessen Wissen ver\u00f6ffentlicht, ausgetauscht, \u00fcbertragen, abgetreten oder auf irgendeinem Datentr\u00e4ger an Dritte verkauft. Nur im Fall eines Kaufs von www.marcwiner.com und seiner Rechte w\u00e4re MACCUS SRL berechtigt, die genannten Informationen an einen eventuellen Erwerber zu \u00fcbertragen, der seinerseits an dieselbe Verpflichtung zur Aufbewahrung und \u00c4nderung der Daten gegen\u00fcber den Nutzern von www.marcwiner.com gebunden w\u00e4re.<br>\nDie Website www.marcwiner.com ist DSGVO-konform. Siehe unsere Datenschutzrichtlinie&nbsp; https:\/\/marcwiner.com\/politique-de-confidentialite\/.<\/p>\n\n<p style=\"text-align:justify\">Die Datenbanken sind durch das Gesetz vom 1. Juli 1998 gesch\u00fctzt, mit dem die Richtlinie 96\/9 vom 11. M\u00e4rz 1996 \u00fcber den rechtlichen Schutz von Datenbanken umgesetzt wurde.<\/p>\n\n\n\n<p><\/p>\n","protected":false},"excerpt":{"rendered":"<p>RECHTLICHE HINWEISE : Gem\u00e4\u00df den Artikeln 6-III und 19 des Gesetzes Nr. 2004-575 vom 21. Juni 2004 zum Vertrauen in die digitale Wirtschaft (L.C.E.N.) stellen wir den Nutzern und Besucherinnen der Website : www.marcwiner.com die folgenden Informationen zur Verf\u00fcgung : 1. Rechtliche Informationen : Status des Eigent\u00fcmers : Gesellschaft Eigent\u00fcmer [&hellip;]<\/p>\n","protected":false},"author":1,"featured_media":0,"parent":0,"menu_order":0,"comment_status":"closed","ping_status":"closed","template":"","meta":{"_acf_changed":false,"wprm-recipe-roundup-name":"","wprm-recipe-roundup-description":"","wpupg_custom_link":[],"wpupg_custom_link_behaviour":[],"wpupg_custom_link_nofollow":[],"wpupg_custom_image":[],"wpupg_custom_image_id":[],"footnotes":""},"class_list":["post-37809","page","type-page","status-publish","hentry"],"acf":[],"memberpress":{"is_locked":false},"_links":{"self":[{"href":"https:\/\/marcwiner.com\/de\/wp-json\/wp\/v2\/pages\/37809","targetHints":{"allow":["GET"]}}],"collection":[{"href":"https:\/\/marcwiner.com\/de\/wp-json\/wp\/v2\/pages"}],"about":[{"href":"https:\/\/marcwiner.com\/de\/wp-json\/wp\/v2\/types\/page"}],"author":[{"embeddable":true,"href":"https:\/\/marcwiner.com\/de\/wp-json\/wp\/v2\/users\/1"}],"replies":[{"embeddable":true,"href":"https:\/\/marcwiner.com\/de\/wp-json\/wp\/v2\/comments?post=37809"}],"version-history":[{"count":0,"href":"https:\/\/marcwiner.com\/de\/wp-json\/wp\/v2\/pages\/37809\/revisions"}],"wp:attachment":[{"href":"https:\/\/marcwiner.com\/de\/wp-json\/wp\/v2\/media?parent=37809"}],"curies":[{"name":"wp","href":"https:\/\/api.w.org\/{rel}","templated":true}]}}