{"id":35514,"date":"2021-04-17T13:01:17","date_gmt":"2021-04-17T11:01:17","guid":{"rendered":"https:\/\/marcwiner.com\/?page_id=35514"},"modified":"2025-06-18T10:39:26","modified_gmt":"2025-06-18T08:39:26","slug":"uber-marc-winer","status":"publish","type":"page","link":"https:\/\/marcwiner.com\/de\/uber-marc-winer\/","title":{"rendered":"\u00dcber Marc Winer"},"content":{"rendered":"\n<p><strong>Hallo! Willkommen auf meinem Blog!&nbsp;<\/strong><\/p>\n\n\n\n<p>Ich freue mich sehr, dich kennenzulernen. Ich bin Marc, <strong>essenverr\u00fcckt<\/strong> (besonders nach Knoblauch) und ein <strong>leidenschaftlicher Koch<\/strong>. Seit mehr als drei Jahren arbeite ich als <strong>kulinarischer Content-Creator<\/strong>.<\/p>\n\n\n\n<figure class=\"wp-block-image aligncenter size-full\"><img loading=\"lazy\" decoding=\"async\" width=\"924\" height=\"1232\" src=\"https:\/\/marcwiner.com\/wp-content\/uploads\/2023\/10\/nouilles-de-lamour-moi-scaled.jpg\" alt=\"marc souriant avec des nouilles tenues entre deux baguettes en bois\" class=\"wp-image-10157\" title=\"\" srcset=\"https:\/\/marcwiner.com\/wp-content\/uploads\/2023\/10\/nouilles-de-lamour-moi-scaled.jpg 924w, https:\/\/marcwiner.com\/wp-content\/uploads\/2023\/10\/nouilles-de-lamour-moi-225x300.jpg 225w, https:\/\/marcwiner.com\/wp-content\/uploads\/2023\/10\/nouilles-de-lamour-moi-768x1024.jpg 768w, https:\/\/marcwiner.com\/wp-content\/uploads\/2023\/10\/nouilles-de-lamour-moi-750x1000.jpg 750w\" sizes=\"auto, (max-width: 924px) 100vw, 924px\" \/><\/figure>\n\n\n\n<p>Urspr\u00fcnglich lag mein Schwerpunkt auf <strong>Wirtschaft<\/strong> und <strong>internationalem Handel<\/strong>. Doch gleich nach meinem Abschluss nutzte ich die Chance, mich hauptberuflich meiner kulinarischen Leidenschaft zu widmen.<\/p>\n\n\n\n<p>Nichts begeistert mich mehr, als <strong>neue exotische Aromen<\/strong> zu entdecken. Die enorme Bandbreite an Geschmacksrichtungen fasziniert mich, und sobald ich eine spannende Kombination gefunden habe, koche ich sie nach, damit <strong>meine Leser und mein Umfeld<\/strong> mitgeniessen k\u00f6nnen!&nbsp;<\/p>\n\n\n\n<p>Meine <strong>intensiven<\/strong> Studien haben mir eine Vorliebe f\u00fcr <strong>Zahlen, Wissenschaft und Genauigkeit <\/strong>vermittelt; ich betrachte <strong>jedes Rezept als ein Experiment<\/strong>. Mit einem Notizblock in der Hand variiere ich akribisch Parameter wie W\u00fcrzung, Zeit oder Gargrad &#8230; bis ich <strong>Perfektion<\/strong> erreiche (zumindest nach meinem Geschmack).&nbsp;<\/p>\n\n\n\n<figure class=\"wp-block-image aligncenter size-full is-resized\"><img loading=\"lazy\" decoding=\"async\" src=\"https:\/\/marcwiner.com\/wp-content\/uploads\/2023\/10\/photo-de-moi-made-in-asia-final-scaled.jpg\" alt=\"Marc devant plein de nourriture asiatique au festival made in asia\" class=\"wp-image-10011\" width=\"750\" height=\"1125\" title=\"\" srcset=\"https:\/\/marcwiner.com\/wp-content\/uploads\/2023\/10\/photo-de-moi-made-in-asia-final-scaled.jpg 924w, https:\/\/marcwiner.com\/wp-content\/uploads\/2023\/10\/photo-de-moi-made-in-asia-final-200x300.jpg 200w, https:\/\/marcwiner.com\/wp-content\/uploads\/2023\/10\/photo-de-moi-made-in-asia-final-683x1024.jpg 683w, https:\/\/marcwiner.com\/wp-content\/uploads\/2023\/10\/photo-de-moi-made-in-asia-final-768x1152.jpg 768w, https:\/\/marcwiner.com\/wp-content\/uploads\/2023\/10\/photo-de-moi-made-in-asia-final-360x540.jpg 360w, https:\/\/marcwiner.com\/wp-content\/uploads\/2023\/10\/photo-de-moi-made-in-asia-final-720x1080.jpg 720w, https:\/\/marcwiner.com\/wp-content\/uploads\/2023\/10\/photo-de-moi-made-in-asia-final-750x1125.jpg 750w\" sizes=\"auto, (max-width: 750px) 100vw, 750px\" \/><\/figure>\n\n\n\n<p>Manchmal klappt ein Rezept direkt beim ersten Versuch, gelegentlich koche ich es jedoch 6, 7 oder 8 Mal hintereinander. Am Ende kann ich garantieren, dass nahezu alle Rezepte auf meiner Seite <strong>ausgiebig getestet und optimiert<\/strong> wurden.&nbsp;<\/p>\n\n\n\n<h3 class=\"wp-block-heading\">Mein Hintergrund<\/h3>\n\n\n\n<p>Ich lebe in <strong>Belgien<\/strong>, habe jedoch <strong>franz\u00f6sisch-amerikanische Wurzeln<\/strong>. Um die aufgenommenen Kalorien auszugleichen, praktiziere ich seit mehr als 20 Jahren <strong>Karate<\/strong>.<\/p>\n\n\n\n<figure class=\"wp-block-image aligncenter size-full\"><img loading=\"lazy\" decoding=\"async\" width=\"926\" height=\"924\" src=\"https:\/\/marcwiner.com\/wp-content\/uploads\/2023\/10\/karate-.jpg\" alt=\"photo de marc en kimono avec une m\u00e9daille\" class=\"wp-image-10168\" title=\"\" srcset=\"https:\/\/marcwiner.com\/wp-content\/uploads\/2023\/10\/karate-.jpg 926w, https:\/\/marcwiner.com\/wp-content\/uploads\/2023\/10\/karate--300x300.jpg 300w, https:\/\/marcwiner.com\/wp-content\/uploads\/2023\/10\/karate--150x150.jpg 150w, https:\/\/marcwiner.com\/wp-content\/uploads\/2023\/10\/karate--768x767.jpg 768w, https:\/\/marcwiner.com\/wp-content\/uploads\/2023\/10\/karate--500x500.jpg 500w, https:\/\/marcwiner.com\/wp-content\/uploads\/2023\/10\/karate--360x360.jpg 360w, https:\/\/marcwiner.com\/wp-content\/uploads\/2023\/10\/karate--750x749.jpg 750w, https:\/\/marcwiner.com\/wp-content\/uploads\/2023\/10\/karate--100x100.jpg 100w\" sizes=\"auto, (max-width: 926px) 100vw, 926px\" \/><figcaption class=\"wp-element-caption\">Foto von der Meisterschaft Hauts-de-France 2018, bei der ich mich f\u00fcr die franz\u00f6sische Meisterschaft qualifizierte<\/figcaption><\/figure>\n\n\n\n<p>Am Anfang war Kochen f\u00fcr mich nur ein <strong>Mittel zum Zweck<\/strong>: essen. Als Kind fand ich immer eine L\u00f6sung, besonders wenn es um S\u00fc\u00dfes ging. Keine Bonbons mehr im Schrank? Kein Problem, Zucker war da, also stellte ich eben Karamell her! Damals war ich der Held meiner Geschwister, und es wurde schnell zur Gewohnheit, jede Versorgungsl\u00fccke zu schlie\u00dfen!<\/p>\n\n\n\n<p>Meine Kochleidenschaft beruhte also schon immer auf dem Wunsch, das was ich liebte, nachzukochen und damit <strong>jederzeit verf\u00fcgbar<\/strong> zu machen!<\/p>\n\n\n\n<p>Mit der Zeit wollte ich jedes Gericht, das mir schmeckte, so originalgetreu wie m\u00f6glich zu Hause nachkochen. Jedes Jahr besuche ich meine amerikanische Familie in New York und lasse mich dort von der Stadt und ihren ethnischen Vierteln inspirieren. Man findet dort einfach alles: von <a href=\"https:\/\/marcwiner.com\/de\/die-chinesische-kueche\/\">authentischer chinesischer K\u00fcche<\/a> \u00fcber <a href=\"https:\/\/marcwiner.com\/de\/japanische-kuche\/\">japanische K\u00fcche<\/a> bis hin zu <a href=\"https:\/\/marcwiner.com\/de\/koreanische-kuche\/\">koreanischer K\u00fcche <\/a>und vielem mehr. Wenn du dorthin reist, frag mich gern nach Empfehlungen.<\/p>\n\n\n\n<h3 class=\"wp-block-heading\">Die Geschichte meines Blogs<\/h3>\n\n\n\n<p>Trotz meines teilweise sehr anspruchsvollen Studiums ist meine <strong>Liebe zum Kochen<\/strong> nie erloschen. An langen Tagen in der Uni-Bibliothek hielt mich oft allein die Aussicht auf das Mittag- oder Abendessen zu Hause bei Laune.<\/p>\n\n\n\n<p><strong>Rezepte zu perfektionieren<\/strong> wurde irgendwann zu meinem Nebenprojekt in Pr\u00fcfungsphasen; w\u00e4hrend einer Klausurzeit a\u00df ich zum Beispiel tagelang nur Okonomiyaki in allen m\u00f6glichen Variationen. Es war schnell, ausgewogen und k\u00f6stlich, und ich habe es <strong>in dutzenden Varianten<\/strong> zubereitet.&nbsp;<\/p>\n\n\n\n<figure class=\"wp-block-image aligncenter size-full\"><img loading=\"lazy\" decoding=\"async\" width=\"924\" height=\"1232\" src=\"https:\/\/marcwiner.com\/wp-content\/uploads\/2023\/10\/pure-lifestyle-original-scaled.jpg\" alt=\"Marc mangeant du jambon en travaillant\" class=\"wp-image-10169\" title=\"\" srcset=\"https:\/\/marcwiner.com\/wp-content\/uploads\/2023\/10\/pure-lifestyle-original-scaled.jpg 924w, https:\/\/marcwiner.com\/wp-content\/uploads\/2023\/10\/pure-lifestyle-original-225x300.jpg 225w, https:\/\/marcwiner.com\/wp-content\/uploads\/2023\/10\/pure-lifestyle-original-768x1024.jpg 768w, https:\/\/marcwiner.com\/wp-content\/uploads\/2023\/10\/pure-lifestyle-original-750x1000.jpg 750w\" sizes=\"auto, (max-width: 924px) 100vw, 924px\" \/><figcaption class=\"wp-element-caption\">Oder ein guter iberischer Schinken w\u00e4hrend meines Masters in Madrid<\/figcaption><\/figure>\n\n\n\n<p>In den letzten beiden Studienjahren an der Business-School begann ich, meine Gerichte in den sozialen Netzwerken zu teilen, vor allem auf meinem <a href=\"https:\/\/www.instagram.com\/marcwiner\/\" target=\"_blank\" rel=\"noopener\">Instagram<\/a>-Account. Das wurde mir jedoch schnell zu umst\u00e4ndlich; das Format passte nicht zu mir, und ich wollte einen eigenen Raum, in dem ich mich frei entfalten konnte. So entstand <strong>marcwiner.com<\/strong>.<\/p>\n\n\n\n<p>Wenn du mir schon eine Weile folgst, wei\u00dft du, dass ich inzwischen auch auf <a href=\"https:\/\/www.youtube.com\/channel\/UCwqNchlodvWskh19Q-hf4uw\" target=\"_blank\" rel=\"noopener\">Youtube<\/a>, <a href=\"https:\/\/www.tiktok.com\/@marcwiner?lang=fr\" target=\"_blank\" rel=\"noopener\">Tiktok<\/a> und sogar in meiner <a href=\"https:\/\/www.facebook.com\/groups\/314403600621638\" target=\"_blank\" rel=\"noopener\">Facebook-Gruppe<\/a> mit fast 500 000 Mitgliedern aktiv bin \u2013 alle vereint durch <strong>meine Leidenschaft f\u00fcr asiatische K\u00fcche<\/strong>.&nbsp;<\/p>\n\n\n\n<p>Au\u00dferdem m\u00f6chte ich dem kulinarischen Vergessen entgegenwirken: Mit einer engagierten Community im R\u00fccken kann ich selbst fast vergessene Rezepte m\u00fchelos ins Rampenlicht r\u00fccken. Das ist gro\u00dfartig.<\/p>\n\n\n\n<p>Kurz gesagt: Wenn du <strong>authentische asiatische Gerichte<\/strong> liebst, die <strong>so einfach wie m\u00f6glich erkl\u00e4rt<\/strong> und dabei <strong>unglaublich lecker<\/strong> sind, dann bist du hier genau richtig!<\/p>\n\n\n\n<h3 class=\"wp-block-heading\">Meine kulinarische Reise<\/h3>\n\n\n\n<p>Seit dem Start meiner Seite durfte ich an zahlreichen spannenden Food-Events teilnehmen:<\/p>\n\n\n\n<ul class=\"wp-block-list\">\n<li>Mitglied von <a href=\"https:\/\/www.instagram.com\/kotechine\/ ?hl=fr\" target=\"_blank\" rel=\"noopener\">ko-\u00e9-chine<\/a> in meinen Jahren in Louvain-la-Neuve, einer studentischen Vereinigung f\u00fcr chinesische Kultur; dort organisierten wir das chinesische Neujahrsfest f\u00fcr mehr als 300 Personen<\/li>\n\n\n\n<li>Ravioli-Masterclass bei Sternekoch Giovanni Bruno im April 2022<\/li>\n\n\n\n<li>Mehrere Treffen und Austauschrunden mit Drei-Sterne-Koch David Martin 2022 und 2023<\/li>\n\n\n\n<li>Treffen und Austausch mit Sternekoch San Degeimbre im Juni 2023<\/li>\n\n\n\n<li>Verkostung und Austausch mit dem japanischen Meisterp\u00e2tissier <a href=\"https:\/\/www.patisserie-sasaki.be\/\" target=\"_blank\" rel=\"noopener\">Yasushi Sasaki<\/a> im M\u00e4rz 2023<\/li>\n\n\n\n<li>Training bei einer lokalen thail\u00e4ndischen K\u00f6chin des <a href=\"https:\/\/phuket.burasari.com\/\" target=\"_blank\" rel=\"noopener\">Hotel Burasari<\/a> in Thailand, um authentisches <a href=\"https:\/\/marcwiner.com\/de\/pad-thai\/\">Pad Thai<\/a> und <a href=\"https:\/\/marcwiner.com\/de\/som-tam\/\">Som Tam<\/a> zuzubereiten<\/li>\n\n\n\n<li>Zubereitung und Verkauf von Spie\u00dfen auf einem thail\u00e4ndischen Night-Market w\u00e4hrend meiner Reise 2023<\/li>\n\n\n\n<li>Erlernen traditioneller Kochtechniken bei t\u00fcrkischen K\u00f6chen an der syrischen Grenze 2023<\/li>\n\n\n\n<li>Zubereitung japanischer Pancakes auf der Made In Asia 2023<\/li>\n<\/ul>\n\n\n\n<figure class=\"wp-block-gallery has-nested-images columns-default is-cropped wp-block-gallery-1 is-layout-flex wp-block-gallery-is-layout-flex\">\n<figure class=\"wp-block-image size-full\"><img loading=\"lazy\" decoding=\"async\" width=\"924\" height=\"1232\" data-id=\"10166\" src=\"https:\/\/marcwiner.com\/wp-content\/uploads\/2023\/10\/sasaki.jpg\" alt=\"Chef P\u00e2tissier Sasaki\" class=\"wp-image-10166\" title=\"\" srcset=\"https:\/\/marcwiner.com\/wp-content\/uploads\/2023\/10\/sasaki.jpg 924w, https:\/\/marcwiner.com\/wp-content\/uploads\/2023\/10\/sasaki-225x300.jpg 225w, https:\/\/marcwiner.com\/wp-content\/uploads\/2023\/10\/sasaki-768x1024.jpg 768w, https:\/\/marcwiner.com\/wp-content\/uploads\/2023\/10\/sasaki-750x1000.jpg 750w\" sizes=\"auto, (max-width: 924px) 100vw, 924px\" \/><\/figure>\n\n\n\n<figure class=\"wp-block-image size-full\"><img loading=\"lazy\" decoding=\"async\" width=\"924\" height=\"1232\" data-id=\"10165\" src=\"https:\/\/marcwiner.com\/wp-content\/uploads\/2023\/10\/San-degeimbre-scaled.jpg\" alt=\"Chef San Degeimbre\" class=\"wp-image-10165\" title=\"\" srcset=\"https:\/\/marcwiner.com\/wp-content\/uploads\/2023\/10\/San-degeimbre-scaled.jpg 924w, https:\/\/marcwiner.com\/wp-content\/uploads\/2023\/10\/San-degeimbre-225x300.jpg 225w, https:\/\/marcwiner.com\/wp-content\/uploads\/2023\/10\/San-degeimbre-768x1024.jpg 768w, https:\/\/marcwiner.com\/wp-content\/uploads\/2023\/10\/San-degeimbre-750x1000.jpg 750w\" sizes=\"auto, (max-width: 924px) 100vw, 924px\" \/><\/figure>\n\n\n\n<figure class=\"wp-block-image size-full\"><img loading=\"lazy\" decoding=\"async\" width=\"1232\" height=\"924\" data-id=\"10163\" src=\"https:\/\/marcwiner.com\/wp-content\/uploads\/2023\/10\/nightmarket-brochettes-scaled.jpg\" alt=\"Brochettes au nightmarket de krabi\" class=\"wp-image-10163\" title=\"\" srcset=\"https:\/\/marcwiner.com\/wp-content\/uploads\/2023\/10\/nightmarket-brochettes-scaled.jpg 1232w, https:\/\/marcwiner.com\/wp-content\/uploads\/2023\/10\/nightmarket-brochettes-300x225.jpg 300w, https:\/\/marcwiner.com\/wp-content\/uploads\/2023\/10\/nightmarket-brochettes-1024x768.jpg 1024w, https:\/\/marcwiner.com\/wp-content\/uploads\/2023\/10\/nightmarket-brochettes-768x576.jpg 768w, https:\/\/marcwiner.com\/wp-content\/uploads\/2023\/10\/nightmarket-brochettes-500x375.jpg 500w, https:\/\/marcwiner.com\/wp-content\/uploads\/2023\/10\/nightmarket-brochettes-750x563.jpg 750w\" sizes=\"auto, (max-width: 1232px) 100vw, 1232px\" \/><\/figure>\n\n\n\n<figure class=\"wp-block-image size-full\"><img loading=\"lazy\" decoding=\"async\" width=\"924\" height=\"1386\" data-id=\"10164\" src=\"https:\/\/marcwiner.com\/wp-content\/uploads\/2023\/10\/pancakes-japonais-preparation-de-moi.jpg\" alt=\"R\u00e9alisation de pancakes japonais\" class=\"wp-image-10164\" title=\"\" srcset=\"https:\/\/marcwiner.com\/wp-content\/uploads\/2023\/10\/pancakes-japonais-preparation-de-moi.jpg 924w, https:\/\/marcwiner.com\/wp-content\/uploads\/2023\/10\/pancakes-japonais-preparation-de-moi-200x300.jpg 200w, https:\/\/marcwiner.com\/wp-content\/uploads\/2023\/10\/pancakes-japonais-preparation-de-moi-683x1024.jpg 683w, https:\/\/marcwiner.com\/wp-content\/uploads\/2023\/10\/pancakes-japonais-preparation-de-moi-768x1152.jpg 768w, https:\/\/marcwiner.com\/wp-content\/uploads\/2023\/10\/pancakes-japonais-preparation-de-moi-360x540.jpg 360w, https:\/\/marcwiner.com\/wp-content\/uploads\/2023\/10\/pancakes-japonais-preparation-de-moi-720x1080.jpg 720w, https:\/\/marcwiner.com\/wp-content\/uploads\/2023\/10\/pancakes-japonais-preparation-de-moi-750x1125.jpg 750w\" sizes=\"auto, (max-width: 924px) 100vw, 924px\" \/><\/figure>\n\n\n\n<figure class=\"wp-block-image size-full\"><img loading=\"lazy\" decoding=\"async\" width=\"924\" height=\"1232\" data-id=\"10159\" src=\"https:\/\/marcwiner.com\/wp-content\/uploads\/2023\/10\/cheffe-burasari-scaled.jpg\" alt=\"Cheffe en tha\u00eflande m&#039;apprenant le pad tha\u00ef\" class=\"wp-image-10159\" title=\"\" srcset=\"https:\/\/marcwiner.com\/wp-content\/uploads\/2023\/10\/cheffe-burasari-scaled.jpg 924w, https:\/\/marcwiner.com\/wp-content\/uploads\/2023\/10\/cheffe-burasari-225x300.jpg 225w, https:\/\/marcwiner.com\/wp-content\/uploads\/2023\/10\/cheffe-burasari-768x1024.jpg 768w, https:\/\/marcwiner.com\/wp-content\/uploads\/2023\/10\/cheffe-burasari-750x1000.jpg 750w\" sizes=\"auto, (max-width: 924px) 100vw, 924px\" \/><\/figure>\n\n\n\n<figure class=\"wp-block-image size-full\"><img loading=\"lazy\" decoding=\"async\" width=\"924\" height=\"1175\" data-id=\"10160\" src=\"https:\/\/marcwiner.com\/wp-content\/uploads\/2023\/10\/Giovanni-Bruno.jpg\" alt=\"Chef \u00e9toil\u00e9 Giovanni Bruno pr\u00e9parant des raviolis\" class=\"wp-image-10160\" title=\"\" srcset=\"https:\/\/marcwiner.com\/wp-content\/uploads\/2023\/10\/Giovanni-Bruno.jpg 924w, https:\/\/marcwiner.com\/wp-content\/uploads\/2023\/10\/Giovanni-Bruno-236x300.jpg 236w, https:\/\/marcwiner.com\/wp-content\/uploads\/2023\/10\/Giovanni-Bruno-805x1024.jpg 805w, https:\/\/marcwiner.com\/wp-content\/uploads\/2023\/10\/Giovanni-Bruno-768x976.jpg 768w, https:\/\/marcwiner.com\/wp-content\/uploads\/2023\/10\/Giovanni-Bruno-750x954.jpg 750w\" sizes=\"auto, (max-width: 924px) 100vw, 924px\" \/><\/figure>\n\n\n\n<figure class=\"wp-block-image size-full\"><img loading=\"lazy\" decoding=\"async\" width=\"924\" height=\"1232\" data-id=\"10158\" src=\"https:\/\/marcwiner.com\/wp-content\/uploads\/2023\/10\/Chef-turc-scaled.jpg\" alt=\"chef turc et Marc\" class=\"wp-image-10158\" title=\"\" srcset=\"https:\/\/marcwiner.com\/wp-content\/uploads\/2023\/10\/Chef-turc-scaled.jpg 924w, https:\/\/marcwiner.com\/wp-content\/uploads\/2023\/10\/Chef-turc-225x300.jpg 225w, https:\/\/marcwiner.com\/wp-content\/uploads\/2023\/10\/Chef-turc-768x1024.jpg 768w, https:\/\/marcwiner.com\/wp-content\/uploads\/2023\/10\/Chef-turc-750x1000.jpg 750w\" sizes=\"auto, (max-width: 924px) 100vw, 924px\" \/><\/figure>\n<\/figure>\n\n\n\n<h3 class=\"wp-block-heading\">Meine Ausbildung<\/h3>\n\n\n\n<p><strong>Bachelor in Wirtschaft und Management <\/strong>&#8211; <a href=\"https:\/\/uclouvain.be\/fr\/index.html\" target=\"_blank\" rel=\"noopener\">UCLouvain<\/a> &#8211; Louvain-La-Neuve, Belgien<\/p>\n\n\n\n<p><strong>Master in Management, Schwerpunkt Internationaler Handel<\/strong> &#8211; <a href=\"https:\/\/www.ie.edu\/business-school\/\" target=\"_blank\" rel=\"noopener\">ie Business School<\/a> &#8211; Madrid, Spanien<\/p>\n\n\n\n<figure class=\"wp-block-image aligncenter size-full\"><img loading=\"lazy\" decoding=\"async\" width=\"1084\" height=\"1084\" src=\"https:\/\/marcwiner.com\/wp-content\/uploads\/2023\/10\/graduation-ie-business-school-vrai.webp\" alt=\"marc \u00e0 la graduation de l&#039;ie business school\" class=\"wp-image-10161\" title=\"\" srcset=\"https:\/\/marcwiner.com\/wp-content\/uploads\/2023\/10\/graduation-ie-business-school-vrai.webp 1084w, https:\/\/marcwiner.com\/wp-content\/uploads\/2023\/10\/graduation-ie-business-school-vrai-300x300.webp 300w, https:\/\/marcwiner.com\/wp-content\/uploads\/2023\/10\/graduation-ie-business-school-vrai-1024x1024.webp 1024w, https:\/\/marcwiner.com\/wp-content\/uploads\/2023\/10\/graduation-ie-business-school-vrai-150x150.webp 150w, https:\/\/marcwiner.com\/wp-content\/uploads\/2023\/10\/graduation-ie-business-school-vrai-768x768.webp 768w, https:\/\/marcwiner.com\/wp-content\/uploads\/2023\/10\/graduation-ie-business-school-vrai-500x500.webp 500w, https:\/\/marcwiner.com\/wp-content\/uploads\/2023\/10\/graduation-ie-business-school-vrai-360x360.webp 360w, https:\/\/marcwiner.com\/wp-content\/uploads\/2023\/10\/graduation-ie-business-school-vrai-750x750.webp 750w, https:\/\/marcwiner.com\/wp-content\/uploads\/2023\/10\/graduation-ie-business-school-vrai-100x100.webp 100w\" sizes=\"auto, (max-width: 1084px) 100vw, 1084px\" \/><\/figure>\n\n\n\n<h3 class=\"wp-block-heading\">Interviews und Presse<\/h3>\n\n\n\n<ul class=\"wp-block-list\">\n<li><a href=\"https:\/\/www.madeinasia.be\/fr\/retrouvez-vos-plats-asiatiques-favoris-du-festival-sur-le-site-de-marc-winer\/\" target=\"_blank\" rel=\"noopener\">Made In Asia<\/a><\/li>\n\n\n\n<li><a href=\"https:\/\/www.lesoir.be\/509928\/article\/2023-04-27\/les-rouleaux-de-printemps-nattendent-que-le-beau-temps\" target=\"_blank\" rel=\"noopener\">Le Soir &#8211; \u00dcber Fr\u00fchlingsrollen<\/a><\/li>\n\n\n\n<li><a href=\"https:\/\/www.sudinfo.be\/art\/906826\/article\/2022-02-13\/tournai-les-recettes-allechantes-de-marc-winer-cartonnent-sur-internet\" target=\"_blank\" rel=\"noopener\">Sudinfo &#8211; Die Rezepte von Marc Winer schlagen im Internet ein<\/a><\/li>\n\n\n\n<li><a href=\"https:\/\/www.madmoizelle.com\/3-comptes-instagram-de-recettes-qui-vont-regaler-vos-papilles-1448635\" target=\"_blank\" rel=\"noopener\">Madmoizelle &#8211; 3 Instagram-Accounts, die eure Geschmacksknospen verw\u00f6hnen<\/a><\/li>\n\n\n\n<li><a href=\"https:\/\/soirmag.lesoir.be\/463456\/article\/2022-09-05\/rumsteak-jarret-filet-onglet-araignee-poitrine-tout-se-mange-aussi-dans-le-boeuf\" target=\"_blank\" rel=\"noopener\">Le Soir &#8211; \u00dcber Rindfleisch<\/a><\/li>\n\n\n\n<li><a href=\"https:\/\/www.notele.be\/it61-media110392-vu-du-web-les-pompiers-plongeurs-de-wallonie-picarde-les-codes-du-theatre-pour-les-enfants-et-les-recettes-de-marc-winer.html\" target=\"_blank\" rel=\"noopener\">Not\u00e9l\u00e9 &#8211; Aus dem Web &#8211; Die Rezepte von Marc Winer<\/a><\/li>\n\n\n\n<li><a href=\"https:\/\/sosoir.lesoir.be\/618156\/article\/2024-08-26\/pourquoi-de-plus-en-plus-de-restos-proposent-ils-cette-specialite-asiatique\" target=\"_blank\" rel=\"noopener\">Sosoir &#8211; \u00dcber asiatisches Fried Chicken<\/a><\/li>\n<\/ul>\n\n\n\n<h3 class=\"wp-block-heading\">Digitale Medien und Blogger-Kollegen<\/h3>\n\n\n\n<p><a href=\"https:\/\/lestresorsdelavie.phonghg.fr\/2023\/05\/30\/site-de-cuisine-de-marc-winer\/\" target=\"_blank\" rel=\"noopener\">Kochseite von Marc Winer &#8211; Les tr\u00e9sors de la vie<\/a><\/p>\n\n\n\n<p><a href=\"https:\/\/mafiarose.com\/marc-winer-sake-manger-la-cuisine-asiatique-simplifie\/\" target=\"_blank\" rel=\"noopener\">Marc Winer, Sake, Essen! Die vereinfachte asiatische K\u00fcche &#8211; Mafia Rose<\/a><\/p>\n\n\n\n<p><a href=\"http:\/\/valeriepassioncuisine.over-blog.com\/2023\/03\/tteokbokki-au-poulet-et-legumes-sauce-epicee.html\" rel=\"nofollow noopener\" target=\"_blank\">Tteokbokki &#8211; Val\u00e9rie Passion cuisine<\/a><\/p>\n","protected":false},"excerpt":{"rendered":"<p>Hallo! Willkommen auf meinem Blog!&nbsp; Ich freue mich sehr, dich kennenzulernen. Ich bin Marc, essenverr\u00fcckt (besonders nach Knoblauch) und ein leidenschaftlicher Koch. Seit mehr als drei Jahren arbeite ich als kulinarischer Content-Creator. Urspr\u00fcnglich lag mein Schwerpunkt auf Wirtschaft und internationalem Handel. Doch gleich nach meinem Abschluss nutzte ich die Chance, [&hellip;]<\/p>\n","protected":false},"author":1,"featured_media":2156,"parent":0,"menu_order":0,"comment_status":"closed","ping_status":"closed","template":"","meta":{"_acf_changed":false,"wprm-recipe-roundup-name":"","wprm-recipe-roundup-description":"","wpupg_custom_link":[],"wpupg_custom_link_behaviour":[],"wpupg_custom_link_nofollow":[],"wpupg_custom_image":[],"wpupg_custom_image_id":[],"footnotes":""},"class_list":["post-35514","page","type-page","status-publish","has-post-thumbnail","hentry"],"acf":[],"memberpress":{"is_locked":false},"_links":{"self":[{"href":"https:\/\/marcwiner.com\/de\/wp-json\/wp\/v2\/pages\/35514","targetHints":{"allow":["GET"]}}],"collection":[{"href":"https:\/\/marcwiner.com\/de\/wp-json\/wp\/v2\/pages"}],"about":[{"href":"https:\/\/marcwiner.com\/de\/wp-json\/wp\/v2\/types\/page"}],"author":[{"embeddable":true,"href":"https:\/\/marcwiner.com\/de\/wp-json\/wp\/v2\/users\/1"}],"replies":[{"embeddable":true,"href":"https:\/\/marcwiner.com\/de\/wp-json\/wp\/v2\/comments?post=35514"}],"version-history":[{"count":0,"href":"https:\/\/marcwiner.com\/de\/wp-json\/wp\/v2\/pages\/35514\/revisions"}],"wp:featuredmedia":[{"embeddable":true,"href":"https:\/\/marcwiner.com\/de\/wp-json\/wp\/v2\/media\/2156"}],"wp:attachment":[{"href":"https:\/\/marcwiner.com\/de\/wp-json\/wp\/v2\/media?parent=35514"}],"curies":[{"name":"wp","href":"https:\/\/api.w.org\/{rel}","templated":true}]}}