{"id":43671,"date":"2022-09-20T11:09:16","date_gmt":"2022-09-20T09:09:16","guid":{"rendered":"https:\/\/marcwiner.com\/?page_id=43671"},"modified":"2025-07-02T08:22:11","modified_gmt":"2025-07-02T06:22:11","slug":"kontakt-da","status":"publish","type":"page","link":"https:\/\/marcwiner.com\/da\/kontakt-da\/","title":{"rendered":"Kontakt"},"content":{"rendered":"\n<p>Kontakt os p\u00e5 f\u00f8lgende m\u00e5der:<\/p>\n\n\n\n<ul class=\"wp-block-list\">\n<li><strong>Partnerskaber (e-mail):<\/strong> partenariats@marcwiner.com <\/li>\n\n\n\n<li><strong>Kulinariske sp\u00f8rgsm\u00e5l:<\/strong> recettes@marcwiner.com <\/li>\n\n\n\n<li><strong>Instagram:<\/strong> <a href=\"http:\/\/www.instagram.com\/marcwiner\/\" target=\"_blank\" rel=\"noreferrer noopener\">@marcwiner<\/a><\/li>\n<\/ul>\n\n\n\n<h2 class=\"wp-block-heading\">Vores services<\/h2>\n\n\n\n<h3 class=\"wp-block-heading\">Synlighed for dit brand<\/h3>\n\n\n\n<p>Fremh\u00e6v dit brand p\u00e5 marcwiner.com &#8211; det st\u00f8rste fransksprogede site om asiatisk madlavning &#8211; med over 700\u00a0000 m\u00e5nedlige bes\u00f8gende.<\/p>\n\n\n\n<p><strong>Kvalitet er altafg\u00f8rende hos os, og vi stiller strenge krav til de brands vi samarbejder med. I gennemsnit afviser vi 8 ud af 10 henvendelser.<\/strong> F\u00e5 direkte adgang til vores engagerede community med 75\u00a0000 nyhedsbrevsabonnenter og et stort publikum p\u00e5 600\u00a0000 medlemmer i vores Facebook-gruppe.<\/p>\n\n\n\n<p>F\u00e5 ogs\u00e5 massiv synlighed p\u00e5 vores sociale medier, herunder Instagram, TikTok, Pinterest og Facebook, hvor titusindvis f\u00f8lger med. <a href=\"mailto:partenariats@marcwiner.com\">Kontakt os<\/a> i dag, og lad os finde ud af, hvordan vi kan skabe v\u00e6rdi for dit brand hos vores publikum.<\/p>\n\n\n\n<h3 class=\"wp-block-heading\">SEO-r\u00e5dgivning<\/h3>\n\n\n\n<p>Marcwiner.com er et klart bevis p\u00e5, hvad organisk SEO kan g\u00f8re. P\u00e5 bare tre \u00e5r har vi l\u00f8ftet siden fra total ukendthed til over 500&nbsp;000 organiske bes\u00f8gende om m\u00e5neden. Den bedrift skyldes naturligvis vores l\u00e6kre opskrifter, men i lige s\u00e5 h\u00f8j grad vores st\u00e6rke SEO-ekspertise. Sitet er vores legeplads, hvor vi hele tiden tester nye tiltag, inden vi deler dem med vores kunder.<\/p>\n\n\n\n<p>Med den erfaring i ryggen tilbyder vi nu r\u00e5dgivning, der hj\u00e6lper andre brands og websites til samme resultater. Vores personlige SEO-tilgang d\u00e6kker grundige analyser, optimering af sidestruktur, produktion af m\u00e5lrettet indhold og l\u00f8bende tilpasning til de nyeste trends og algoritmer.<\/p>\n\n\n\n<p>Med vores SEO-r\u00e5dgivning f\u00e5r du gennemtestede strategier og dokumenteret ekspertise, der kan l\u00f8fte din organiske trafik og din synlighed i branchen markant. Nysgerrig? Bes\u00f8g websitet for vores <a href=\"https:\/\/maccus.fr\/\" target=\"_blank\" rel=\"noopener\">marketingbureau i Tournai<\/a> og kontakt os om vores <a href=\"https:\/\/maccus.fr\/seo\/\" target=\"_blank\" rel=\"noopener\">SEO-bureau<\/a><\/p>\n\n\n\n<h3 class=\"wp-block-heading\">Blogging-coaching<\/h3>\n\n\n\n<p>Dr\u00f8mmer du om at leve af din madpassion uden at v\u00e6re prisgivet de lunefulde sociale medie-algoritmer? Har du allerede et website og spekulerer p\u00e5, om det udnytter sit fulde potentiale &#8211; uanset om det handler om indtjening, teknik eller SEO?<\/p>\n\n\n\n<p>Vent ikke &#8211; <a href=\"mailto:blogueurs@marcwiner.com\">kontakt mig<\/a> allerede i dag! Jeg deler gerne min viden med dig, s\u00e5 vi kan frig\u00f8re hele dit websites potentiale. Sammen l\u00f8fter vi din kulinariske passion til nye h\u00f8jder. Ingen tomme kurser eller anden bullsh*t infoprenoreri, kun konkrete tiltag og resultater.<\/p>\n","protected":false},"excerpt":{"rendered":"<p>Kontakt os p\u00e5 f\u00f8lgende m\u00e5der: Vores services Synlighed for dit brand Fremh\u00e6v dit brand p\u00e5 marcwiner.com &#8211; det st\u00f8rste fransksprogede site om asiatisk madlavning &#8211; med over 700\u00a0000 m\u00e5nedlige bes\u00f8gende. Kvalitet er altafg\u00f8rende hos os, og vi stiller strenge krav til de brands vi samarbejder med. I gennemsnit afviser vi [&hellip;]<\/p>\n","protected":false},"author":1,"featured_media":0,"parent":0,"menu_order":0,"comment_status":"closed","ping_status":"closed","template":"","meta":{"_acf_changed":false,"wprm-recipe-roundup-name":"","wprm-recipe-roundup-description":"","wpupg_custom_link":[],"wpupg_custom_link_behaviour":[],"wpupg_custom_link_nofollow":[],"wpupg_custom_image":[],"wpupg_custom_image_id":[],"footnotes":""},"class_list":["post-43671","page","type-page","status-publish","hentry"],"acf":[],"memberpress":{"is_locked":false},"_links":{"self":[{"href":"https:\/\/marcwiner.com\/da\/wp-json\/wp\/v2\/pages\/43671","targetHints":{"allow":["GET"]}}],"collection":[{"href":"https:\/\/marcwiner.com\/da\/wp-json\/wp\/v2\/pages"}],"about":[{"href":"https:\/\/marcwiner.com\/da\/wp-json\/wp\/v2\/types\/page"}],"author":[{"embeddable":true,"href":"https:\/\/marcwiner.com\/da\/wp-json\/wp\/v2\/users\/1"}],"replies":[{"embeddable":true,"href":"https:\/\/marcwiner.com\/da\/wp-json\/wp\/v2\/comments?post=43671"}],"version-history":[{"count":0,"href":"https:\/\/marcwiner.com\/da\/wp-json\/wp\/v2\/pages\/43671\/revisions"}],"wp:attachment":[{"href":"https:\/\/marcwiner.com\/da\/wp-json\/wp\/v2\/media?parent=43671"}],"curies":[{"name":"wp","href":"https:\/\/api.w.org\/{rel}","templated":true}]}}