{"id":37810,"date":"2023-03-08T16:14:47","date_gmt":"2023-03-08T15:14:47","guid":{"rendered":"https:\/\/marcwiner.com\/?page_id=37810"},"modified":"2025-06-23T10:36:43","modified_gmt":"2025-06-23T08:36:43","slug":"juridiske-oplysninger","status":"publish","type":"page","link":"https:\/\/marcwiner.com\/da\/juridiske-oplysninger\/","title":{"rendered":"Juridiske oplysninger"},"content":{"rendered":"\n<p style=\"text-align:center\">JURIDISKE OPLYSNINGER :<\/p>\n\n<p style=\"text-align:justify\">I henhold til artiklerne 6-III og 19 i lov nr. 2004-575 af 21. juni 2004 om tillid til den digitale \u00f8konomi (L.C.E.N.) giver vi hermed f\u00f8lgende oplysninger til brugere og bes\u00f8gende p\u00e5 siden: <a href=\"http:\/\/www.marcwiner.com\" target=\"_blank\" rel=\"noopener\">www.marcwiner.com<\/a><\/p>\n\n<p style=\"text-align:justify\"><strong>1. Juridiske oplysninger :<\/strong><\/p>\n\n<p style=\"text-align:justify\">Ejerens status : <strong>Selskab<\/strong><br>\nEjeren : <strong>MACCUS SRL<\/strong><br>\nEjerens postadresse : <strong>181 Avenue Des Alli\u00e9s 7540 Kain<\/strong><br>\n&nbsp;<br>\nWebstedets ophavsmand : <strong>MACCUS SRL<\/strong><br>\nAnsvarlig for udgivelsen : <strong>Marc Winer<\/strong><br>\nKontakt den ansvarlige for udgivelsen : <strong>maccus@marcwiner.com<\/strong><br>\nDen ansvarlige for udgivelsen er en<strong>&nbsp;juridisk person<\/strong><br>\n<br>\nWebmaster&nbsp; : <strong>Marc Winer<\/strong><br>\nKontakt webmasteren :&nbsp; <strong><a href=\"mailto:maccus@marcwiner.com?subject=Contact a partir des mentions l%C3%A9gales via le site www.marcwiner.com\">maccus@marcwiner.com<\/a><\/strong><br>\nWebstedets host : <strong>OVH  2 rue Kellermann 59053  Roubaix<\/strong><br>\n\n\n<\/p><p style=\"text-align:justify\">&nbsp;<\/p>\n\n<p style=\"text-align:justify\"><strong>2. Pr\u00e6sentation og principper :<\/strong><\/p>\n\n<p style=\"text-align:justify\">Nedenfor ben\u00e6vnes enhver internetbruger, der opretter forbindelse til og anvender ovenn\u00e6vnte websted, som : <strong>Bruger<\/strong>, <a href=\"http:\/\/www.marcwiner.com\" target=\"_blank\" rel=\"noopener\">www.marcwiner.com<\/a>.<br>\nWebstedet <strong>www.marcwiner.com<\/strong><strong> <\/strong>stiller en r\u00e6kke tjenester til r\u00e5dighed for brugerne, som de forefindes. Det pr\u00e6ciseres, at brugerne skal udvise h\u00f8flighed og handle i god tro over for b\u00e5de andre brugere og webmasteren p\u00e5 www.marcwiner.com. Webstedet www.marcwiner.com opdateres regelm\u00e6ssigt af MACCUS SRL.<br>\nMACCUS SRL bestr\u00e6ber sig p\u00e5 at levere korrekte og opdaterede oplysninger p\u00e5 www.marcwiner.com (med forbehold for \u00e6ndringer foretaget efter offentligg\u00f8relsen), men kan ikke garantere n\u00f8jagtigheden, fuldst\u00e6ndigheden eller ajourf\u00f8rtheden af de oplysninger, der stilles til r\u00e5dighed, uanset om de stammer fra virksomheden selv eller fra tredjepartnere, som leverer disse oplysninger. Brugeren erkender derfor, at han\/hun benytter disse oplysninger (som kun er vejledende, ikke-udt\u00f8mmende og kan \u00e6ndres) p\u00e5 eget ansvar.<\/p>\n\n<p style=\"text-align:justify\">&nbsp;<\/p>\n\n<p style=\"text-align:justify\"><strong>3. Tilg\u00e6ngelighed :<\/strong><br>\n<br>\nWebstedet www.marcwiner.com er som udgangspunkt tilg\u00e6ngeligt for brugerne 24\/24h, 7\/7d, bortset fra planlagte eller uforudsete afbrydelser, der er n\u00f8dvendige for vedligeholdelse eller skyldes force majeure. Hvis tjenesten ikke er tilg\u00e6ngelig, vil www.marcwiner.com g\u00f8re sit yderste for hurtigt at genskabe adgangen og, om muligt, forh\u00e5ndsinformere brugerne om dato og klokkesl\u00e6t for indgrebet.&nbsp; Da der alene best\u00e5r en middelforpligtelse, kan www.marcwiner.com ikke holdes ansvarlig for nogen form for skade, uanset art, som m\u00e5tte opst\u00e5 som f\u00f8lge af utilg\u00e6ngeligheden af tjenesten.<\/p>\n\n<p style=\"text-align:justify\">&nbsp;<\/p>\n\n<p style=\"text-align:justify\"><strong>4. Intellektuel ejendomsret :<\/strong><\/p>\n\n<p style=\"text-align:justify\"><br>\nMACCUS SRL er eneindehaver af alle intellektuelle ejendomsrettigheder eller har brugsrettigheder til alle elementer, der er tilg\u00e6ngelige p\u00e5 sitet, herunder struktur, tekster, billeder, grafik, logoer, ikoner, lyde og software\u2026<br>\nEnhver hel eller delvis gengivelse, fremstilling, \u00e6ndring, offentligg\u00f8relse eller tilpasning af hele eller dele af webstedet www.marcwiner.com, uanset den anvendte metode eller proces, er forbudt uden forudg\u00e5ende skriftlig tilladelse fra Marc Winer, ejer af siden, p\u00e5 e-mail : m.winer@marcwiner.com. Manglende tilladelse anses som en kr\u00e6nkelse og kan retsforf\u00f8lges i henhold til artiklerne L.335-2 og f\u00f8lgende i Code de Propri\u00e9t\u00e9 Intellectuelle.<\/p>\n\n<p style=\"text-align:justify\"><br>\n<strong>5. Hyperlinks og cookies :<\/strong><br>\n<br>\nWebstedet www.marcwiner.com indeholder et vist antal hyperlinks til andre sider (partnere, informationer \u2026) oprettet med tilladelse fra MACCUS SRL. MACCUS SRL har imidlertid ikke mulighed for at kontrollere hele indholdet p\u00e5 de bes\u00f8gte sider og fraskriver sig derfor ethvert ansvar for eventuelt ulovligt indhold.<br>\nBrugeren informeres om, at der under hans\/hendes bes\u00f8g p\u00e5 www.marcwiner.com automatisk kan blive installeret en eller flere cookies p\u00e5 hans\/hendes computer via browseren. En cookie er en datafil, der ikke identificerer brugeren, men som registrerer oplysninger om dennes navigation p\u00e5 sitet.&nbsp;<br>\nBrowserindstillingerne g\u00f8r det muligt at blive informeret om tilstedev\u00e6relsen af cookies og eventuelt at afvise dem, som beskrevet p\u00e5 f\u00f8lgende adresse : <a href=\"http:\/\/www.cnil.fr\" target=\"_blank\" rel=\"noopener\">www.cnil.fr<\/a>. Brugeren kan dog konfigurere sin browser til at afvise installationen af cookies, idet han\/hun er klar over, at en s\u00e5dan afvisning kan g\u00f8re det umuligt at f\u00e5 adgang til visse tjenester. For at blokere cookies skal du s\u00f8ge i din s\u00f8gemaskine : blokering af cookies under IE eller Firefox og f\u00f8lge instruktionerne, der svarer til din version.<\/p>\n\n<p style=\"text-align:justify\"><br>\n<strong>6. Beskyttelse af ejendom og personer &#8211; h\u00e5ndtering af personoplysninger :<\/strong><br>\n<br>\nI Frankrig er personoplysninger is\u00e6r beskyttet af lov nr. 78-87 af 6. januar 1978, lov nr. 2004-801 af 6. august 2004, artikel L.226-13 i straffeloven og det europ\u00e6iske direktiv af 24. oktober 1995.<\/p>\n\n<p style=\"text-align:justify\">P\u00e5 webstedet www.marcwiner.com indsamler MACCUS SRL kun personoplysninger (i henhold til artikel 4 i lov nr.78-17 af 06. januar 1978) om brugeren, n\u00e5r det er n\u00f8dvendigt for visse tjenester, der tilbydes p\u00e5 siden www.marcwiner.com. Brugeren afgiver disse oplysninger med fuldt kendskab til forholdene, is\u00e6r n\u00e5r han\/hun selv indtaster dem. Brugeren p\u00e5 www.marcwiner.com informeres da om, hvorvidt det er obligatorisk eller frivilligt at give disse oplysninger.<br>\nI overensstemmelse med bestemmelserne i artiklerne 38 og f\u00f8lgende i lov 78-17 af 6. januar 1978 om databehandling, filer og friheder har enhver bruger ret til indsigt, berigtigelse, sletning og indsigelse vedr\u00f8rende personoplysninger om sig selv. For at ud\u00f8ve denne ret skal du sende din anmodning til www.marcwiner.com pr. email : <strong><a href=\"mailto:m.winer@marcwiner.com?subject=Contact %EF%BF%BD partir des mentions l%EF%BF%BDgales via le site www.marcwiner.com\">maccus@marcwiner.com<\/a><\/strong> eller&nbsp;skriftligt&nbsp;beh\u00f8rigt underskrevet, ledsaget af en kopi af et identitetsdokument med indehaverens underskrift og med angivelse af den adresse, hvortil svaret skal sendes.<\/p>\n\n<p style=\"text-align:justify\">Ingen personoplysninger om brugeren af websitet www.marcwiner.com offentligg\u00f8res uden brugerens viden, udveksles, overf\u00f8res, gives eller s\u00e6lges p\u00e5 noget medium til tredjemand. Kun i tilf\u00e6lde af overtagelse af websitet www.marcwiner.com og dets rettigheder vil MACCUS SRL overf\u00f8re s\u00e5danne oplysninger til den potentielle k\u00f8ber, som igen vil v\u00e6re forpligtet til samme pligt til opbevaring og \u00e6ndring af data over for brugeren af www.marcwiner.com.<br>\nWebstedet www.marcwiner.com er i overensstemmelse med GDPR. Se vores GDPR-politik https:\/\/marcwiner.com\/politique-de-confidentialite\/.<\/p>\n\n<p style=\"text-align:justify\">Databaserne er beskyttet af bestemmelserne i loven af 1. juli 1998, der implementerer direktiv 96\/9 af 11. marts 1996 om den juridiske beskyttelse af databaser.<\/p>\n\n\n\n<p><\/p>\n","protected":false},"excerpt":{"rendered":"<p>JURIDISKE OPLYSNINGER : I henhold til artiklerne 6-III og 19 i lov nr. 2004-575 af 21. juni 2004 om tillid til den digitale \u00f8konomi (L.C.E.N.) giver vi hermed f\u00f8lgende oplysninger til brugere og bes\u00f8gende p\u00e5 siden: www.marcwiner.com 1. Juridiske oplysninger : Ejerens status : Selskab Ejeren : MACCUS SRL Ejerens [&hellip;]<\/p>\n","protected":false},"author":1,"featured_media":0,"parent":0,"menu_order":0,"comment_status":"closed","ping_status":"closed","template":"","meta":{"_acf_changed":false,"wprm-recipe-roundup-name":"","wprm-recipe-roundup-description":"","wpupg_custom_link":[],"wpupg_custom_link_behaviour":[],"wpupg_custom_link_nofollow":[],"wpupg_custom_image":[],"wpupg_custom_image_id":[],"footnotes":""},"class_list":["post-37810","page","type-page","status-publish","hentry"],"acf":[],"memberpress":{"is_locked":false},"_links":{"self":[{"href":"https:\/\/marcwiner.com\/da\/wp-json\/wp\/v2\/pages\/37810","targetHints":{"allow":["GET"]}}],"collection":[{"href":"https:\/\/marcwiner.com\/da\/wp-json\/wp\/v2\/pages"}],"about":[{"href":"https:\/\/marcwiner.com\/da\/wp-json\/wp\/v2\/types\/page"}],"author":[{"embeddable":true,"href":"https:\/\/marcwiner.com\/da\/wp-json\/wp\/v2\/users\/1"}],"replies":[{"embeddable":true,"href":"https:\/\/marcwiner.com\/da\/wp-json\/wp\/v2\/comments?post=37810"}],"version-history":[{"count":0,"href":"https:\/\/marcwiner.com\/da\/wp-json\/wp\/v2\/pages\/37810\/revisions"}],"wp:attachment":[{"href":"https:\/\/marcwiner.com\/da\/wp-json\/wp\/v2\/media?parent=37810"}],"curies":[{"name":"wp","href":"https:\/\/api.w.org\/{rel}","templated":true}]}}