{"id":36759,"date":"2021-04-17T13:01:17","date_gmt":"2021-04-17T11:01:17","guid":{"rendered":"https:\/\/marcwiner.com\/?page_id=36759"},"modified":"2025-06-22T12:51:50","modified_gmt":"2025-06-22T10:51:50","slug":"om-marc-winer","status":"publish","type":"page","link":"https:\/\/marcwiner.com\/da\/om-marc-winer\/","title":{"rendered":"Om Marc Winer"},"content":{"rendered":"\n<p><strong>Hej til dig! Velkommen til min blog!&nbsp;<\/strong><\/p>\n\n\n\n<p>Jeg er virkelig glad for at l\u00e6re dig at kende. Jeg hedder Marc, <strong>madelsker<\/strong> (og is\u00e6r hvidl\u00f8gsfan), og jeg er <strong>passioneret kok<\/strong>. I mere end 3 \u00e5r har jeg v\u00e6ret <strong>kulinarisk indholdsskaber<\/strong>.<\/p>\n\n\n\n<figure class=\"wp-block-image aligncenter size-full\"><img loading=\"lazy\" decoding=\"async\" width=\"924\" height=\"1232\" src=\"https:\/\/marcwiner.com\/wp-content\/uploads\/2023\/10\/nouilles-de-lamour-moi-scaled.jpg\" alt=\"marc souriant avec des nouilles tenues entre deux baguettes en bois\" class=\"wp-image-10157\" title=\"\" srcset=\"https:\/\/marcwiner.com\/wp-content\/uploads\/2023\/10\/nouilles-de-lamour-moi-scaled.jpg 924w, https:\/\/marcwiner.com\/wp-content\/uploads\/2023\/10\/nouilles-de-lamour-moi-225x300.jpg 225w, https:\/\/marcwiner.com\/wp-content\/uploads\/2023\/10\/nouilles-de-lamour-moi-768x1024.jpg 768w, https:\/\/marcwiner.com\/wp-content\/uploads\/2023\/10\/nouilles-de-lamour-moi-750x1000.jpg 750w\" sizes=\"auto, (max-width: 924px) 100vw, 924px\" \/><\/figure>\n\n\n\n<p>Jeg startede egentlig inden for <strong>\u00f8konomi<\/strong> og <strong>international handel<\/strong>, men s\u00e5 snart jeg var f\u00e6rdiguddannet, greb jeg chancen for at hellige mig mine gastronomiske passioner p\u00e5 fuld tid.<\/p>\n\n\n\n<p>Der er ikke noget, jeg elsker mere end at opdage <strong>nye eksotiske smage<\/strong>. Jeg er fascineret af den enorme mangfoldighed af smagsnuancer i k\u00f8kkenet, og s\u00e5 snart jeg finder en ny, l\u00e6kker kombination, skynder jeg mig at genskabe den, s\u00e5 <strong>mine l\u00e6sere og alle mine n\u00e6rmeste<\/strong> kan nyde den!&nbsp;<\/p>\n\n\n\n<p>Mine <strong>intensive<\/strong> studier gav mig en fork\u00e6rlighed for <strong>tal, videnskab og pr\u00e6cision<\/strong>. Derfor behandler jeg <strong>hver opskrift som et eksperiment<\/strong>. Med en notesbog ved h\u00e5nden justerer jeg omhyggeligt parametre som krydring, tid og tilberedningsintensitet, &#8230; indtil jeg n\u00e5r <strong>perfektion<\/strong> (i det mindste efter min smag).&nbsp;<\/p>\n\n\n\n<figure class=\"wp-block-image aligncenter size-full is-resized\"><img loading=\"lazy\" decoding=\"async\" src=\"https:\/\/marcwiner.com\/wp-content\/uploads\/2023\/10\/photo-de-moi-made-in-asia-final-scaled.jpg\" alt=\"Marc devant plein de nourriture asiatique au festival made in asia\" class=\"wp-image-10011\" width=\"750\" height=\"1125\" title=\"\" srcset=\"https:\/\/marcwiner.com\/wp-content\/uploads\/2023\/10\/photo-de-moi-made-in-asia-final-scaled.jpg 924w, https:\/\/marcwiner.com\/wp-content\/uploads\/2023\/10\/photo-de-moi-made-in-asia-final-200x300.jpg 200w, https:\/\/marcwiner.com\/wp-content\/uploads\/2023\/10\/photo-de-moi-made-in-asia-final-683x1024.jpg 683w, https:\/\/marcwiner.com\/wp-content\/uploads\/2023\/10\/photo-de-moi-made-in-asia-final-768x1152.jpg 768w, https:\/\/marcwiner.com\/wp-content\/uploads\/2023\/10\/photo-de-moi-made-in-asia-final-360x540.jpg 360w, https:\/\/marcwiner.com\/wp-content\/uploads\/2023\/10\/photo-de-moi-made-in-asia-final-720x1080.jpg 720w, https:\/\/marcwiner.com\/wp-content\/uploads\/2023\/10\/photo-de-moi-made-in-asia-final-750x1125.jpg 750w\" sizes=\"auto, (max-width: 750px) 100vw, 750px\" \/><\/figure>\n\n\n\n<p>Nogle gange lykkes det i f\u00f8rste fors\u00f8g, men det h\u00e6nder, at jeg laver den samme ret 6, 7 eller 8 gange i tr\u00e6k. Til sidst kan jeg forsikre dig om, at n\u00e6sten alle opskrifterne p\u00e5 min side er blevet <strong>grundigt testet og finpudset<\/strong>.&nbsp;<\/p>\n\n\n\n<h3 class=\"wp-block-heading\">Min baggrund<\/h3>\n\n\n\n<p>Jeg bor i <strong>Belgien<\/strong>, men jeg er faktisk af <strong>fransk-amerikansk<\/strong> oprindelse. For at kompensere for kalorierne har jeg dyrket <strong>karate<\/strong> i over 20 \u00e5r nu.<\/p>\n\n\n\n<figure class=\"wp-block-image aligncenter size-full\"><img loading=\"lazy\" decoding=\"async\" width=\"926\" height=\"924\" src=\"https:\/\/marcwiner.com\/wp-content\/uploads\/2023\/10\/karate-.jpg\" alt=\"photo de marc en kimono avec une m\u00e9daille\" class=\"wp-image-10168\" title=\"\" srcset=\"https:\/\/marcwiner.com\/wp-content\/uploads\/2023\/10\/karate-.jpg 926w, https:\/\/marcwiner.com\/wp-content\/uploads\/2023\/10\/karate--300x300.jpg 300w, https:\/\/marcwiner.com\/wp-content\/uploads\/2023\/10\/karate--150x150.jpg 150w, https:\/\/marcwiner.com\/wp-content\/uploads\/2023\/10\/karate--768x767.jpg 768w, https:\/\/marcwiner.com\/wp-content\/uploads\/2023\/10\/karate--500x500.jpg 500w, https:\/\/marcwiner.com\/wp-content\/uploads\/2023\/10\/karate--360x360.jpg 360w, https:\/\/marcwiner.com\/wp-content\/uploads\/2023\/10\/karate--750x749.jpg 750w, https:\/\/marcwiner.com\/wp-content\/uploads\/2023\/10\/karate--100x100.jpg 100w\" sizes=\"auto, (max-width: 926px) 100vw, 926px\" \/><figcaption class=\"wp-element-caption\">Foto taget ved mesterskabet i Hauts-de-France i 2018, da jeg kvalificerede mig til det franske mesterskab<\/figcaption><\/figure>\n\n\n\n<p>I begyndelsen var madlavning for mig blot et <strong>middel, der blev retf\u00e6rdiggjort af m\u00e5let<\/strong>: at spise. Som barn havde jeg den irriterende vane altid at finde en l\u00f8sning p\u00e5 alt, is\u00e6r n\u00e5r det gjaldt slik. Ingen bolsjer tilbage i skabet? Intet problem, der er jo sukker, s\u00e5 laver vi bare karamel! Som helt for mine s\u00f8skende i disse &#8220;krigstider&#8221; blev det hurtigt en refleks at afhj\u00e6lpe enhver mangel p\u00e5 forsyninger!<\/p>\n\n\n\n<p>Denne tilgang har formet min passion for madlavning: at genskabe alt det, jeg elsker, og g\u00f8re det <strong>tilg\u00e6ngeligt<\/strong> i ubegr\u00e6nsede m\u00e6ngder!<\/p>\n\n\n\n<p>Siden da har jeg, hver gang jeg smagte en ny ret og kunne lide den, fors\u00f8gt at genskabe den s\u00e5 trofast som muligt derhjemme. Jeg er s\u00e5 heldig hvert \u00e5r at kunne bes\u00f8ge min amerikanske familie i New York; byen og dens etniske kvarterer har v\u00e6ret (og er stadig) mine st\u00f8rste kulinariske inspirationskilder. Der finder man alt: fra <a href=\"https:\/\/marcwiner.com\/da\/kinesiske-kokken\/\">autentisk kinesisk mad<\/a> til <a href=\"https:\/\/marcwiner.com\/da\/japansk-madlavning\/\">japansk mad<\/a>, <a href=\"https:\/\/marcwiner.com\/da\/koreanske-kokken\/\">koreansk mad <\/a>og alt derimellem. Sp\u00f8rg mig endelig om anbefalinger, hvis du tager dertil.<\/p>\n\n\n\n<h3 class=\"wp-block-heading\">Historien om min blog<\/h3>\n\n\n\n<p>Selv om mine studier indimellem var ret kr\u00e6vende, forsvandt min <strong>k\u00e6rlighed til madlavning<\/strong> aldrig. Faktisk var det ofte tanken om, hvad jeg skulle lave til frokost eller aftensmad, der fik mig igennem en h\u00e5rd dag p\u00e5 universitetsbiblioteket.<\/p>\n\n\n\n<p><strong>At perfektionere opskrifter<\/strong> blev endda et lille sideprojekt i eksamensperioderne; under \u00e9n eksamenssession spiste jeg for eksempel kun forskellige varianter af okonomiyaki. Det var hurtigt, afbalanceret og l\u00e6kkert, og jeg kunne <strong>variere det p\u00e5 dusinvis af m\u00e5der<\/strong>.&nbsp;<\/p>\n\n\n\n<figure class=\"wp-block-image aligncenter size-full\"><img loading=\"lazy\" decoding=\"async\" width=\"924\" height=\"1232\" src=\"https:\/\/marcwiner.com\/wp-content\/uploads\/2023\/10\/pure-lifestyle-original-scaled.jpg\" alt=\"Marc mangeant du jambon en travaillant\" class=\"wp-image-10169\" title=\"\" srcset=\"https:\/\/marcwiner.com\/wp-content\/uploads\/2023\/10\/pure-lifestyle-original-scaled.jpg 924w, https:\/\/marcwiner.com\/wp-content\/uploads\/2023\/10\/pure-lifestyle-original-225x300.jpg 225w, https:\/\/marcwiner.com\/wp-content\/uploads\/2023\/10\/pure-lifestyle-original-768x1024.jpg 768w, https:\/\/marcwiner.com\/wp-content\/uploads\/2023\/10\/pure-lifestyle-original-750x1000.jpg 750w\" sizes=\"auto, (max-width: 924px) 100vw, 924px\" \/><figcaption class=\"wp-element-caption\">Eller lidt god iberisk skinke under mit masterstudie i Madrid<\/figcaption><\/figure>\n\n\n\n<p>I l\u00f8bet af mine to sidste \u00e5r p\u00e5 handelsh\u00f8jskolen begyndte jeg at dele min mad p\u00e5 de sociale medier, is\u00e6r p\u00e5 min <a href=\"https:\/\/www.instagram.com\/marcwiner\/\" target=\"_blank\" rel=\"noopener\">Instagram<\/a>-konto. Jeg fandt dog hurtigt formatet lidt begr\u00e6nsende; det passede mig kun halvt, og jeg \u00f8nskede et sted, der var helt mit eget, hvor jeg virkelig kunne udtrykke mig. S\u00e5dan blev <strong>marcwiner.com<\/strong> til.<\/p>\n\n\n\n<p>Hvis du har fulgt mig et stykke tid, ved du, at jeg ogs\u00e5 er rykket over p\u00e5 <a href=\"https:\/\/www.youtube.com\/channel\/UCwqNchlodvWskh19Q-hf4uw\" target=\"_blank\" rel=\"noopener\">Youtube<\/a>, <a href=\"https:\/\/www.tiktok.com\/@marcwiner?lang=fr\" target=\"_blank\" rel=\"noopener\">Tiktok<\/a> og endda i min <a href=\"https:\/\/www.facebook.com\/groups\/314403600621638\" target=\"_blank\" rel=\"noopener\">Facebook-gruppe<\/a>, som nu t\u00e6ller n\u00e6sten 500 000 medlemmer, alle med <strong>min passion for asiatisk madlavning<\/strong>.&nbsp;<\/p>\n\n\n\n<p>Jeg har ogs\u00e5 en ambition om at bek\u00e6mpe kulinarisk glemsel; nu hvor jeg har et dedikeret f\u00e6llesskab, kan jeg let fremh\u00e6ve opskrifter, som offentligheden n\u00e6sten har glemt. Og det er fantastisk.<\/p>\n\n\n\n<p>Kort sagt: Hvis du elsker <strong>autentisk asiatisk mad<\/strong>, forklaret p\u00e5 den <strong>simplest mulige<\/strong> og <strong>ekstremt velsmagende<\/strong> m\u00e5de, er du kommet til det rette sted!<\/p>\n\n\n\n<h3 class=\"wp-block-heading\">Min kulinariske rejse<\/h3>\n\n\n\n<p>Siden jeg lancerede min hjemmeside, har jeg haft mulighed for at deltage i en masse super fede madarrangementer:<\/p>\n\n\n\n<ul class=\"wp-block-list\">\n<li>Jeg var en del af <a href=\"https:\/\/www.instagram.com\/kotechine\/?hl=fr\" target=\"_blank\" rel=\"noopener\">ko-u00e9-chine<\/a> under mine \u00e5r i Louvain-la-Neuve, en studenterforening med fokus p\u00e5 kinesisk kultur, hvor vi organiserede kinesisk nyt\u00e5r for over 300 mennesker<\/li>\n\n\n\n<li>Masterclass om ravioli med den stjernebel\u00f8nnede kok Giovanni Bruno i april 2022<\/li>\n\n\n\n<li>M\u00f8dtes privat og udvekslede flere gange med den trestjernede kok David Martin i 2022 og 2023<\/li>\n\n\n\n<li>M\u00f8dtes og udvekslede med den stjernebel\u00f8nnede kok San Degeimbre i juni 2023<\/li>\n\n\n\n<li>Smagte desserter og udvekslede med den japanske konditormester <a href=\"https:\/\/www.patisserie-sasaki.be\/\" target=\"_blank\" rel=\"noopener\">Yasushi Sasaki<\/a> i marts 2023<\/li>\n\n\n\n<li>L\u00e6rte og forfinede hos en lokal thailandsk chef tilknyttet <a href=\"https:\/\/phuket.burasari.com\/\" target=\"_blank\" rel=\"noopener\">h\u00f4tel Burasari<\/a> i Thailand at lave \u00e6gte <a href=\"\/da\/?p=36691\">Pad Thai<\/a> og <a href=\"https:\/\/marcwiner.com\/da\/som-tam\/\">Som tam<\/a><\/li>\n\n\n\n<li>Tilberedte og serverede spyd p\u00e5 et thailandsk natmarked under min rejse i 2023<\/li>\n\n\n\n<li>L\u00e6rte traditionelle madlavningsteknikker af tyrkiske kokke ved den syriske gr\u00e6nse i 2023<\/li>\n\n\n\n<li>Lavede japanske pandekager under Made In Asia 2023<\/li>\n<\/ul>\n\n\n\n<figure class=\"wp-block-gallery has-nested-images columns-default is-cropped wp-block-gallery-1 is-layout-flex wp-block-gallery-is-layout-flex\">\n<figure class=\"wp-block-image size-full\"><img loading=\"lazy\" decoding=\"async\" width=\"924\" height=\"1232\" data-id=\"10166\" src=\"https:\/\/marcwiner.com\/wp-content\/uploads\/2023\/10\/sasaki.jpg\" alt=\"Chef P\u00e2tissier Sasaki\" class=\"wp-image-10166\" title=\"\" srcset=\"https:\/\/marcwiner.com\/wp-content\/uploads\/2023\/10\/sasaki.jpg 924w, https:\/\/marcwiner.com\/wp-content\/uploads\/2023\/10\/sasaki-225x300.jpg 225w, https:\/\/marcwiner.com\/wp-content\/uploads\/2023\/10\/sasaki-768x1024.jpg 768w, https:\/\/marcwiner.com\/wp-content\/uploads\/2023\/10\/sasaki-750x1000.jpg 750w\" sizes=\"auto, (max-width: 924px) 100vw, 924px\" \/><\/figure>\n\n\n\n<figure class=\"wp-block-image size-full\"><img loading=\"lazy\" decoding=\"async\" width=\"924\" height=\"1232\" data-id=\"10165\" src=\"https:\/\/marcwiner.com\/wp-content\/uploads\/2023\/10\/San-degeimbre-scaled.jpg\" alt=\"Chef San Degeimbre\" class=\"wp-image-10165\" title=\"\" srcset=\"https:\/\/marcwiner.com\/wp-content\/uploads\/2023\/10\/San-degeimbre-scaled.jpg 924w, https:\/\/marcwiner.com\/wp-content\/uploads\/2023\/10\/San-degeimbre-225x300.jpg 225w, https:\/\/marcwiner.com\/wp-content\/uploads\/2023\/10\/San-degeimbre-768x1024.jpg 768w, https:\/\/marcwiner.com\/wp-content\/uploads\/2023\/10\/San-degeimbre-750x1000.jpg 750w\" sizes=\"auto, (max-width: 924px) 100vw, 924px\" \/><\/figure>\n\n\n\n<figure class=\"wp-block-image size-full\"><img loading=\"lazy\" decoding=\"async\" width=\"1232\" height=\"924\" data-id=\"10163\" src=\"https:\/\/marcwiner.com\/wp-content\/uploads\/2023\/10\/nightmarket-brochettes-scaled.jpg\" alt=\"Brochettes au nightmarket de krabi\" class=\"wp-image-10163\" title=\"\" srcset=\"https:\/\/marcwiner.com\/wp-content\/uploads\/2023\/10\/nightmarket-brochettes-scaled.jpg 1232w, https:\/\/marcwiner.com\/wp-content\/uploads\/2023\/10\/nightmarket-brochettes-300x225.jpg 300w, https:\/\/marcwiner.com\/wp-content\/uploads\/2023\/10\/nightmarket-brochettes-1024x768.jpg 1024w, https:\/\/marcwiner.com\/wp-content\/uploads\/2023\/10\/nightmarket-brochettes-768x576.jpg 768w, https:\/\/marcwiner.com\/wp-content\/uploads\/2023\/10\/nightmarket-brochettes-500x375.jpg 500w, https:\/\/marcwiner.com\/wp-content\/uploads\/2023\/10\/nightmarket-brochettes-750x563.jpg 750w\" sizes=\"auto, (max-width: 1232px) 100vw, 1232px\" \/><\/figure>\n\n\n\n<figure class=\"wp-block-image size-full\"><img loading=\"lazy\" decoding=\"async\" width=\"924\" height=\"1386\" data-id=\"10164\" src=\"https:\/\/marcwiner.com\/wp-content\/uploads\/2023\/10\/pancakes-japonais-preparation-de-moi.jpg\" alt=\"R\u00e9alisation de pancakes japonais\" class=\"wp-image-10164\" title=\"\" srcset=\"https:\/\/marcwiner.com\/wp-content\/uploads\/2023\/10\/pancakes-japonais-preparation-de-moi.jpg 924w, https:\/\/marcwiner.com\/wp-content\/uploads\/2023\/10\/pancakes-japonais-preparation-de-moi-200x300.jpg 200w, https:\/\/marcwiner.com\/wp-content\/uploads\/2023\/10\/pancakes-japonais-preparation-de-moi-683x1024.jpg 683w, https:\/\/marcwiner.com\/wp-content\/uploads\/2023\/10\/pancakes-japonais-preparation-de-moi-768x1152.jpg 768w, https:\/\/marcwiner.com\/wp-content\/uploads\/2023\/10\/pancakes-japonais-preparation-de-moi-360x540.jpg 360w, https:\/\/marcwiner.com\/wp-content\/uploads\/2023\/10\/pancakes-japonais-preparation-de-moi-720x1080.jpg 720w, https:\/\/marcwiner.com\/wp-content\/uploads\/2023\/10\/pancakes-japonais-preparation-de-moi-750x1125.jpg 750w\" sizes=\"auto, (max-width: 924px) 100vw, 924px\" \/><\/figure>\n\n\n\n<figure class=\"wp-block-image size-full\"><img loading=\"lazy\" decoding=\"async\" width=\"924\" height=\"1232\" data-id=\"10159\" src=\"https:\/\/marcwiner.com\/wp-content\/uploads\/2023\/10\/cheffe-burasari-scaled.jpg\" alt=\"Cheffe en tha\u00eflande m&#039;apprenant le pad tha\u00ef\" class=\"wp-image-10159\" title=\"\" srcset=\"https:\/\/marcwiner.com\/wp-content\/uploads\/2023\/10\/cheffe-burasari-scaled.jpg 924w, https:\/\/marcwiner.com\/wp-content\/uploads\/2023\/10\/cheffe-burasari-225x300.jpg 225w, https:\/\/marcwiner.com\/wp-content\/uploads\/2023\/10\/cheffe-burasari-768x1024.jpg 768w, https:\/\/marcwiner.com\/wp-content\/uploads\/2023\/10\/cheffe-burasari-750x1000.jpg 750w\" sizes=\"auto, (max-width: 924px) 100vw, 924px\" \/><\/figure>\n\n\n\n<figure class=\"wp-block-image size-full\"><img loading=\"lazy\" decoding=\"async\" width=\"924\" height=\"1175\" data-id=\"10160\" src=\"https:\/\/marcwiner.com\/wp-content\/uploads\/2023\/10\/Giovanni-Bruno.jpg\" alt=\"Chef \u00e9toil\u00e9 Giovanni Bruno pr\u00e9parant des raviolis\" class=\"wp-image-10160\" title=\"\" srcset=\"https:\/\/marcwiner.com\/wp-content\/uploads\/2023\/10\/Giovanni-Bruno.jpg 924w, https:\/\/marcwiner.com\/wp-content\/uploads\/2023\/10\/Giovanni-Bruno-236x300.jpg 236w, https:\/\/marcwiner.com\/wp-content\/uploads\/2023\/10\/Giovanni-Bruno-805x1024.jpg 805w, https:\/\/marcwiner.com\/wp-content\/uploads\/2023\/10\/Giovanni-Bruno-768x976.jpg 768w, https:\/\/marcwiner.com\/wp-content\/uploads\/2023\/10\/Giovanni-Bruno-750x954.jpg 750w\" sizes=\"auto, (max-width: 924px) 100vw, 924px\" \/><\/figure>\n\n\n\n<figure class=\"wp-block-image size-full\"><img loading=\"lazy\" decoding=\"async\" width=\"924\" height=\"1232\" data-id=\"10158\" src=\"https:\/\/marcwiner.com\/wp-content\/uploads\/2023\/10\/Chef-turc-scaled.jpg\" alt=\"chef turc et Marc\" class=\"wp-image-10158\" title=\"\" srcset=\"https:\/\/marcwiner.com\/wp-content\/uploads\/2023\/10\/Chef-turc-scaled.jpg 924w, https:\/\/marcwiner.com\/wp-content\/uploads\/2023\/10\/Chef-turc-225x300.jpg 225w, https:\/\/marcwiner.com\/wp-content\/uploads\/2023\/10\/Chef-turc-768x1024.jpg 768w, https:\/\/marcwiner.com\/wp-content\/uploads\/2023\/10\/Chef-turc-750x1000.jpg 750w\" sizes=\"auto, (max-width: 924px) 100vw, 924px\" \/><\/figure>\n<\/figure>\n\n\n\n<h3 class=\"wp-block-heading\">Min uddannelse<\/h3>\n\n\n\n<p><strong>Bachelor i \u00f8konomi og ledelse <\/strong>&#8211; <a href=\"https:\/\/uclouvain.be\/fr\/index.html\" target=\"_blank\" rel=\"noopener\">UCLouvain<\/a> &#8211; Louvain-La-Neuve, Belgique<\/p>\n\n\n\n<p><strong>Master i management, specialisering i international handel<\/strong> &#8211; <a href=\"https:\/\/www.ie.edu\/business-school\/\" target=\"_blank\" rel=\"noopener\">ie Business School<\/a> &#8211; Madrid, Espagne<\/p>\n\n\n\n<figure class=\"wp-block-image aligncenter size-full\"><img loading=\"lazy\" decoding=\"async\" width=\"1084\" height=\"1084\" src=\"https:\/\/marcwiner.com\/wp-content\/uploads\/2023\/10\/graduation-ie-business-school-vrai.webp\" alt=\"marc \u00e0 la graduation de l&#039;ie business school\" class=\"wp-image-10161\" title=\"\" srcset=\"https:\/\/marcwiner.com\/wp-content\/uploads\/2023\/10\/graduation-ie-business-school-vrai.webp 1084w, https:\/\/marcwiner.com\/wp-content\/uploads\/2023\/10\/graduation-ie-business-school-vrai-300x300.webp 300w, https:\/\/marcwiner.com\/wp-content\/uploads\/2023\/10\/graduation-ie-business-school-vrai-1024x1024.webp 1024w, https:\/\/marcwiner.com\/wp-content\/uploads\/2023\/10\/graduation-ie-business-school-vrai-150x150.webp 150w, https:\/\/marcwiner.com\/wp-content\/uploads\/2023\/10\/graduation-ie-business-school-vrai-768x768.webp 768w, https:\/\/marcwiner.com\/wp-content\/uploads\/2023\/10\/graduation-ie-business-school-vrai-500x500.webp 500w, https:\/\/marcwiner.com\/wp-content\/uploads\/2023\/10\/graduation-ie-business-school-vrai-360x360.webp 360w, https:\/\/marcwiner.com\/wp-content\/uploads\/2023\/10\/graduation-ie-business-school-vrai-750x750.webp 750w, https:\/\/marcwiner.com\/wp-content\/uploads\/2023\/10\/graduation-ie-business-school-vrai-100x100.webp 100w\" sizes=\"auto, (max-width: 1084px) 100vw, 1084px\" \/><\/figure>\n\n\n\n<h3 class=\"wp-block-heading\">Interviews og presse<\/h3>\n\n\n\n<ul class=\"wp-block-list\">\n<li><a href=\"https:\/\/www.madeinasia.be\/fr\/retrouvez-vos-plats-asiatiques-favoris-du-festival-sur-le-site-de-marc-winer\/\" target=\"_blank\" rel=\"noopener\">Made In Asia<\/a><\/li>\n\n\n\n<li><a href=\"https:\/\/www.lesoir.be\/509928\/article\/2023-04-27\/les-rouleaux-de-printemps-nattendent-que-le-beau-temps\" target=\"_blank\" rel=\"noopener\">Le Soir &#8211; Om for\u00e5rsruller<\/a><\/li>\n\n\n\n<li><a href=\"https:\/\/www.sudinfo.be\/art\/906826\/article\/2022-02-13\/tournai-les-recettes-allechantes-de-marc-winer-cartonnent-sur-internet\" target=\"_blank\" rel=\"noopener\">Sudinfo &#8211; Marc Winers opskrifter hitter p\u00e5 internettet<\/a><\/li>\n\n\n\n<li><a href=\"https:\/\/www.madmoizelle.com\/3-comptes-instagram-de-recettes-qui-vont-regaler-vos-papilles-1448635\" target=\"_blank\" rel=\"noopener\">Madmoizelle &#8211; 3 Instagram-konti, der vil fork\u00e6le dine smagsl\u00f8g<\/a><\/li>\n\n\n\n<li><a href=\"https:\/\/soirmag.lesoir.be\/463456\/article\/2022-09-05\/rumsteak-jarret-filet-onglet-araignee-poitrine-tout-se-mange-aussi-dans-le-boeuf\" target=\"_blank\" rel=\"noopener\">Le Soir &#8211; Om oksek\u00f8d<\/a><\/li>\n\n\n\n<li><a href=\"https:\/\/www.notele.be\/it61-media110392-vu-du-web-les-pompiers-plongeurs-de-wallonie-picarde-les-codes-du-theatre-pour-les-enfants-et-les-recettes-de-marc-winer.html\" target=\"_blank\" rel=\"noopener\">Not\u00e9l\u00e9 &#8211; Vu du Web &#8211; Marc Winers opskrifter<\/a><\/li>\n\n\n\n<li><a href=\"https:\/\/sosoir.lesoir.be\/618156\/article\/2024-08-26\/pourquoi-de-plus-en-plus-de-restos-proposent-ils-cette-specialite-asiatique\" target=\"_blank\" rel=\"noopener\">Sosoir &#8211; Om asiatisk friturestegt kylling<\/a><\/li>\n<\/ul>\n\n\n\n<h3 class=\"wp-block-heading\">Digitale medier og bloggerkolleger<\/h3>\n\n\n\n<p><a href=\"https:\/\/lestresorsdelavie.phonghg.fr\/2023\/05\/30\/site-de-cuisine-de-marc-winer\/\" target=\"_blank\" rel=\"noopener\">Marc Winers madside &#8211; Livets skatte<\/a><\/p>\n\n\n\n<p><a href=\"https:\/\/mafiarose.com\/marc-winer-sake-manger-la-cuisine-asiatique-simplifie\/\" target=\"_blank\" rel=\"noopener\">Marc Winer, sake, spis! Forenklet asiatisk madlavning &#8211; Mafia Rose<\/a><\/p>\n\n\n\n<p><a href=\"http:\/\/valeriepassioncuisine.over-blog.com\/2023\/03\/tteokbokki-au-poulet-et-legumes-sauce-epicee.html\" rel=\"nofollow noopener\" target=\"_blank\">Tteokbokki &#8211; Val3rie Passion cuisine<\/a><\/p>\n","protected":false},"excerpt":{"rendered":"<p>Hej til dig! Velkommen til min blog!&nbsp; Jeg er virkelig glad for at l\u00e6re dig at kende. Jeg hedder Marc, madelsker (og is\u00e6r hvidl\u00f8gsfan), og jeg er passioneret kok. I mere end 3 \u00e5r har jeg v\u00e6ret kulinarisk indholdsskaber. Jeg startede egentlig inden for \u00f8konomi og international handel, men s\u00e5 [&hellip;]<\/p>\n","protected":false},"author":1,"featured_media":2156,"parent":0,"menu_order":0,"comment_status":"closed","ping_status":"closed","template":"","meta":{"_acf_changed":false,"wprm-recipe-roundup-name":"","wprm-recipe-roundup-description":"","wpupg_custom_link":[],"wpupg_custom_link_behaviour":[],"wpupg_custom_link_nofollow":[],"wpupg_custom_image":[],"wpupg_custom_image_id":[],"footnotes":""},"class_list":["post-36759","page","type-page","status-publish","has-post-thumbnail","hentry"],"acf":[],"memberpress":{"is_locked":false},"_links":{"self":[{"href":"https:\/\/marcwiner.com\/da\/wp-json\/wp\/v2\/pages\/36759","targetHints":{"allow":["GET"]}}],"collection":[{"href":"https:\/\/marcwiner.com\/da\/wp-json\/wp\/v2\/pages"}],"about":[{"href":"https:\/\/marcwiner.com\/da\/wp-json\/wp\/v2\/types\/page"}],"author":[{"embeddable":true,"href":"https:\/\/marcwiner.com\/da\/wp-json\/wp\/v2\/users\/1"}],"replies":[{"embeddable":true,"href":"https:\/\/marcwiner.com\/da\/wp-json\/wp\/v2\/comments?post=36759"}],"version-history":[{"count":0,"href":"https:\/\/marcwiner.com\/da\/wp-json\/wp\/v2\/pages\/36759\/revisions"}],"wp:featuredmedia":[{"embeddable":true,"href":"https:\/\/marcwiner.com\/da\/wp-json\/wp\/v2\/media\/2156"}],"wp:attachment":[{"href":"https:\/\/marcwiner.com\/da\/wp-json\/wp\/v2\/media?parent=36759"}],"curies":[{"name":"wp","href":"https:\/\/api.w.org\/{rel}","templated":true}]}}